{"id":1003139,"date":"2024-06-03T14:00:51","date_gmt":"2024-06-03T14:00:51","guid":{"rendered":"https:\/\/tecnologiaparalaindustria.com\/?page_id=1003139"},"modified":"2024-06-03T15:04:32","modified_gmt":"2024-06-03T15:04:32","slug":"catalogo-tpi-productos-digitales","status":"publish","type":"page","link":"https:\/\/tecnologiaparalaindustria.com\/en\/catalogo-tpi-productos-digitales\/","title":{"rendered":"TPI CATALOGUE DIGITAL PRODUCTS"},"content":{"rendered":"<p>TPI CATALOGUE<\/p>\n<h1>\n\t\tPRODUCTOS DIGITALES\n\t<\/h1>\n\t<p>Download our catalogue and discover how to maximise your ROI with effective strategies, obtain high quality leads, and access detailed data that will drive your growth in the industrial market.<\/p>\n\t\t\t<a href=\"\" target=\"_self\" rel=\"noopener\">\n\t\t\t\t\t\t\tVIEW CATALOGUE\n\t\t\t\t\t<\/a>\n\t<p><strong>Find out everything you need to know to increase your sales and improve your positioning in the industrial market.<\/strong><\/p>\n<h2>\n\t\tIn this catalogue you will find\n\t<\/h2>\n\t\t<h3>All our products<\/h3>\n\t\t\t<p>A complete list of the products offered by Technology for Industry, detailing their specifications and benefits.<\/p>\t\t\n\t\t<h3>Statistics and success metrics<\/h3>\n\t\t\t<p>Concrete data demonstrating the effectiveness of our solutions and their positive impact on our customers' performance.<\/p>\t\t\n<h2>\n\t\tService Information\n\t<\/h2>\n\t<p>Details of all the services we offer, including:<\/p>\n\t<ul>\n\t\t\t<li>\n\t\t\t\t<b>Advertising Banners:<\/b> Digital advertising strategies to increase the visibility of your brand.\n\t\t\t<\/li>\n\t\t\t<li>\n\t\t\t\t<b>Online Advertising:<\/b> Targeted campaigns to capture the attention of your target audience.\n\t\t\t<\/li>\n\t\t\t<li>\n\t\t\t\t<b>Webinars:<\/b> Educational and training programmes designed to attract and educate potential customers.\n\t\t\t<\/li>\n\t\t\t<li>\n\t\t\t\t<b>Video editing:<\/b> Video production and editing services to improve the presentation of your products and services.\n\t\t\t<\/li>\n\t\t\t<li>\n\t\t\t\t<b>Lead Generation:<\/b> Advanced techniques and tools to generate high quality leads and accelerate your sales process.\n\t\t\t<\/li>\n\t\t<\/ul>\n\t\t\t<a href=\"\" target=\"_self\" rel=\"noopener\">\n\t\t\t\t\t\t\tVIEW CATALOGUE\n\t\t\t\t\t<\/a>\n\t\t\t\t<img loading=\"lazy\" decoding=\"async\" src=\"https:\/\/tecnologiaparalaindustria.com\/wp-content\/uploads\/2024\/03\/Cambio-de-PLC-5-y-ES-1771-jpg.webp\" alt=\"Cambio de PLC-5 y E\/S 1771\" itemprop=\"image\" height=\"628\" width=\"1200\" title=\"Change of PLC-5 and E:S 1771\" onerror=\"this.style.display='none'\"  \/>\n\t<img decoding=\"async\" src=\"https:\/\/fast.wistia.com\/embed\/medias\/6589ca8tfd\/swatch\" alt=\"\" aria-hidden=\"true\" onload=\"this.parentNode.style.opacity=1;\" \/>\n<h2>\n\t\tWhy choose Technology for Industry?\n\t<\/h2>\n\t<p>At Technology for Industry, we transform your content strategy into concrete results. We generate high-quality leads that are actually ready to buy. With over 20,000 technical buyers in our database and content that attracts over 50,000 monthly visits, we deliver not just visibility, but verifiable results.<\/p>\n\t<ul>\n\t\t\t<li>\n\t\t\t\t<b>Precise target customers:<\/b> We target exactly who you need: technical decision-makers with clear buying intentions.\n\t\t\t<\/li>\n\t\t\t<li>\n\t\t\t\t<b>Detailed data:<\/b> We provide detailed behavioural, interest and traceability data to optimise your marketing strategy.\n\t\t\t<\/li>\n\t\t<\/ul>\n\t\t\t<a href=\"\" target=\"_self\" rel=\"noopener\">\n\t\t\t\t\t\t\tVIEW CATALOGUE\n\t\t\t\t\t<\/a>\n\t<p>Download our catalogue now and discover how our solutions can transform your industrial marketing strategy, increase your sales and improve your market positioning.<\/p>\n\t\t\t<a href=\"\" target=\"_self\" rel=\"noopener\">\n\t\t\t\t\t\t\tVIEW CATALOGUE\n\t\t\t\t\t<\/a>\n\t\t<h4>\n\t\t\tModal Box\n\t\t\t\t\t<\/h4>\n\t\t<h5>modal-<\/h5>\n\t\tClick here to edit the \u00abmodal-box\u00bb settings. This text is only for editing and will not appear after you publish the changes.\t\n\t\t\t\t\t\tPreview\n\t\t\tmodal-\n\t\t\t\t\t\t\t\t\t\t\t<h4 id=\"modal-title-\">Fill in the form to access the catalogue<\/h4>\t\t\t\t\t\t\t\t\t\t\t\t\t\t\t\t\n\t\t\t\t\t\t<!-- SharpSpring Form for CAT\u00c1LOGO TPI - PRODUCTOS DIGITALES  -->","protected":false},"excerpt":{"rendered":"<p>CAT\u00c1LOGO TPI PRODUCTOS DIGITALES Descarga nuestro cat\u00e1logo y descubre c\u00f3mo maximizar tu retorno de la inversi\u00f3n con estrategias efectivas, obtener leads de alta calidad, y acceder a datos detallados que &hellip;<\/p>","protected":false},"author":2,"featured_media":0,"parent":0,"menu_order":0,"comment_status":"closed","ping_status":"closed","template":"","meta":{"_acf_changed":true,"_genesis_hide_title":false,"_genesis_hide_breadcrumbs":false,"_genesis_hide_singular_image":false,"_genesis_hide_footer_widgets":false,"_genesis_custom_body_class":"","_genesis_custom_post_class":"","_genesis_layout":"","footnotes":""},"class_list":["page","type-page","entry"],"yoast_head":"<!-- This site is optimized with the Yoast SEO plugin v27.3 - https:\/\/yoast.com\/product\/yoast-seo-wordpress\/ -->\n<title>CAT\u00c1LOGO TPI PRODUCTOS DIGITALES - Tecnolog\u00eda para la Industria<\/title>\n<meta name=\"robots\" content=\"index, follow, max-snippet:-1, max-image-preview:large, max-video-preview:-1\" \/>\n<link rel=\"canonical\" href=\"https:\/\/tecnologiaparalaindustria.com\/en\/catalogo-tpi-productos-digitales\/\" \/>\n<meta property=\"og:locale\" content=\"en_GB\" \/>\n<meta property=\"og:type\" content=\"article\" \/>\n<meta property=\"og:title\" content=\"CAT\u00c1LOGO TPI PRODUCTOS DIGITALES - Tecnolog\u00eda para la Industria\" \/>\n<meta property=\"og:description\" content=\"CAT\u00c1LOGO TPI PRODUCTOS DIGITALES Descarga nuestro cat\u00e1logo y descubre c\u00f3mo maximizar tu retorno de la inversi\u00f3n con estrategias efectivas, obtener leads de alta calidad, y acceder a datos detallados que &hellip;\" \/>\n<meta property=\"og:url\" content=\"https:\/\/tecnologiaparalaindustria.com\/en\/catalogo-tpi-productos-digitales\/\" \/>\n<meta property=\"og:site_name\" content=\"Tecnolog\u00eda para la Industria\" \/>\n<meta property=\"article:publisher\" content=\"https:\/\/www.facebook.com\/tecnologiaparalaindustria\" \/>\n<meta property=\"article:modified_time\" content=\"2024-06-03T15:04:32+00:00\" \/>\n<meta property=\"og:image\" content=\"https:\/\/tecnologiaparalaindustria.com\/wp-content\/uploads\/2024\/03\/Cambio-de-PLC-5-y-ES-1771-jpg.webp\" \/>\n<meta name=\"twitter:card\" content=\"summary_large_image\" \/>\n<meta name=\"twitter:label1\" content=\"Est. reading time\" \/>\n\t<meta name=\"twitter:data1\" content=\"3 minutes\" \/>\n<script type=\"application\/ld+json\" class=\"yoast-schema-graph\">{\"@context\":\"https:\\\/\\\/schema.org\",\"@graph\":[{\"@type\":\"WebPage\",\"@id\":\"https:\\\/\\\/tecnologiaparalaindustria.com\\\/catalogo-tpi-productos-digitales\\\/\",\"url\":\"https:\\\/\\\/tecnologiaparalaindustria.com\\\/catalogo-tpi-productos-digitales\\\/\",\"name\":\"CAT\u00c1LOGO TPI PRODUCTOS DIGITALES - Tecnolog\u00eda para la Industria\",\"isPartOf\":{\"@id\":\"https:\\\/\\\/tecnologiaparalaindustria.com\\\/#website\"},\"primaryImageOfPage\":{\"@id\":\"https:\\\/\\\/tecnologiaparalaindustria.com\\\/catalogo-tpi-productos-digitales\\\/#primaryimage\"},\"image\":{\"@id\":\"https:\\\/\\\/tecnologiaparalaindustria.com\\\/catalogo-tpi-productos-digitales\\\/#primaryimage\"},\"thumbnailUrl\":\"https:\\\/\\\/tecnologiaparalaindustria.com\\\/wp-content\\\/uploads\\\/2024\\\/03\\\/Cambio-de-PLC-5-y-ES-1771-jpg.webp\",\"datePublished\":\"2024-06-03T14:00:51+00:00\",\"dateModified\":\"2024-06-03T15:04:32+00:00\",\"breadcrumb\":{\"@id\":\"https:\\\/\\\/tecnologiaparalaindustria.com\\\/catalogo-tpi-productos-digitales\\\/#breadcrumb\"},\"inLanguage\":\"en-GB\",\"potentialAction\":[{\"@type\":\"ReadAction\",\"target\":[\"https:\\\/\\\/tecnologiaparalaindustria.com\\\/catalogo-tpi-productos-digitales\\\/\"]}]},{\"@type\":\"ImageObject\",\"inLanguage\":\"en-GB\",\"@id\":\"https:\\\/\\\/tecnologiaparalaindustria.com\\\/catalogo-tpi-productos-digitales\\\/#primaryimage\",\"url\":\"https:\\\/\\\/tecnologiaparalaindustria.com\\\/wp-content\\\/uploads\\\/2024\\\/03\\\/Cambio-de-PLC-5-y-ES-1771-jpg.webp\",\"contentUrl\":\"https:\\\/\\\/tecnologiaparalaindustria.com\\\/wp-content\\\/uploads\\\/2024\\\/03\\\/Cambio-de-PLC-5-y-ES-1771-jpg.webp\"},{\"@type\":\"BreadcrumbList\",\"@id\":\"https:\\\/\\\/tecnologiaparalaindustria.com\\\/catalogo-tpi-productos-digitales\\\/#breadcrumb\",\"itemListElement\":[{\"@type\":\"ListItem\",\"position\":1,\"name\":\"Home\",\"item\":\"https:\\\/\\\/tecnologiaparalaindustria.com\\\/\"},{\"@type\":\"ListItem\",\"position\":2,\"name\":\"CAT\u00c1LOGO TPI PRODUCTOS DIGITALES\"}]},{\"@type\":\"WebSite\",\"@id\":\"https:\\\/\\\/tecnologiaparalaindustria.com\\\/#website\",\"url\":\"https:\\\/\\\/tecnologiaparalaindustria.com\\\/\",\"name\":\"Tecnolog\u00eda para la Industria\",\"description\":\"Soluciones tecnol\u00f3gicas para plantas industriales\",\"publisher\":{\"@id\":\"https:\\\/\\\/tecnologiaparalaindustria.com\\\/#organization\"},\"potentialAction\":[{\"@type\":\"SearchAction\",\"target\":{\"@type\":\"EntryPoint\",\"urlTemplate\":\"https:\\\/\\\/tecnologiaparalaindustria.com\\\/?s={search_term_string}\"},\"query-input\":{\"@type\":\"PropertyValueSpecification\",\"valueRequired\":true,\"valueName\":\"search_term_string\"}}],\"inLanguage\":\"en-GB\"},{\"@type\":\"Organization\",\"@id\":\"https:\\\/\\\/tecnologiaparalaindustria.com\\\/#organization\",\"name\":\"TPI - Tecnolog\u00eda para la Industria\",\"url\":\"https:\\\/\\\/tecnologiaparalaindustria.com\\\/\",\"logo\":{\"@type\":\"ImageObject\",\"inLanguage\":\"en-GB\",\"@id\":\"https:\\\/\\\/tecnologiaparalaindustria.com\\\/#\\\/schema\\\/logo\\\/image\\\/\",\"url\":\"https:\\\/\\\/tecnologiaparalaindustria.com\\\/wp-content\\\/uploads\\\/2020\\\/08\\\/cropped-LOGO-FONDO-BLANCO.png\",\"contentUrl\":\"https:\\\/\\\/tecnologiaparalaindustria.com\\\/wp-content\\\/uploads\\\/2020\\\/08\\\/cropped-LOGO-FONDO-BLANCO.png\",\"width\":520,\"height\":289,\"caption\":\"TPI - Tecnolog\u00eda para la Industria\"},\"image\":{\"@id\":\"https:\\\/\\\/tecnologiaparalaindustria.com\\\/#\\\/schema\\\/logo\\\/image\\\/\"},\"sameAs\":[\"https:\\\/\\\/www.facebook.com\\\/tecnologiaparalaindustria\",\"https:\\\/\\\/www.instagram.com\\\/tecnologiaparalaindustria\\\/\"]}]}<\/script>\n<!-- \/ Yoast SEO plugin. -->","yoast_head_json":{"title":"CAT\u00c1LOGO TPI PRODUCTOS DIGITALES - Tecnolog\u00eda para la Industria","robots":{"index":"index","follow":"follow","max-snippet":"max-snippet:-1","max-image-preview":"max-image-preview:large","max-video-preview":"max-video-preview:-1"},"canonical":"https:\/\/tecnologiaparalaindustria.com\/en\/catalogo-tpi-productos-digitales\/","og_locale":"en_GB","og_type":"article","og_title":"CAT\u00c1LOGO TPI PRODUCTOS DIGITALES - Tecnolog\u00eda para la Industria","og_description":"CAT\u00c1LOGO TPI PRODUCTOS DIGITALES Descarga nuestro cat\u00e1logo y descubre c\u00f3mo maximizar tu retorno de la inversi\u00f3n con estrategias efectivas, obtener leads de alta calidad, y acceder a datos detallados que &hellip;","og_url":"https:\/\/tecnologiaparalaindustria.com\/en\/catalogo-tpi-productos-digitales\/","og_site_name":"Tecnolog\u00eda para la Industria","article_publisher":"https:\/\/www.facebook.com\/tecnologiaparalaindustria","article_modified_time":"2024-06-03T15:04:32+00:00","og_image":[{"url":"https:\/\/tecnologiaparalaindustria.com\/wp-content\/uploads\/2024\/03\/Cambio-de-PLC-5-y-ES-1771-jpg.webp","type":"","width":"","height":""}],"twitter_card":"summary_large_image","twitter_misc":{"Est. reading time":"3 minutes"},"schema":{"@context":"https:\/\/schema.org","@graph":[{"@type":"WebPage","@id":"https:\/\/tecnologiaparalaindustria.com\/catalogo-tpi-productos-digitales\/","url":"https:\/\/tecnologiaparalaindustria.com\/catalogo-tpi-productos-digitales\/","name":"CAT\u00c1LOGO TPI PRODUCTOS DIGITALES - Tecnolog\u00eda para la Industria","isPartOf":{"@id":"https:\/\/tecnologiaparalaindustria.com\/#website"},"primaryImageOfPage":{"@id":"https:\/\/tecnologiaparalaindustria.com\/catalogo-tpi-productos-digitales\/#primaryimage"},"image":{"@id":"https:\/\/tecnologiaparalaindustria.com\/catalogo-tpi-productos-digitales\/#primaryimage"},"thumbnailUrl":"https:\/\/tecnologiaparalaindustria.com\/wp-content\/uploads\/2024\/03\/Cambio-de-PLC-5-y-ES-1771-jpg.webp","datePublished":"2024-06-03T14:00:51+00:00","dateModified":"2024-06-03T15:04:32+00:00","breadcrumb":{"@id":"https:\/\/tecnologiaparalaindustria.com\/catalogo-tpi-productos-digitales\/#breadcrumb"},"inLanguage":"en-GB","potentialAction":[{"@type":"ReadAction","target":["https:\/\/tecnologiaparalaindustria.com\/catalogo-tpi-productos-digitales\/"]}]},{"@type":"ImageObject","inLanguage":"en-GB","@id":"https:\/\/tecnologiaparalaindustria.com\/catalogo-tpi-productos-digitales\/#primaryimage","url":"https:\/\/tecnologiaparalaindustria.com\/wp-content\/uploads\/2024\/03\/Cambio-de-PLC-5-y-ES-1771-jpg.webp","contentUrl":"https:\/\/tecnologiaparalaindustria.com\/wp-content\/uploads\/2024\/03\/Cambio-de-PLC-5-y-ES-1771-jpg.webp"},{"@type":"BreadcrumbList","@id":"https:\/\/tecnologiaparalaindustria.com\/catalogo-tpi-productos-digitales\/#breadcrumb","itemListElement":[{"@type":"ListItem","position":1,"name":"Home","item":"https:\/\/tecnologiaparalaindustria.com\/"},{"@type":"ListItem","position":2,"name":"CAT\u00c1LOGO TPI PRODUCTOS DIGITALES"}]},{"@type":"WebSite","@id":"https:\/\/tecnologiaparalaindustria.com\/#website","url":"https:\/\/tecnologiaparalaindustria.com\/","name":"Technology for Industry","description":"Technological solutions for industrial plants","publisher":{"@id":"https:\/\/tecnologiaparalaindustria.com\/#organization"},"potentialAction":[{"@type":"SearchAction","target":{"@type":"EntryPoint","urlTemplate":"https:\/\/tecnologiaparalaindustria.com\/?s={search_term_string}"},"query-input":{"@type":"PropertyValueSpecification","valueRequired":true,"valueName":"search_term_string"}}],"inLanguage":"en-GB"},{"@type":"Organization","@id":"https:\/\/tecnologiaparalaindustria.com\/#organization","name":"TPI - Technology for Industry","url":"https:\/\/tecnologiaparalaindustria.com\/","logo":{"@type":"ImageObject","inLanguage":"en-GB","@id":"https:\/\/tecnologiaparalaindustria.com\/#\/schema\/logo\/image\/","url":"https:\/\/tecnologiaparalaindustria.com\/wp-content\/uploads\/2020\/08\/cropped-LOGO-FONDO-BLANCO.png","contentUrl":"https:\/\/tecnologiaparalaindustria.com\/wp-content\/uploads\/2020\/08\/cropped-LOGO-FONDO-BLANCO.png","width":520,"height":289,"caption":"TPI - Tecnolog\u00eda para la Industria"},"image":{"@id":"https:\/\/tecnologiaparalaindustria.com\/#\/schema\/logo\/image\/"},"sameAs":["https:\/\/www.facebook.com\/tecnologiaparalaindustria","https:\/\/www.instagram.com\/tecnologiaparalaindustria\/"]}]}},"featured_image_src":null,"featured_image_src_square":null,"acf":[],"_links":{"self":[{"href":"https:\/\/tecnologiaparalaindustria.com\/en\/wp-json\/wp\/v2\/pages\/1003139","targetHints":{"allow":["GET"]}}],"collection":[{"href":"https:\/\/tecnologiaparalaindustria.com\/en\/wp-json\/wp\/v2\/pages"}],"about":[{"href":"https:\/\/tecnologiaparalaindustria.com\/en\/wp-json\/wp\/v2\/types\/page"}],"author":[{"embeddable":true,"href":"https:\/\/tecnologiaparalaindustria.com\/en\/wp-json\/wp\/v2\/users\/2"}],"replies":[{"embeddable":true,"href":"https:\/\/tecnologiaparalaindustria.com\/en\/wp-json\/wp\/v2\/comments?post=1003139"}],"version-history":[{"count":0,"href":"https:\/\/tecnologiaparalaindustria.com\/en\/wp-json\/wp\/v2\/pages\/1003139\/revisions"}],"wp:attachment":[{"href":"https:\/\/tecnologiaparalaindustria.com\/en\/wp-json\/wp\/v2\/media?parent=1003139"}],"curies":[{"name":"wp","href":"https:\/\/api.w.org\/{rel}","templated":true}]}}