{"id":1003327,"date":"2024-11-12T18:26:38","date_gmt":"2024-11-12T18:26:38","guid":{"rendered":"https:\/\/tecnologiaparalaindustria.com\/?page_id=1003327"},"modified":"2024-11-12T18:27:28","modified_gmt":"2024-11-12T18:27:28","slug":"audiolibros","status":"publish","type":"page","link":"https:\/\/tecnologiaparalaindustria.com\/en\/audiolibros\/","title":{"rendered":"AUDIOBOOKS"},"content":{"rendered":"<meta itemscope itemprop=\"mainEntityOfPage\" itemtype=\"https:\/\/schema.org\/WebPage\" itemid=\"http:\/\/1003316\" content=\"C\u00f3mo reducir derrames mineros peligrosos con el uso de bombas perist\u00e1lticas Bredel y Qdos\" \/><meta itemprop=\"datePublished\" content=\"2024-11-12\" \/><meta itemprop=\"dateModified\" content=\"2024-11-12\" \/><meta itemprop=\"name\" content=\"Tecnolog\u00eda para la Industria\"\/><meta itemprop=\"url\" content=\"https:\/\/tecnologiaparalaindustria.com\/wp-content\/uploads\/2020\/08\/cropped-LOGO-FONDO-BLANCO.png\"\/><meta itemprop=\"url\" content=\"https:\/\/tecnologiaparalaindustria.com\/author\/tecnologia-mk\/\" \/><meta itemprop=\"name\" content=\"Tecnologiaparalaindustria.com\" \/><meta itemprop=\"interactionType\" content=\"https:\/\/schema.org\/CommentAction\" \/><meta itemprop=\"userInteractionCount\" content=\"0\" \/>\n\t\t\t\t\t<a href=\"https:\/\/tecnologiaparalaindustria.com\/en\/audiolibros\/como-reducir-derrames-mineros-peligrosos-con-el-uso-de-bombas-peristalticas-bredel-y-qdos\/\" title=\"Reducing hazardous mine spills using Bredel and Qdos peristaltic pumps\" target=\"_blank\" rel=\"noopener bookmark\"><\/a>\n\t\t\t\t<img loading=\"lazy\" decoding=\"async\" src=\"https:\/\/tecnologiaparalaindustria.com\/wp-content\/uploads\/2024\/11\/MOCKUP-Como-reducir-derrames-mineros-peligrosos-con-el-uso-de-bombas-peristalticas-Bredel-y-Qdos.png\" alt=\"MOCKUP How to reduce hazardous mine spills using Bredel and Qdos peristaltic pumps\" itemprop=\"image\" data-no-lazy=\"1\" height=\"548\" width=\"800\" title=\"MOCKUP How to reduce hazardous mine spills using Bredel and Qdos peristaltic pumps\" onerror=\"this.style.display='none'\"  \/>\n\t\t\t\t\t\t\t\t\t<h3 itemprop=\"headline\">\n\t\t\t\t\t\t\t\t\t\t\t\t\t\tReducing hazardous mine spills using Bredel and Qdos peristaltic pumps\t\t\t\t\t\t\t\t\t\t\t<\/h3>\n\t\t<!-- .pp-content-posts -->","protected":false},"excerpt":{"rendered":"<p>Reducing hazardous mine spills using Bredel and Qdos peristaltic pumps<\/p>","protected":false},"author":3,"featured_media":27594,"parent":0,"menu_order":0,"comment_status":"closed","ping_status":"closed","template":"","meta":{"_acf_changed":false,"_genesis_hide_title":false,"_genesis_hide_breadcrumbs":false,"_genesis_hide_singular_image":false,"_genesis_hide_footer_widgets":false,"_genesis_custom_body_class":"","_genesis_custom_post_class":"","_genesis_layout":"","footnotes":""},"class_list":["page","type-page","entry"],"yoast_head":"<!-- This site is optimized with the Yoast SEO plugin v27.3 - https:\/\/yoast.com\/product\/yoast-seo-wordpress\/ -->\n<title>AUDIOLIBROS - Tecnolog\u00eda para la Industria<\/title>\n<meta name=\"robots\" content=\"index, follow, max-snippet:-1, max-image-preview:large, max-video-preview:-1\" \/>\n<link rel=\"canonical\" href=\"https:\/\/tecnologiaparalaindustria.com\/en\/audiolibros\/\" \/>\n<meta property=\"og:locale\" content=\"en_GB\" \/>\n<meta property=\"og:type\" content=\"article\" \/>\n<meta property=\"og:title\" content=\"AUDIOLIBROS - Tecnolog\u00eda para la Industria\" \/>\n<meta property=\"og:description\" content=\"C\u00f3mo reducir derrames mineros peligrosos con el uso de bombas perist\u00e1lticas Bredel y Qdos\" \/>\n<meta property=\"og:url\" content=\"https:\/\/tecnologiaparalaindustria.com\/en\/audiolibros\/\" \/>\n<meta property=\"og:site_name\" content=\"Tecnolog\u00eda para la Industria\" \/>\n<meta property=\"article:publisher\" content=\"https:\/\/www.facebook.com\/tecnologiaparalaindustria\" \/>\n<meta property=\"article:modified_time\" content=\"2024-11-12T18:27:28+00:00\" \/>\n<meta property=\"og:image\" content=\"https:\/\/tecnologiaparalaindustria.com\/wp-content\/uploads\/2022\/11\/videoguias-jpg.webp\" \/>\n\t<meta property=\"og:image:width\" content=\"1200\" \/>\n\t<meta property=\"og:image:height\" content=\"628\" \/>\n\t<meta property=\"og:image:type\" content=\"image\/jpeg\" \/>\n<meta name=\"twitter:card\" content=\"summary_large_image\" \/>\n<meta name=\"twitter:label1\" content=\"Est. reading time\" \/>\n\t<meta name=\"twitter:data1\" content=\"3 minutes\" \/>\n<script type=\"application\/ld+json\" class=\"yoast-schema-graph\">{\"@context\":\"https:\\\/\\\/schema.org\",\"@graph\":[{\"@type\":\"WebPage\",\"@id\":\"https:\\\/\\\/tecnologiaparalaindustria.com\\\/audiolibros\\\/\",\"url\":\"https:\\\/\\\/tecnologiaparalaindustria.com\\\/audiolibros\\\/\",\"name\":\"AUDIOLIBROS - Tecnolog\u00eda para la Industria\",\"isPartOf\":{\"@id\":\"https:\\\/\\\/tecnologiaparalaindustria.com\\\/#website\"},\"primaryImageOfPage\":{\"@id\":\"https:\\\/\\\/tecnologiaparalaindustria.com\\\/audiolibros\\\/#primaryimage\"},\"image\":{\"@id\":\"https:\\\/\\\/tecnologiaparalaindustria.com\\\/audiolibros\\\/#primaryimage\"},\"thumbnailUrl\":\"https:\\\/\\\/tecnologiaparalaindustria.com\\\/wp-content\\\/uploads\\\/2022\\\/11\\\/videoguias-jpg.webp\",\"datePublished\":\"2024-11-12T18:26:38+00:00\",\"dateModified\":\"2024-11-12T18:27:28+00:00\",\"breadcrumb\":{\"@id\":\"https:\\\/\\\/tecnologiaparalaindustria.com\\\/audiolibros\\\/#breadcrumb\"},\"inLanguage\":\"en-GB\",\"potentialAction\":[{\"@type\":\"ReadAction\",\"target\":[\"https:\\\/\\\/tecnologiaparalaindustria.com\\\/audiolibros\\\/\"]}]},{\"@type\":\"ImageObject\",\"inLanguage\":\"en-GB\",\"@id\":\"https:\\\/\\\/tecnologiaparalaindustria.com\\\/audiolibros\\\/#primaryimage\",\"url\":\"https:\\\/\\\/tecnologiaparalaindustria.com\\\/wp-content\\\/uploads\\\/2022\\\/11\\\/videoguias-jpg.webp\",\"contentUrl\":\"https:\\\/\\\/tecnologiaparalaindustria.com\\\/wp-content\\\/uploads\\\/2022\\\/11\\\/videoguias-jpg.webp\",\"width\":1200,\"height\":628},{\"@type\":\"BreadcrumbList\",\"@id\":\"https:\\\/\\\/tecnologiaparalaindustria.com\\\/audiolibros\\\/#breadcrumb\",\"itemListElement\":[{\"@type\":\"ListItem\",\"position\":1,\"name\":\"Home\",\"item\":\"https:\\\/\\\/tecnologiaparalaindustria.com\\\/\"},{\"@type\":\"ListItem\",\"position\":2,\"name\":\"AUDIOLIBROS\"}]},{\"@type\":\"WebSite\",\"@id\":\"https:\\\/\\\/tecnologiaparalaindustria.com\\\/#website\",\"url\":\"https:\\\/\\\/tecnologiaparalaindustria.com\\\/\",\"name\":\"Tecnolog\u00eda para la Industria\",\"description\":\"Soluciones tecnol\u00f3gicas para plantas industriales\",\"publisher\":{\"@id\":\"https:\\\/\\\/tecnologiaparalaindustria.com\\\/#organization\"},\"potentialAction\":[{\"@type\":\"SearchAction\",\"target\":{\"@type\":\"EntryPoint\",\"urlTemplate\":\"https:\\\/\\\/tecnologiaparalaindustria.com\\\/?s={search_term_string}\"},\"query-input\":{\"@type\":\"PropertyValueSpecification\",\"valueRequired\":true,\"valueName\":\"search_term_string\"}}],\"inLanguage\":\"en-GB\"},{\"@type\":\"Organization\",\"@id\":\"https:\\\/\\\/tecnologiaparalaindustria.com\\\/#organization\",\"name\":\"TPI - Tecnolog\u00eda para la Industria\",\"url\":\"https:\\\/\\\/tecnologiaparalaindustria.com\\\/\",\"logo\":{\"@type\":\"ImageObject\",\"inLanguage\":\"en-GB\",\"@id\":\"https:\\\/\\\/tecnologiaparalaindustria.com\\\/#\\\/schema\\\/logo\\\/image\\\/\",\"url\":\"https:\\\/\\\/tecnologiaparalaindustria.com\\\/wp-content\\\/uploads\\\/2020\\\/08\\\/cropped-LOGO-FONDO-BLANCO.png\",\"contentUrl\":\"https:\\\/\\\/tecnologiaparalaindustria.com\\\/wp-content\\\/uploads\\\/2020\\\/08\\\/cropped-LOGO-FONDO-BLANCO.png\",\"width\":520,\"height\":289,\"caption\":\"TPI - Tecnolog\u00eda para la Industria\"},\"image\":{\"@id\":\"https:\\\/\\\/tecnologiaparalaindustria.com\\\/#\\\/schema\\\/logo\\\/image\\\/\"},\"sameAs\":[\"https:\\\/\\\/www.facebook.com\\\/tecnologiaparalaindustria\",\"https:\\\/\\\/www.instagram.com\\\/tecnologiaparalaindustria\\\/\"]}]}<\/script>\n<!-- \/ Yoast SEO plugin. -->","yoast_head_json":{"title":"AUDIOLIBROS - Tecnolog\u00eda para la Industria","robots":{"index":"index","follow":"follow","max-snippet":"max-snippet:-1","max-image-preview":"max-image-preview:large","max-video-preview":"max-video-preview:-1"},"canonical":"https:\/\/tecnologiaparalaindustria.com\/en\/audiolibros\/","og_locale":"en_GB","og_type":"article","og_title":"AUDIOLIBROS - Tecnolog\u00eda para la Industria","og_description":"C\u00f3mo reducir derrames mineros peligrosos con el uso de bombas perist\u00e1lticas Bredel y Qdos","og_url":"https:\/\/tecnologiaparalaindustria.com\/en\/audiolibros\/","og_site_name":"Tecnolog\u00eda para la Industria","article_publisher":"https:\/\/www.facebook.com\/tecnologiaparalaindustria","article_modified_time":"2024-11-12T18:27:28+00:00","og_image":[{"width":1200,"height":628,"url":"https:\/\/tecnologiaparalaindustria.com\/wp-content\/uploads\/2022\/11\/videoguias-jpg.webp","type":"image\/jpeg"}],"twitter_card":"summary_large_image","twitter_misc":{"Est. reading time":"3 minutes"},"schema":{"@context":"https:\/\/schema.org","@graph":[{"@type":"WebPage","@id":"https:\/\/tecnologiaparalaindustria.com\/audiolibros\/","url":"https:\/\/tecnologiaparalaindustria.com\/audiolibros\/","name":"AUDIOLIBROS - Tecnolog\u00eda para la Industria","isPartOf":{"@id":"https:\/\/tecnologiaparalaindustria.com\/#website"},"primaryImageOfPage":{"@id":"https:\/\/tecnologiaparalaindustria.com\/audiolibros\/#primaryimage"},"image":{"@id":"https:\/\/tecnologiaparalaindustria.com\/audiolibros\/#primaryimage"},"thumbnailUrl":"https:\/\/tecnologiaparalaindustria.com\/wp-content\/uploads\/2022\/11\/videoguias-jpg.webp","datePublished":"2024-11-12T18:26:38+00:00","dateModified":"2024-11-12T18:27:28+00:00","breadcrumb":{"@id":"https:\/\/tecnologiaparalaindustria.com\/audiolibros\/#breadcrumb"},"inLanguage":"en-GB","potentialAction":[{"@type":"ReadAction","target":["https:\/\/tecnologiaparalaindustria.com\/audiolibros\/"]}]},{"@type":"ImageObject","inLanguage":"en-GB","@id":"https:\/\/tecnologiaparalaindustria.com\/audiolibros\/#primaryimage","url":"https:\/\/tecnologiaparalaindustria.com\/wp-content\/uploads\/2022\/11\/videoguias-jpg.webp","contentUrl":"https:\/\/tecnologiaparalaindustria.com\/wp-content\/uploads\/2022\/11\/videoguias-jpg.webp","width":1200,"height":628},{"@type":"BreadcrumbList","@id":"https:\/\/tecnologiaparalaindustria.com\/audiolibros\/#breadcrumb","itemListElement":[{"@type":"ListItem","position":1,"name":"Home","item":"https:\/\/tecnologiaparalaindustria.com\/"},{"@type":"ListItem","position":2,"name":"AUDIOLIBROS"}]},{"@type":"WebSite","@id":"https:\/\/tecnologiaparalaindustria.com\/#website","url":"https:\/\/tecnologiaparalaindustria.com\/","name":"Technology for Industry","description":"Technological solutions for industrial plants","publisher":{"@id":"https:\/\/tecnologiaparalaindustria.com\/#organization"},"potentialAction":[{"@type":"SearchAction","target":{"@type":"EntryPoint","urlTemplate":"https:\/\/tecnologiaparalaindustria.com\/?s={search_term_string}"},"query-input":{"@type":"PropertyValueSpecification","valueRequired":true,"valueName":"search_term_string"}}],"inLanguage":"en-GB"},{"@type":"Organization","@id":"https:\/\/tecnologiaparalaindustria.com\/#organization","name":"TPI - Technology for Industry","url":"https:\/\/tecnologiaparalaindustria.com\/","logo":{"@type":"ImageObject","inLanguage":"en-GB","@id":"https:\/\/tecnologiaparalaindustria.com\/#\/schema\/logo\/image\/","url":"https:\/\/tecnologiaparalaindustria.com\/wp-content\/uploads\/2020\/08\/cropped-LOGO-FONDO-BLANCO.png","contentUrl":"https:\/\/tecnologiaparalaindustria.com\/wp-content\/uploads\/2020\/08\/cropped-LOGO-FONDO-BLANCO.png","width":520,"height":289,"caption":"TPI - Tecnolog\u00eda para la Industria"},"image":{"@id":"https:\/\/tecnologiaparalaindustria.com\/#\/schema\/logo\/image\/"},"sameAs":["https:\/\/www.facebook.com\/tecnologiaparalaindustria","https:\/\/www.instagram.com\/tecnologiaparalaindustria\/"]}]}},"featured_image_src":"https:\/\/tecnologiaparalaindustria.com\/wp-content\/uploads\/2022\/11\/videoguias-600x400.webp","featured_image_src_square":"https:\/\/tecnologiaparalaindustria.com\/wp-content\/uploads\/2022\/11\/videoguias-600x600.webp","acf":[],"_links":{"self":[{"href":"https:\/\/tecnologiaparalaindustria.com\/en\/wp-json\/wp\/v2\/pages\/1003327","targetHints":{"allow":["GET"]}}],"collection":[{"href":"https:\/\/tecnologiaparalaindustria.com\/en\/wp-json\/wp\/v2\/pages"}],"about":[{"href":"https:\/\/tecnologiaparalaindustria.com\/en\/wp-json\/wp\/v2\/types\/page"}],"author":[{"embeddable":true,"href":"https:\/\/tecnologiaparalaindustria.com\/en\/wp-json\/wp\/v2\/users\/3"}],"replies":[{"embeddable":true,"href":"https:\/\/tecnologiaparalaindustria.com\/en\/wp-json\/wp\/v2\/comments?post=1003327"}],"version-history":[{"count":0,"href":"https:\/\/tecnologiaparalaindustria.com\/en\/wp-json\/wp\/v2\/pages\/1003327\/revisions"}],"wp:featuredmedia":[{"embeddable":true,"href":"https:\/\/tecnologiaparalaindustria.com\/en\/wp-json\/wp\/v2\/media\/27594"}],"wp:attachment":[{"href":"https:\/\/tecnologiaparalaindustria.com\/en\/wp-json\/wp\/v2\/media?parent=1003327"}],"curies":[{"name":"wp","href":"https:\/\/api.w.org\/{rel}","templated":true}]}}