{"id":2365,"date":"2019-03-29T11:03:26","date_gmt":"2019-03-29T11:03:26","guid":{"rendered":"https:\/\/tecnologiaparalaindustria.com\/?page_id=2365"},"modified":"2023-03-17T10:33:34","modified_gmt":"2023-03-17T10:33:34","slug":"typ-videoguia-equipos-para-optimizar-el-retorno-de-condensado","status":"publish","type":"page","link":"https:\/\/tecnologiaparalaindustria.com\/en\/typ-videoguia-equipos-para-optimizar-el-retorno-de-condensado\/","title":{"rendered":"Video Gu\u00eda: Video Gui\u0301a Equipos para optimizar el retorno de condensado"},"content":{"rendered":"<p><span style=\"width: 100%;\"><a href=\"\/\/tecnologiaparalaindustria.com\" target=\"_blank\" rel=\"noopener noreferrer\"><img loading=\"lazy\" decoding=\"async\" style=\"width: 100%;\" title=\"TECNOLOGIA PARA LA INDUSTRIA\" src=\"\/\/umjye2j595c47d9ik2pfxvu1-wpengine.netdna-ssl.com\/wp-content\/uploads\/2018\/01\/TECNOLOGIA-PARA-LA-INDUSTRIA.png\" alt=\"TECNOLOGIA PARA LA INDUSTRIA\" width=\"227\" height=\"88\" data-id=\"1249\" data-link-wrap=\"1\" \/><\/a><\/span><\/p>\n<h1 style=\"text-align: center;\"><strong>\u00bfRealmente es rentable para las industrias recuperar el condensado?<\/strong><\/h1>\n<p style=\"text-align: center;\"><strong>\u200bEl vapor es un medio com\u00fan y de los m\u00e1s eficientes para el transporte de calor en la mayor\u00eda de procesos y plantas industriales.<\/strong><\/p>\n<p>\u00a0En esta video gu\u00eda te explicamos los beneficios de usar los sistemas de recuperaci\u00f3n de condensados en plantas de vapor y calderas y c\u00f3mo aprovecharlo para conseguir mejores resultados en la cuenta de explotaci\u00f3n de tu planta.Cuando el vapor se condensa, la energ\u00eda se transfiere al fluido m\u00e1s fr\u00edo para calentarlo. Esto representa alrededor del 75% de la energ\u00eda suministrada por la caldera para producir vapor. Aproximadamente el 25% restante, lo conserva por lo que el condensado es agua caliente y de muy buena calidad.<\/p>\n<p>El condensado es un recurso valioso y la recuperaci\u00f3n, incluso de cantidades peque\u00f1as, es justificable econ\u00f3micamente. Entre los beneficios de implantar sistemas de recuperaci\u00f3n de condensados en calderas y plantas de vapor est\u00e1n:<\/p>\n<ol>\n<li><strong>Reducci\u00f3n de los costes de combustible<\/strong>: Al optimizar el retorno del condensado se necesitar\u00e1 menos combustible para generar vapor a partir del agua caliente en lugar que desde el uso de agua fr\u00eda. Cada 6\u00baC de aumento en la temperatura del agua de alimentaci\u00f3n que se consiguen utilizando energ\u00eda \u201clibre\u201d equivale a un ahorro de combustible de 1% aproximadamente.<\/li>\n<li><strong>Energy saving<\/strong>: Si se retorna m\u00e1s condensado al tanque de alimentaci\u00f3n, se reduce la necesidad de purga de la caldera, que se hace para reducir la concentraci\u00f3n de s\u00f3lidos disueltos en la caldera. Por lo tanto, de esta manera, se reduce la p\u00e9rdida de energ\u00eda de la caldera durante el proceso de purga.<\/li>\n<li><strong>Reducci\u00f3n en los costes de agua<\/strong>: El condensado que no se retorna y no se vuelve a utilizar debe ser sustituido por agua de la red. Esta recarga producir\u00e1 un gasto adicional de agua.<\/li>\n<li><strong>Reducci\u00f3n de los costes de tratamientos qu\u00edmicos<\/strong>: Reutilizar el m\u00e1ximo de condensado posible, reduce la necesidad de a\u00f1adir productos qu\u00edmicos costosos para el tratamiento del agua.<\/li>\n<li><strong>Reducci\u00f3n costes de vertidos<\/strong>: En Espa\u00f1a, est\u00e1 prohibido verter agua por encima de 40\u00baC a las alcantarillas p\u00fablicas, ya que es perjudicial para el medio ambiente y puede da\u00f1ar las tuber\u00edas. El condensado por encima de esta temperatura debe enfriarse si se va a verter al desag\u00fce, lo que podr\u00eda incurrir en adicionales\u00a0costes de producir vapor en la industria.<\/li>\n<li><strong>Eliminaci\u00f3n de las plumas de vapor<\/strong>: Los sistemas de vapor que permiten que se revaporice el condensado en vapor pueden crear plumas de vapor que, adem\u00e1s de ser un desperdicio de energ\u00eda y agua, son visibles. Potencialmente, esto presenta una mala imagen al mundo exterior de una organizaci\u00f3n que no respeta el medio ambiente.<\/li>\n<\/ol>\n<p style=\"text-align: center;\"><strong>\u00bfC\u00f3mo puedes recuperar el condensado para conseguir estos resultados en el corto plazo?<\/strong><\/p>\n<p>Para poder recuperar y reutilizar el condensado, primero hay que extraerlo del sistema de vapor.<\/p>\n<blockquote><p><em>Hay varias etapas esenciales en cualquier sistema de recuperaci\u00f3n de condensado eficaz. El objetivo final es volver a utilizar esta valiosa fuente de agua caliente y tratada.<\/em><\/p><\/blockquote>\n<p><span style=\"width: 100%;\"><img loading=\"lazy\" decoding=\"async\" style=\"width: 100%;\" title=\"Coste-de-las-pe\u0301rdidas-de-vapor-en-plantas-industriales\" src=\"\/\/umjye2j595c47d9ik2pfxvu1-wpengine.netdna-ssl.com\/wp-content\/uploads\/2019\/04\/Coste-de-las-pe\u0301rdidas-de-vapor-en-plantas-industriales.jpg\" alt=\"\" width=\"1200\" height=\"600\" data-id=\"2376\" \/><\/span><\/p>\n<p>Para poder recuperar y reutilizar el condensado primero hay que extraerlo del sistema de vapor. El purgador de vapor es el enlace m\u00e1s importante en el circuito de condensado, ya que conecta con la zona de uso de vapor con el retorno de condensado reteniendo el vapor dentro del proceso para el m\u00e1ximo aprovechamiento del calor, mientras que elimina los gases no condensables y condensado en el momento adecuado.<\/p>\n<p>En el siguiente video, veamos c\u00f3mo funcionan exactamente los equipos de bombeo, purgadores y trampas de vapor para que tengas una idea clara de su utilizaci\u00f3n dentro del sistema de vapor.<\/p>\n<p>Los sistemas de retorno de condensados se pueden dividir en tres categor\u00edas principales:<\/p>\n<ul>\n<li>L\u00edneas de purga a los purgadores (a).<\/li>\n<\/ul>\n<ul>\n<li>L\u00edneas de descarga sin bombeado desde los purgadores (b).<\/li>\n<\/ul>\n<ul>\n<li>L\u00edneas de retorno bombeadas (c).<\/li>\n<\/ul>\n<p><span style=\"width: 100%;\"><img loading=\"lazy\" decoding=\"async\" style=\"width: 100%;\" title=\"image\" src=\"\/\/umjye2j595c47d9ik2pfxvu1-wpengine.netdna-ssl.com\/wp-content\/uploads\/2019\/03\/image.png\" alt=\"\" width=\"482\" height=\"361\" data-id=\"2373\" \/><\/span><\/p>\n<p style=\"text-align: center;\"><strong>L\u00edneas de purga a los purgadores<\/strong><\/p>\n<p>El flujo de condensados de los equipos de proceso hacia su\u00a0purgador de vapor\u00a0suele ser por gravedad. Se puede dimensionar el sistema de retorno de condensado de esta tuber\u00eda con el mismo tama\u00f1o que el del purgador, asumiendo que el purgador se ha dimensionado correctamente. El purgador debe montarse un m\u00ednimo de 200 mm por debajo del equipo que est\u00e1 purgando para proporcionar una columna de agua sobre el purgador.<\/p>\n<p style=\"text-align: center;\"><strong>L\u00edneas de descarga no bombeadas <\/strong><\/p>\n<p>En el lado de descarga del purgador, las l\u00edneas de condensado deben transportar el condensado, as\u00ed como cualquier gas incondensable llevado a trav\u00e9s del proceso, y el revaporizado liberado por el condensado por la ca\u00edda de presi\u00f3n al pasar por el purgador.<\/p>\n<p>Sobre el revalorizado recordemos que, cuando el vapor libera su entalp\u00eda espec\u00edfica de evaporaci\u00f3n, se forma condensado a la misma temperatura y presi\u00f3n que la del vapor del que condensa. Cuando este condensado se descarga a una presi\u00f3n inferior, la energ\u00eda que contiene es mayor que la que puede sostener permaneciendo en estado l\u00edquido.<\/p>\n<p>Este exceso de energ\u00eda hace que se revaporice parte del condensado y pase a vapor a la presi\u00f3n inferior. Aunque nos referimos a este vapor como \u201crevaporizado\u201d, no es m\u00e1s que vapor saturado a una presi\u00f3n inferior.<\/p>\n<p>La masa de revaporizado que se libera puede ser relativamente peque\u00f1a comparada con la masa restante del condensado del que se desprende. Pero el volumen del revaporizado puede ser muy grande y debe tenerse en cuenta cuando se dimensione la tuber\u00eda de condensado.<\/p>\n<p>Para ilustrar esto, si se descarga el condensado desde un purgador, con una presi\u00f3n aguas arriba de 3 bar r, a una tuber\u00eda de condensado presurizada a 0,5 bar r, un 6,2% del condensado se revaporizar\u00e1. Con cada kg de revaporizado ocupando 1,15 m3 y cada kg de condensado ocupando solo 0,001 m3, el 99% de la tuber\u00eda de condensado estar\u00e1 ocupada por revaporizado, y solo el 1% ocupado por condensado.<\/p>\n<p style=\"text-align: center;\"><strong>L\u00edneas de retorno bombeadas<\/strong><\/p>\n<p>Las l\u00edneas de condensado no bombeadas, individuales o comunes, con frecuencia se conectan en un dep\u00f3sito receptor, y luego son bombeadas hacia la caldera. En la mayor\u00eda de casos, las l\u00edneas de condensado bombeadas transportan solamente agua, sin revaporizado. Este ser\u00e1 el caso siempre que el dep\u00f3sito receptor est\u00e9 ventilado.<\/p>\n<p>Las bombas no trabajan continuamente, y normalmente tienen un tipo de accionamiento on\/off. Esto se debe tener en cuenta cuando se dimensiona la tuber\u00eda de condensado desde la bomba, porque la velocidad de descarga de la bomba ser\u00e1 superior a la velocidad real de condensaci\u00f3n del equipo de proceso. Dependiendo del tipo de bomba esta velocidad de descarga puede variar desde 1,5 a 6 veces la velocidad de condensaci\u00f3n real.<\/p>\n<p style=\"text-align: center;\"><strong>Tipos de purgadores de vapor y c\u00f3mo funcionan dentro del sistema<\/strong><\/p>\n<p>Existen varios principios operativos que utilizan los\u00a0<strong>purgadores<\/strong> para distinguir entre vapor y condensado permiti\u00e9ndonos clasificarlos como:<\/p>\n<ul>\n<li><strong><strong>Termost\u00e1ticos<\/strong> <\/strong>cuando funcionan diferenciando el vapor del condensado por temperatura<\/li>\n<li><strong><strong>Mec\u00e1nicos<\/strong> <\/strong>cuando diferencian el vapor (gas) del condensado (l\u00edquido) por densidad y por \u00faltimo los..<\/li>\n<li><strong><strong>Termodin\u00e1micos<\/strong> <\/strong>basados en la diferente velocidad de descarga entre el condensado y el vapor flash o revaporizado<\/li>\n<\/ul>\n<p>En el siguiente video se explica en detalle \u00a0el funcionamiento de los diferentes tipos de purgadores.<\/p>\n<p><span style=\"width: 100%;\"><img loading=\"lazy\" decoding=\"async\" style=\"width: 100%;\" title=\"Mantenimiento-de-Purgadores-de-Condensado-Termodinamico\" src=\"\/\/umjye2j595c47d9ik2pfxvu1-wpengine.netdna-ssl.com\/wp-content\/uploads\/2019\/04\/Mantenimiento-de-Purgadores-de-Condensado-Termodinamico.jpg\" alt=\"\" width=\"1024\" height=\"683\" data-id=\"2377\" \/><\/span><\/p>\n<p>El retorno de condensado al tanque de alimentaci\u00f3n de la caldera es reconocido como la manera m\u00e1s efectiva de mejorar la eficiencia de la planta de vapor. La recuperaci\u00f3n de condensado ahorra dinero, reduce los costes de combustible, ahorra energ\u00eda, reduce el consumo de agua y tratamientos qu\u00edmicos adem\u00e1s de elimina los costes de vertido.<\/p>\n<p>Un sistema eficaz de recuperaci\u00f3n de condensados puede pagarse por s\u00ed mismo muy r\u00e1pidamente en comparaci\u00f3n con un sistema en el cual todo el condensado se env\u00eda al desag\u00fce.<\/p>\n<h2 style=\"text-align: center;\"><strong>Tambi\u00e9n puede interesarte&#8230;<\/strong><\/h2>\n<ul>\n<li><a href=\"\/\/tecnologiaparalaindustria.com\/en\/ahorro-de-energia-en-sistemas-de-vapor-con-el-uso-de-ultrasonido-2\/\" target=\"_blank\" rel=\"noopener noreferrer\">Energy savings in steam systems with the use of ultrasonics<\/a><\/li>\n<li><a href=\"\/\/tecnologiaparalaindustria.com\/en\/ecuaciones-para-cuantificar-la-calidad-del-vapor-industrial-en-plantas-de-alimentacion-2\/\" target=\"_blank\" rel=\"noopener noreferrer\">Equations for quantifying the quality of industrial steam in feed mills<\/a><\/li>\n<\/ul>\n<p><span style=\"width: 100%;\"><a href=\"\/\/recursos.tecnologiaparalaindustria.com\/newsletter?utm_source=Newsletter&amp;utm_medium=Cta_web&amp;utm_campaign=Newsletter_cta_web\" target=\"_blank\" rel=\"noopener noreferrer\"><img loading=\"lazy\" decoding=\"async\" style=\"width: 100%;\" title=\"CTA.NEWSLETTER TECNOLOGIA PARA LA INDUSTRIA\" src=\"\/\/umjye2j595c47d9ik2pfxvu1-wpengine.netdna-ssl.com\/wp-content\/uploads\/2019\/03\/CTA.NEWSLETTER-TECNOLOGIA-PARA-LA-INDUSTRIA.png\" alt=\"Technology newsletter for industry - Increasing machine efficiency\" width=\"2400\" height=\"1200\" data-id=\"2307\" data-link-wrap=\"1\" \/><\/a><\/span><\/p>","protected":false},"excerpt":{"rendered":"<p>\u00bfRealmente es rentable para las industrias recuperar el condensado? \u200bEl vapor es un medio com\u00fan y de los m\u00e1s eficientes para el transporte de calor en la mayor\u00eda de procesos &hellip;<\/p>","protected":false},"author":2,"featured_media":0,"parent":0,"menu_order":0,"comment_status":"closed","ping_status":"closed","template":"","meta":{"_acf_changed":false,"_genesis_hide_title":false,"_genesis_hide_breadcrumbs":false,"_genesis_hide_singular_image":false,"_genesis_hide_footer_widgets":false,"_genesis_custom_body_class":"","_genesis_custom_post_class":"","_genesis_layout":"","footnotes":""},"class_list":["page","type-page","entry"],"yoast_head":"<!-- This site is optimized with the Yoast SEO plugin v27.3 - https:\/\/yoast.com\/product\/yoast-seo-wordpress\/ -->\n<title>Video Gu\u00eda: Video Gui\u0301a Equipos para optimizar el retorno de condensado - Tecnolog\u00eda para la Industria<\/title>\n<meta name=\"robots\" content=\"index, follow, max-snippet:-1, max-image-preview:large, max-video-preview:-1\" \/>\n<link rel=\"canonical\" href=\"https:\/\/tecnologiaparalaindustria.com\/en\/typ-videoguia-equipos-para-optimizar-el-retorno-de-condensado\/\" \/>\n<meta property=\"og:locale\" content=\"en_GB\" \/>\n<meta property=\"og:type\" content=\"article\" \/>\n<meta property=\"og:title\" content=\"Video Gu\u00eda: Video Gui\u0301a Equipos para optimizar el retorno de condensado - Tecnolog\u00eda para la Industria\" \/>\n<meta property=\"og:description\" content=\"\u00bfRealmente es rentable para las industrias recuperar el condensado? \u200bEl vapor es un medio com\u00fan y de los m\u00e1s eficientes para el transporte de calor en la mayor\u00eda de procesos &hellip;\" \/>\n<meta property=\"og:url\" content=\"https:\/\/tecnologiaparalaindustria.com\/en\/typ-videoguia-equipos-para-optimizar-el-retorno-de-condensado\/\" \/>\n<meta property=\"og:site_name\" content=\"Tecnolog\u00eda para la Industria\" \/>\n<meta property=\"article:publisher\" content=\"https:\/\/www.facebook.com\/tecnologiaparalaindustria\" \/>\n<meta property=\"article:modified_time\" content=\"2023-03-17T10:33:34+00:00\" \/>\n<meta name=\"twitter:card\" content=\"summary_large_image\" \/>\n<meta name=\"twitter:label1\" content=\"Est. reading time\" \/>\n\t<meta name=\"twitter:data1\" content=\"7 minutes\" \/>\n<script type=\"application\/ld+json\" class=\"yoast-schema-graph\">{\"@context\":\"https:\\\/\\\/schema.org\",\"@graph\":[{\"@type\":\"WebPage\",\"@id\":\"https:\\\/\\\/tecnologiaparalaindustria.com\\\/typ-videoguia-equipos-para-optimizar-el-retorno-de-condensado\\\/\",\"url\":\"https:\\\/\\\/tecnologiaparalaindustria.com\\\/typ-videoguia-equipos-para-optimizar-el-retorno-de-condensado\\\/\",\"name\":\"Video Gu\u00eda: Video Gui\u0301a Equipos para optimizar el retorno de condensado - Tecnolog\u00eda para la Industria\",\"isPartOf\":{\"@id\":\"https:\\\/\\\/tecnologiaparalaindustria.com\\\/#website\"},\"datePublished\":\"2019-03-29T11:03:26+00:00\",\"dateModified\":\"2023-03-17T10:33:34+00:00\",\"breadcrumb\":{\"@id\":\"https:\\\/\\\/tecnologiaparalaindustria.com\\\/typ-videoguia-equipos-para-optimizar-el-retorno-de-condensado\\\/#breadcrumb\"},\"inLanguage\":\"en-GB\",\"potentialAction\":[{\"@type\":\"ReadAction\",\"target\":[\"https:\\\/\\\/tecnologiaparalaindustria.com\\\/typ-videoguia-equipos-para-optimizar-el-retorno-de-condensado\\\/\"]}]},{\"@type\":\"BreadcrumbList\",\"@id\":\"https:\\\/\\\/tecnologiaparalaindustria.com\\\/typ-videoguia-equipos-para-optimizar-el-retorno-de-condensado\\\/#breadcrumb\",\"itemListElement\":[{\"@type\":\"ListItem\",\"position\":1,\"name\":\"Home\",\"item\":\"https:\\\/\\\/tecnologiaparalaindustria.com\\\/\"},{\"@type\":\"ListItem\",\"position\":2,\"name\":\"Video Gu\u00eda: Video Gui\u0301a Equipos para optimizar el retorno de condensado\"}]},{\"@type\":\"WebSite\",\"@id\":\"https:\\\/\\\/tecnologiaparalaindustria.com\\\/#website\",\"url\":\"https:\\\/\\\/tecnologiaparalaindustria.com\\\/\",\"name\":\"Tecnolog\u00eda para la Industria\",\"description\":\"Soluciones tecnol\u00f3gicas para plantas industriales\",\"publisher\":{\"@id\":\"https:\\\/\\\/tecnologiaparalaindustria.com\\\/#organization\"},\"potentialAction\":[{\"@type\":\"SearchAction\",\"target\":{\"@type\":\"EntryPoint\",\"urlTemplate\":\"https:\\\/\\\/tecnologiaparalaindustria.com\\\/?s={search_term_string}\"},\"query-input\":{\"@type\":\"PropertyValueSpecification\",\"valueRequired\":true,\"valueName\":\"search_term_string\"}}],\"inLanguage\":\"en-GB\"},{\"@type\":\"Organization\",\"@id\":\"https:\\\/\\\/tecnologiaparalaindustria.com\\\/#organization\",\"name\":\"TPI - Tecnolog\u00eda para la Industria\",\"url\":\"https:\\\/\\\/tecnologiaparalaindustria.com\\\/\",\"logo\":{\"@type\":\"ImageObject\",\"inLanguage\":\"en-GB\",\"@id\":\"https:\\\/\\\/tecnologiaparalaindustria.com\\\/#\\\/schema\\\/logo\\\/image\\\/\",\"url\":\"https:\\\/\\\/tecnologiaparalaindustria.com\\\/wp-content\\\/uploads\\\/2020\\\/08\\\/cropped-LOGO-FONDO-BLANCO.png\",\"contentUrl\":\"https:\\\/\\\/tecnologiaparalaindustria.com\\\/wp-content\\\/uploads\\\/2020\\\/08\\\/cropped-LOGO-FONDO-BLANCO.png\",\"width\":520,\"height\":289,\"caption\":\"TPI - Tecnolog\u00eda para la Industria\"},\"image\":{\"@id\":\"https:\\\/\\\/tecnologiaparalaindustria.com\\\/#\\\/schema\\\/logo\\\/image\\\/\"},\"sameAs\":[\"https:\\\/\\\/www.facebook.com\\\/tecnologiaparalaindustria\",\"https:\\\/\\\/www.instagram.com\\\/tecnologiaparalaindustria\\\/\"]}]}<\/script>\n<!-- \/ Yoast SEO plugin. -->","yoast_head_json":{"title":"Video Gu\u00eda: Video Gui\u0301a Equipos para optimizar el retorno de condensado - Tecnolog\u00eda para la Industria","robots":{"index":"index","follow":"follow","max-snippet":"max-snippet:-1","max-image-preview":"max-image-preview:large","max-video-preview":"max-video-preview:-1"},"canonical":"https:\/\/tecnologiaparalaindustria.com\/en\/typ-videoguia-equipos-para-optimizar-el-retorno-de-condensado\/","og_locale":"en_GB","og_type":"article","og_title":"Video Gu\u00eda: Video Gui\u0301a Equipos para optimizar el retorno de condensado - Tecnolog\u00eda para la Industria","og_description":"\u00bfRealmente es rentable para las industrias recuperar el condensado? \u200bEl vapor es un medio com\u00fan y de los m\u00e1s eficientes para el transporte de calor en la mayor\u00eda de procesos &hellip;","og_url":"https:\/\/tecnologiaparalaindustria.com\/en\/typ-videoguia-equipos-para-optimizar-el-retorno-de-condensado\/","og_site_name":"Tecnolog\u00eda para la Industria","article_publisher":"https:\/\/www.facebook.com\/tecnologiaparalaindustria","article_modified_time":"2023-03-17T10:33:34+00:00","twitter_card":"summary_large_image","twitter_misc":{"Est. reading time":"7 minutes"},"schema":{"@context":"https:\/\/schema.org","@graph":[{"@type":"WebPage","@id":"https:\/\/tecnologiaparalaindustria.com\/typ-videoguia-equipos-para-optimizar-el-retorno-de-condensado\/","url":"https:\/\/tecnologiaparalaindustria.com\/typ-videoguia-equipos-para-optimizar-el-retorno-de-condensado\/","name":"Video Gu\u00eda: Video Gui\u0301a Equipos para optimizar el retorno de condensado - Tecnolog\u00eda para la Industria","isPartOf":{"@id":"https:\/\/tecnologiaparalaindustria.com\/#website"},"datePublished":"2019-03-29T11:03:26+00:00","dateModified":"2023-03-17T10:33:34+00:00","breadcrumb":{"@id":"https:\/\/tecnologiaparalaindustria.com\/typ-videoguia-equipos-para-optimizar-el-retorno-de-condensado\/#breadcrumb"},"inLanguage":"en-GB","potentialAction":[{"@type":"ReadAction","target":["https:\/\/tecnologiaparalaindustria.com\/typ-videoguia-equipos-para-optimizar-el-retorno-de-condensado\/"]}]},{"@type":"BreadcrumbList","@id":"https:\/\/tecnologiaparalaindustria.com\/typ-videoguia-equipos-para-optimizar-el-retorno-de-condensado\/#breadcrumb","itemListElement":[{"@type":"ListItem","position":1,"name":"Home","item":"https:\/\/tecnologiaparalaindustria.com\/"},{"@type":"ListItem","position":2,"name":"Video Gu\u00eda: Video Gui\u0301a Equipos para optimizar el retorno de condensado"}]},{"@type":"WebSite","@id":"https:\/\/tecnologiaparalaindustria.com\/#website","url":"https:\/\/tecnologiaparalaindustria.com\/","name":"Technology for Industry","description":"Technological solutions for industrial plants","publisher":{"@id":"https:\/\/tecnologiaparalaindustria.com\/#organization"},"potentialAction":[{"@type":"SearchAction","target":{"@type":"EntryPoint","urlTemplate":"https:\/\/tecnologiaparalaindustria.com\/?s={search_term_string}"},"query-input":{"@type":"PropertyValueSpecification","valueRequired":true,"valueName":"search_term_string"}}],"inLanguage":"en-GB"},{"@type":"Organization","@id":"https:\/\/tecnologiaparalaindustria.com\/#organization","name":"TPI - Technology for Industry","url":"https:\/\/tecnologiaparalaindustria.com\/","logo":{"@type":"ImageObject","inLanguage":"en-GB","@id":"https:\/\/tecnologiaparalaindustria.com\/#\/schema\/logo\/image\/","url":"https:\/\/tecnologiaparalaindustria.com\/wp-content\/uploads\/2020\/08\/cropped-LOGO-FONDO-BLANCO.png","contentUrl":"https:\/\/tecnologiaparalaindustria.com\/wp-content\/uploads\/2020\/08\/cropped-LOGO-FONDO-BLANCO.png","width":520,"height":289,"caption":"TPI - Tecnolog\u00eda para la Industria"},"image":{"@id":"https:\/\/tecnologiaparalaindustria.com\/#\/schema\/logo\/image\/"},"sameAs":["https:\/\/www.facebook.com\/tecnologiaparalaindustria","https:\/\/www.instagram.com\/tecnologiaparalaindustria\/"]}]}},"featured_image_src":null,"featured_image_src_square":null,"acf":[],"_links":{"self":[{"href":"https:\/\/tecnologiaparalaindustria.com\/en\/wp-json\/wp\/v2\/pages\/2365","targetHints":{"allow":["GET"]}}],"collection":[{"href":"https:\/\/tecnologiaparalaindustria.com\/en\/wp-json\/wp\/v2\/pages"}],"about":[{"href":"https:\/\/tecnologiaparalaindustria.com\/en\/wp-json\/wp\/v2\/types\/page"}],"author":[{"embeddable":true,"href":"https:\/\/tecnologiaparalaindustria.com\/en\/wp-json\/wp\/v2\/users\/2"}],"replies":[{"embeddable":true,"href":"https:\/\/tecnologiaparalaindustria.com\/en\/wp-json\/wp\/v2\/comments?post=2365"}],"version-history":[{"count":0,"href":"https:\/\/tecnologiaparalaindustria.com\/en\/wp-json\/wp\/v2\/pages\/2365\/revisions"}],"wp:attachment":[{"href":"https:\/\/tecnologiaparalaindustria.com\/en\/wp-json\/wp\/v2\/media?parent=2365"}],"curies":[{"name":"wp","href":"https:\/\/api.w.org\/{rel}","templated":true}]}}