{"id":28895,"date":"2024-01-15T17:40:43","date_gmt":"2024-01-15T17:40:43","guid":{"rendered":"https:\/\/tecnologiaparalaindustria.com\/register-2\/"},"modified":"2025-04-04T17:29:18","modified_gmt":"2025-04-04T17:29:18","slug":"register","status":"publish","type":"page","link":"https:\/\/tecnologiaparalaindustria.com\/en\/register\/","title":{"rendered":"Register"},"content":{"rendered":"<h1>\n\t\tREGISTRO DE <br \/> PROVEEDORES Y COMPRADORES\n\t<\/h1>\n\t<p>Tecnolog\u00edaParaLaIndustria pone a su disposici\u00f3n esta plataforma de vinculaci\u00f3n entre empresas compradoras y proveedoras. La informaci\u00f3n de contacto que usted registre no ser\u00e1 compartida de forma directa con las empresas que apliquen a sus requerimientos. Usted recibir\u00e1 un correo con los datos de la empresa proveedora de tal forma que pueda contactarlos, si as\u00ed lo decide.<\/p>\n<p>En caso de que la vinculaci\u00f3n realizada a trav\u00e9s de esta plataforma tecnol\u00f3gica derive en una negociaci\u00f3n entre su empresa y la empresa proveedora, Tecnolog\u00edaParaLaIndustria se deslinda de cualquier responsabilidad generada de dicha negociaci\u00f3n.<\/p>\n\t<h4>Ingresa la informaci\u00f3n de la empresa que quieres publicar<\/h4>\n<!-- SharpSpring Form for Directorio Empresas --><br \/>\n<br \/>","protected":false},"excerpt":{"rendered":"<p>REGISTRO DE PROVEEDORES Y COMPRADORES Tecnolog\u00edaParaLaIndustria pone a su disposici\u00f3n esta plataforma de vinculaci\u00f3n entre empresas compradoras y proveedoras. La informaci\u00f3n de contacto que usted registre no ser\u00e1 compartida de &hellip;<\/p>","protected":false},"author":2,"featured_media":0,"parent":0,"menu_order":0,"comment_status":"closed","ping_status":"closed","template":"","meta":{"_acf_changed":false,"_genesis_hide_title":false,"_genesis_hide_breadcrumbs":false,"_genesis_hide_singular_image":false,"_genesis_hide_footer_widgets":false,"_genesis_custom_body_class":"","_genesis_custom_post_class":"","_genesis_layout":"","footnotes":""},"class_list":["page","type-page","entry"],"yoast_head":"<!-- This site is optimized with the Yoast SEO plugin v27.3 - https:\/\/yoast.com\/product\/yoast-seo-wordpress\/ -->\n<title>Register - Tecnolog\u00eda para la Industria<\/title>\n<meta name=\"robots\" content=\"index, follow, max-snippet:-1, max-image-preview:large, max-video-preview:-1\" \/>\n<link rel=\"canonical\" href=\"https:\/\/tecnologiaparalaindustria.com\/en\/register\/\" \/>\n<meta property=\"og:locale\" content=\"en_GB\" \/>\n<meta property=\"og:type\" content=\"article\" \/>\n<meta property=\"og:title\" content=\"Register - Tecnolog\u00eda para la Industria\" \/>\n<meta property=\"og:description\" content=\"REGISTRO DE PROVEEDORES Y COMPRADORES Tecnolog\u00edaParaLaIndustria pone a su disposici\u00f3n esta plataforma de vinculaci\u00f3n entre empresas compradoras y proveedoras. La informaci\u00f3n de contacto que usted registre no ser\u00e1 compartida de &hellip;\" \/>\n<meta property=\"og:url\" content=\"https:\/\/tecnologiaparalaindustria.com\/en\/register\/\" \/>\n<meta property=\"og:site_name\" content=\"Tecnolog\u00eda para la Industria\" \/>\n<meta property=\"article:publisher\" content=\"https:\/\/www.facebook.com\/tecnologiaparalaindustria\" \/>\n<meta property=\"article:modified_time\" content=\"2025-04-04T17:29:18+00:00\" \/>\n<meta name=\"twitter:card\" content=\"summary_large_image\" \/>\n<meta name=\"twitter:label1\" content=\"Est. reading time\" \/>\n\t<meta name=\"twitter:data1\" content=\"1 minute\" \/>\n<script type=\"application\/ld+json\" class=\"yoast-schema-graph\">{\"@context\":\"https:\\\/\\\/schema.org\",\"@graph\":[{\"@type\":\"WebPage\",\"@id\":\"https:\\\/\\\/tecnologiaparalaindustria.com\\\/register\\\/\",\"url\":\"https:\\\/\\\/tecnologiaparalaindustria.com\\\/register\\\/\",\"name\":\"Register - Tecnolog\u00eda para la Industria\",\"isPartOf\":{\"@id\":\"https:\\\/\\\/tecnologiaparalaindustria.com\\\/#website\"},\"datePublished\":\"2024-01-15T17:40:43+00:00\",\"dateModified\":\"2025-04-04T17:29:18+00:00\",\"breadcrumb\":{\"@id\":\"https:\\\/\\\/tecnologiaparalaindustria.com\\\/register\\\/#breadcrumb\"},\"inLanguage\":\"en-GB\",\"potentialAction\":[{\"@type\":\"ReadAction\",\"target\":[\"https:\\\/\\\/tecnologiaparalaindustria.com\\\/register\\\/\"]}]},{\"@type\":\"BreadcrumbList\",\"@id\":\"https:\\\/\\\/tecnologiaparalaindustria.com\\\/register\\\/#breadcrumb\",\"itemListElement\":[{\"@type\":\"ListItem\",\"position\":1,\"name\":\"Home\",\"item\":\"https:\\\/\\\/tecnologiaparalaindustria.com\\\/\"},{\"@type\":\"ListItem\",\"position\":2,\"name\":\"Register\"}]},{\"@type\":\"WebSite\",\"@id\":\"https:\\\/\\\/tecnologiaparalaindustria.com\\\/#website\",\"url\":\"https:\\\/\\\/tecnologiaparalaindustria.com\\\/\",\"name\":\"Tecnolog\u00eda para la Industria\",\"description\":\"Soluciones tecnol\u00f3gicas para plantas industriales\",\"publisher\":{\"@id\":\"https:\\\/\\\/tecnologiaparalaindustria.com\\\/#organization\"},\"potentialAction\":[{\"@type\":\"SearchAction\",\"target\":{\"@type\":\"EntryPoint\",\"urlTemplate\":\"https:\\\/\\\/tecnologiaparalaindustria.com\\\/?s={search_term_string}\"},\"query-input\":{\"@type\":\"PropertyValueSpecification\",\"valueRequired\":true,\"valueName\":\"search_term_string\"}}],\"inLanguage\":\"en-GB\"},{\"@type\":\"Organization\",\"@id\":\"https:\\\/\\\/tecnologiaparalaindustria.com\\\/#organization\",\"name\":\"TPI - Tecnolog\u00eda para la Industria\",\"url\":\"https:\\\/\\\/tecnologiaparalaindustria.com\\\/\",\"logo\":{\"@type\":\"ImageObject\",\"inLanguage\":\"en-GB\",\"@id\":\"https:\\\/\\\/tecnologiaparalaindustria.com\\\/#\\\/schema\\\/logo\\\/image\\\/\",\"url\":\"https:\\\/\\\/tecnologiaparalaindustria.com\\\/wp-content\\\/uploads\\\/2020\\\/08\\\/cropped-LOGO-FONDO-BLANCO.png\",\"contentUrl\":\"https:\\\/\\\/tecnologiaparalaindustria.com\\\/wp-content\\\/uploads\\\/2020\\\/08\\\/cropped-LOGO-FONDO-BLANCO.png\",\"width\":520,\"height\":289,\"caption\":\"TPI - Tecnolog\u00eda para la Industria\"},\"image\":{\"@id\":\"https:\\\/\\\/tecnologiaparalaindustria.com\\\/#\\\/schema\\\/logo\\\/image\\\/\"},\"sameAs\":[\"https:\\\/\\\/www.facebook.com\\\/tecnologiaparalaindustria\",\"https:\\\/\\\/www.instagram.com\\\/tecnologiaparalaindustria\\\/\"]}]}<\/script>\n<!-- \/ Yoast SEO plugin. -->","yoast_head_json":{"title":"Register - Tecnolog\u00eda para la Industria","robots":{"index":"index","follow":"follow","max-snippet":"max-snippet:-1","max-image-preview":"max-image-preview:large","max-video-preview":"max-video-preview:-1"},"canonical":"https:\/\/tecnologiaparalaindustria.com\/en\/register\/","og_locale":"en_GB","og_type":"article","og_title":"Register - Tecnolog\u00eda para la Industria","og_description":"REGISTRO DE PROVEEDORES Y COMPRADORES Tecnolog\u00edaParaLaIndustria pone a su disposici\u00f3n esta plataforma de vinculaci\u00f3n entre empresas compradoras y proveedoras. La informaci\u00f3n de contacto que usted registre no ser\u00e1 compartida de &hellip;","og_url":"https:\/\/tecnologiaparalaindustria.com\/en\/register\/","og_site_name":"Tecnolog\u00eda para la Industria","article_publisher":"https:\/\/www.facebook.com\/tecnologiaparalaindustria","article_modified_time":"2025-04-04T17:29:18+00:00","twitter_card":"summary_large_image","twitter_misc":{"Est. reading time":"1 minute"},"schema":{"@context":"https:\/\/schema.org","@graph":[{"@type":"WebPage","@id":"https:\/\/tecnologiaparalaindustria.com\/register\/","url":"https:\/\/tecnologiaparalaindustria.com\/register\/","name":"Register - Tecnolog\u00eda para la Industria","isPartOf":{"@id":"https:\/\/tecnologiaparalaindustria.com\/#website"},"datePublished":"2024-01-15T17:40:43+00:00","dateModified":"2025-04-04T17:29:18+00:00","breadcrumb":{"@id":"https:\/\/tecnologiaparalaindustria.com\/register\/#breadcrumb"},"inLanguage":"en-GB","potentialAction":[{"@type":"ReadAction","target":["https:\/\/tecnologiaparalaindustria.com\/register\/"]}]},{"@type":"BreadcrumbList","@id":"https:\/\/tecnologiaparalaindustria.com\/register\/#breadcrumb","itemListElement":[{"@type":"ListItem","position":1,"name":"Home","item":"https:\/\/tecnologiaparalaindustria.com\/"},{"@type":"ListItem","position":2,"name":"Register"}]},{"@type":"WebSite","@id":"https:\/\/tecnologiaparalaindustria.com\/#website","url":"https:\/\/tecnologiaparalaindustria.com\/","name":"Technology for Industry","description":"Technological solutions for industrial plants","publisher":{"@id":"https:\/\/tecnologiaparalaindustria.com\/#organization"},"potentialAction":[{"@type":"SearchAction","target":{"@type":"EntryPoint","urlTemplate":"https:\/\/tecnologiaparalaindustria.com\/?s={search_term_string}"},"query-input":{"@type":"PropertyValueSpecification","valueRequired":true,"valueName":"search_term_string"}}],"inLanguage":"en-GB"},{"@type":"Organization","@id":"https:\/\/tecnologiaparalaindustria.com\/#organization","name":"TPI - Technology for Industry","url":"https:\/\/tecnologiaparalaindustria.com\/","logo":{"@type":"ImageObject","inLanguage":"en-GB","@id":"https:\/\/tecnologiaparalaindustria.com\/#\/schema\/logo\/image\/","url":"https:\/\/tecnologiaparalaindustria.com\/wp-content\/uploads\/2020\/08\/cropped-LOGO-FONDO-BLANCO.png","contentUrl":"https:\/\/tecnologiaparalaindustria.com\/wp-content\/uploads\/2020\/08\/cropped-LOGO-FONDO-BLANCO.png","width":520,"height":289,"caption":"TPI - Tecnolog\u00eda para la Industria"},"image":{"@id":"https:\/\/tecnologiaparalaindustria.com\/#\/schema\/logo\/image\/"},"sameAs":["https:\/\/www.facebook.com\/tecnologiaparalaindustria","https:\/\/www.instagram.com\/tecnologiaparalaindustria\/"]}]}},"featured_image_src":null,"featured_image_src_square":null,"acf":[],"_links":{"self":[{"href":"https:\/\/tecnologiaparalaindustria.com\/en\/wp-json\/wp\/v2\/pages\/28895","targetHints":{"allow":["GET"]}}],"collection":[{"href":"https:\/\/tecnologiaparalaindustria.com\/en\/wp-json\/wp\/v2\/pages"}],"about":[{"href":"https:\/\/tecnologiaparalaindustria.com\/en\/wp-json\/wp\/v2\/types\/page"}],"author":[{"embeddable":true,"href":"https:\/\/tecnologiaparalaindustria.com\/en\/wp-json\/wp\/v2\/users\/2"}],"replies":[{"embeddable":true,"href":"https:\/\/tecnologiaparalaindustria.com\/en\/wp-json\/wp\/v2\/comments?post=28895"}],"version-history":[{"count":0,"href":"https:\/\/tecnologiaparalaindustria.com\/en\/wp-json\/wp\/v2\/pages\/28895\/revisions"}],"wp:attachment":[{"href":"https:\/\/tecnologiaparalaindustria.com\/en\/wp-json\/wp\/v2\/media?parent=28895"}],"curies":[{"name":"wp","href":"https:\/\/api.w.org\/{rel}","templated":true}]}}