{"id":600,"date":"2019-02-19T15:01:05","date_gmt":"2019-02-19T15:01:05","guid":{"rendered":"http:\/\/tecnologiavao.wpengine.com\/?page_id=600"},"modified":"2022-11-16T10:43:56","modified_gmt":"2022-11-16T10:43:56","slug":"aviso-legal","status":"publish","type":"page","link":"https:\/\/tecnologiaparalaindustria.com\/en\/aviso-legal\/","title":{"rendered":"Legal Notice"},"content":{"rendered":"<ul class=\"wp-block-list\"><li><strong>Company details<\/strong><\/li><\/ul>\n\n\n\n<p>In compliance with article 10 of Law 34\/2002, of 11 July, on Information Society Services and Electronic Commerce, the company's identification details are set out below.<\/p>\n\n\n\n<p>TRADE NAME: TECNOLOG\u00cdAPARALAINDUSTRIA.COM<\/p>\n\n\n\n<p>TAX NAME: VENTAS DE ALTO OCTANAJE S.L.U.<\/p>\n\n\n\n<p>C.I.F.: CIF B-86683554<br>HEAD OFFICE: C\/GARGANTA DE AISA N\u00ba 30. 28038 Madrid - SPAIN<br>E-MAIL ADDRESS: sabrinaizar@tecnologiaparalaindustria.com<\/p>\n\n\n\n<ul class=\"wp-block-list\"><li><strong>Intellectual Property<\/strong><\/li><\/ul>\n\n\n\n<p>The source code, graphic designs, images, photographs, sounds, animations, software, texts, as well as the information and contents contained in the address&nbsp;<a href=\"https:\/\/tecnologiaparalaindustria.com\/en\/\">https:\/\/tecnologiaparalaindustria.com<\/a>&nbsp;&nbsp;are protected by Spanish legislation on intellectual and industrial property rights in favour of TECNOLOG\u00cdAPARALAINDUSTRIA.COM and the reproduction and\/or publication, in whole or in part, of the website, its computer processing, distribution, dissemination, modification, transformation or decompilation, or any other legally recognised rights of the owner, is not permitted without prior written permission from TECNOLOG\u00cdAPARALAINDUSTRIA.COM.<\/p>\n\n\n\n<p>Browsing the TECNOLOG\u00cdAPARALAINDUSTRIA.COM website confers the condition of user of the same, committing to the acceptance and strict compliance with the provisions of this Legal Notice, as well as any other legal provision that may be applicable.<\/p>\n\n\n\n<p>TECNOLOG\u00cdAPARALAINDUSTRIA.COM reserves the right to modify any type of information that may appear on the website.&nbsp;<a href=\"https:\/\/tecnologiaparalaindustria.com\/en\/\">https:\/\/tecnologiaparalaindustria.com<\/a>TECNOLOG\u00cdAPARALAINDUSTRIA.COM, without any obligation to give prior notice or inform users of these obligations, with publication on the TECNOLOG\u00cdAPARALAINDUSTRIA.COM website being understood to be sufficient.<\/p>\n\n\n\n<p>The user who visits the page can only and exclusively use the material that appears on this website for his\/her personal and private use, being forbidden to use it for commercial purposes or to incur in illegal activities. All intellectual property rights are expressly reserved by TECNOLOG\u00cdAPARALAINDUSTRIA.COM.<\/p>\n\n\n\n<p>TECNOLOG\u00cdAPARALAINDUSTRIA.COM will watch over the compliance of the above conditions, as well as the correct use of the contents presented in its website, taking pertinent civil or criminal in case of infringement of or non-compliance with these rights by the user.<\/p>\n\n\n\n<ul class=\"wp-block-list\"><li><strong>Advertising<\/strong><\/li><\/ul>\n\n\n\n<p>TECNOLOG\u00cdAPARALAINDUDUSTRIA.COM hereby undertakes not to carry out misleading advertising. To these effects, misleading advertising does not include formal or numeric errors which may be found within the different sections of TECNOLOG\u00cdAPARALAININDUSTRIA.COM's website, caused as a consequence of incomplete or faulty maintenance or updating of the information contained in these sections. TECNOLOG\u00cdAPARALAINDUSTRIA.COM, in accordance with the provisions of this section, undertakes to correct them as soon as it becomes aware of such errors.<\/p>\n\n\n\n<p>TECNOLOG\u00cdAPARALAINDUSTRIA.COM undertakes NOT TO SEND ADVERTISING CORRESPONDENCE WITHOUT IDENTIFYING IT AS SUCH, in accordance with Law 34\/2002 on Information Society and Electronic Commerce Services. To these effects, no information sent TO THE CLIENTS of TECNOLOG\u00cdAPARALAINDUSTRIA.COM will be considered as advertising correspondence, provided its object is to maintain the existing contractual relationship between client and TECNOLOG\u00cdAPARALAINDUSTRIA.COM, as well as carrying out the tasks of information, training and other activities related to the service which the client has contracted from the company.<\/p>\n\n\n\n<ul class=\"wp-block-list\"><li><strong>Use of the website<\/strong><\/li><\/ul>\n\n\n\n<p>TECNOLOG\u00cdAPARALAINDUSTRIA.COM is not responsible for the non-compliance of any applicable norm by the user in their access to the website.&nbsp;<a href=\"https:\/\/tecnologiaparalaindustria.com\/en\/\">https:\/\/tecnologiaparalaindustria.com<\/a>&nbsp;and\/or in the use of the information contained therein.<\/p>\n\n\n\n<p>TECNOLOG\u00cdAPARALAINDUSTRIA.COM will not be responsible for any damages, whatever their nature, derived from the use of the information, the contents of this website and the programmes included in it. The links and hypertext that make possible, through the website&nbsp;<a href=\"https:\/\/tecnologiaparalaindustria.com\/en\/\">https:\/\/tecnologiaparalaindustria.com<\/a>&nbsp;access to the user to features and services offered by third parties, do not belong to and are not under the control of TECNOLOG\u00cdAPARALAINDUSTRIA.COM; this entity is not responsible for the information contained therein nor for any effects that may arise from such information.<\/p>\n\n\n\n<p>TECNOLOG\u00cdAPARALAINDUSTRIA.COM is not responsible for the illegitimate use that third parties may make of the brand names, product names and trade names which are not property of TECNOLOG\u00cdAPARALAINDUSTRIA.COM and appear in the web page.&nbsp;<a href=\"https:\/\/tecnologiaparalaindustria.com\/en\/\">https:\/\/tecnologiaparalaindustria.com<\/a>. Nor is it responsible for the completeness, accuracy and legality of the content of links to websites that can be accessed from&nbsp;<a href=\"https:\/\/tecnologiaparalaindustria.com\/en\/\">https:\/\/tecnologiaparalaindustria.com<\/a><\/p>\n\n\n\n<p>4.- TECNOLOG\u00cdAPARALAINDUDUSTRIA.COM is not responsible for viruses originating in a telematic transmission infiltrated by third parties (for example, word processor macros, Java applets and Active X programmes), generated with the aim of obtaining negative results for a computer system.<\/p>\n\n\n\n<p>5.- In short, the User is solely responsible for the use made of the services, contents, links and hypertext included on the website.&nbsp;<a href=\"https:\/\/tecnologiaparalaindustria.com\/en\/\">https:\/\/tecnologiaparalaindustria.com<\/a><\/p>","protected":false},"excerpt":{"rendered":"<p>Datos de la empresa En cumplimiento del art\u00edculo 10 de la Ley 34\/2002, de 11 de julio, de Servicios de la Sociedad de la Informaci\u00f3n y Comercio Electr\u00f3nico, a continuaci\u00f3n &hellip;<\/p>","protected":false},"author":2,"featured_media":0,"parent":0,"menu_order":0,"comment_status":"closed","ping_status":"closed","template":"","meta":{"_acf_changed":false,"_genesis_hide_title":false,"_genesis_hide_breadcrumbs":false,"_genesis_hide_singular_image":false,"_genesis_hide_footer_widgets":false,"_genesis_custom_body_class":"","_genesis_custom_post_class":"","_genesis_layout":"","footnotes":""},"class_list":["page","type-page","entry"],"yoast_head":"<!-- This site is optimized with the Yoast SEO plugin v27.3 - https:\/\/yoast.com\/product\/yoast-seo-wordpress\/ -->\n<title>Aviso Legal - Tecnolog\u00eda para la Industria<\/title>\n<meta name=\"robots\" content=\"index, follow, max-snippet:-1, max-image-preview:large, max-video-preview:-1\" \/>\n<link rel=\"canonical\" href=\"https:\/\/tecnologiaparalaindustria.com\/en\/aviso-legal\/\" \/>\n<meta property=\"og:locale\" content=\"en_GB\" \/>\n<meta property=\"og:type\" content=\"article\" \/>\n<meta property=\"og:title\" content=\"Aviso Legal - Tecnolog\u00eda para la Industria\" \/>\n<meta property=\"og:description\" content=\"Datos de la empresa En cumplimiento del art\u00edculo 10 de la Ley 34\/2002, de 11 de julio, de Servicios de la Sociedad de la Informaci\u00f3n y Comercio Electr\u00f3nico, a continuaci\u00f3n &hellip;\" \/>\n<meta property=\"og:url\" content=\"https:\/\/tecnologiaparalaindustria.com\/en\/aviso-legal\/\" \/>\n<meta property=\"og:site_name\" content=\"Tecnolog\u00eda para la Industria\" \/>\n<meta property=\"article:publisher\" content=\"https:\/\/www.facebook.com\/tecnologiaparalaindustria\" \/>\n<meta property=\"article:modified_time\" content=\"2022-11-16T10:43:56+00:00\" \/>\n<meta name=\"twitter:card\" content=\"summary_large_image\" \/>\n<meta name=\"twitter:label1\" content=\"Est. reading time\" \/>\n\t<meta name=\"twitter:data1\" content=\"5 minutes\" \/>\n<script type=\"application\/ld+json\" class=\"yoast-schema-graph\">{\"@context\":\"https:\\\/\\\/schema.org\",\"@graph\":[{\"@type\":\"WebPage\",\"@id\":\"https:\\\/\\\/tecnologiaparalaindustria.com\\\/aviso-legal\\\/\",\"url\":\"https:\\\/\\\/tecnologiaparalaindustria.com\\\/aviso-legal\\\/\",\"name\":\"Aviso Legal - Tecnolog\u00eda para la Industria\",\"isPartOf\":{\"@id\":\"https:\\\/\\\/tecnologiaparalaindustria.com\\\/#website\"},\"datePublished\":\"2019-02-19T15:01:05+00:00\",\"dateModified\":\"2022-11-16T10:43:56+00:00\",\"breadcrumb\":{\"@id\":\"https:\\\/\\\/tecnologiaparalaindustria.com\\\/aviso-legal\\\/#breadcrumb\"},\"inLanguage\":\"en-GB\",\"potentialAction\":[{\"@type\":\"ReadAction\",\"target\":[\"https:\\\/\\\/tecnologiaparalaindustria.com\\\/aviso-legal\\\/\"]}]},{\"@type\":\"BreadcrumbList\",\"@id\":\"https:\\\/\\\/tecnologiaparalaindustria.com\\\/aviso-legal\\\/#breadcrumb\",\"itemListElement\":[{\"@type\":\"ListItem\",\"position\":1,\"name\":\"Home\",\"item\":\"https:\\\/\\\/tecnologiaparalaindustria.com\\\/\"},{\"@type\":\"ListItem\",\"position\":2,\"name\":\"Aviso Legal\"}]},{\"@type\":\"WebSite\",\"@id\":\"https:\\\/\\\/tecnologiaparalaindustria.com\\\/#website\",\"url\":\"https:\\\/\\\/tecnologiaparalaindustria.com\\\/\",\"name\":\"Tecnolog\u00eda para la Industria\",\"description\":\"Soluciones tecnol\u00f3gicas para plantas industriales\",\"publisher\":{\"@id\":\"https:\\\/\\\/tecnologiaparalaindustria.com\\\/#organization\"},\"potentialAction\":[{\"@type\":\"SearchAction\",\"target\":{\"@type\":\"EntryPoint\",\"urlTemplate\":\"https:\\\/\\\/tecnologiaparalaindustria.com\\\/?s={search_term_string}\"},\"query-input\":{\"@type\":\"PropertyValueSpecification\",\"valueRequired\":true,\"valueName\":\"search_term_string\"}}],\"inLanguage\":\"en-GB\"},{\"@type\":\"Organization\",\"@id\":\"https:\\\/\\\/tecnologiaparalaindustria.com\\\/#organization\",\"name\":\"TPI - Tecnolog\u00eda para la Industria\",\"url\":\"https:\\\/\\\/tecnologiaparalaindustria.com\\\/\",\"logo\":{\"@type\":\"ImageObject\",\"inLanguage\":\"en-GB\",\"@id\":\"https:\\\/\\\/tecnologiaparalaindustria.com\\\/#\\\/schema\\\/logo\\\/image\\\/\",\"url\":\"https:\\\/\\\/tecnologiaparalaindustria.com\\\/wp-content\\\/uploads\\\/2020\\\/08\\\/cropped-LOGO-FONDO-BLANCO.png\",\"contentUrl\":\"https:\\\/\\\/tecnologiaparalaindustria.com\\\/wp-content\\\/uploads\\\/2020\\\/08\\\/cropped-LOGO-FONDO-BLANCO.png\",\"width\":520,\"height\":289,\"caption\":\"TPI - Tecnolog\u00eda para la Industria\"},\"image\":{\"@id\":\"https:\\\/\\\/tecnologiaparalaindustria.com\\\/#\\\/schema\\\/logo\\\/image\\\/\"},\"sameAs\":[\"https:\\\/\\\/www.facebook.com\\\/tecnologiaparalaindustria\",\"https:\\\/\\\/www.instagram.com\\\/tecnologiaparalaindustria\\\/\"]}]}<\/script>\n<!-- \/ Yoast SEO plugin. -->","yoast_head_json":{"title":"Aviso Legal - Tecnolog\u00eda para la Industria","robots":{"index":"index","follow":"follow","max-snippet":"max-snippet:-1","max-image-preview":"max-image-preview:large","max-video-preview":"max-video-preview:-1"},"canonical":"https:\/\/tecnologiaparalaindustria.com\/en\/aviso-legal\/","og_locale":"en_GB","og_type":"article","og_title":"Aviso Legal - Tecnolog\u00eda para la Industria","og_description":"Datos de la empresa En cumplimiento del art\u00edculo 10 de la Ley 34\/2002, de 11 de julio, de Servicios de la Sociedad de la Informaci\u00f3n y Comercio Electr\u00f3nico, a continuaci\u00f3n &hellip;","og_url":"https:\/\/tecnologiaparalaindustria.com\/en\/aviso-legal\/","og_site_name":"Tecnolog\u00eda para la Industria","article_publisher":"https:\/\/www.facebook.com\/tecnologiaparalaindustria","article_modified_time":"2022-11-16T10:43:56+00:00","twitter_card":"summary_large_image","twitter_misc":{"Est. reading time":"5 minutes"},"schema":{"@context":"https:\/\/schema.org","@graph":[{"@type":"WebPage","@id":"https:\/\/tecnologiaparalaindustria.com\/aviso-legal\/","url":"https:\/\/tecnologiaparalaindustria.com\/aviso-legal\/","name":"Aviso Legal - Tecnolog\u00eda para la Industria","isPartOf":{"@id":"https:\/\/tecnologiaparalaindustria.com\/#website"},"datePublished":"2019-02-19T15:01:05+00:00","dateModified":"2022-11-16T10:43:56+00:00","breadcrumb":{"@id":"https:\/\/tecnologiaparalaindustria.com\/aviso-legal\/#breadcrumb"},"inLanguage":"en-GB","potentialAction":[{"@type":"ReadAction","target":["https:\/\/tecnologiaparalaindustria.com\/aviso-legal\/"]}]},{"@type":"BreadcrumbList","@id":"https:\/\/tecnologiaparalaindustria.com\/aviso-legal\/#breadcrumb","itemListElement":[{"@type":"ListItem","position":1,"name":"Home","item":"https:\/\/tecnologiaparalaindustria.com\/"},{"@type":"ListItem","position":2,"name":"Aviso Legal"}]},{"@type":"WebSite","@id":"https:\/\/tecnologiaparalaindustria.com\/#website","url":"https:\/\/tecnologiaparalaindustria.com\/","name":"Technology for Industry","description":"Technological solutions for industrial plants","publisher":{"@id":"https:\/\/tecnologiaparalaindustria.com\/#organization"},"potentialAction":[{"@type":"SearchAction","target":{"@type":"EntryPoint","urlTemplate":"https:\/\/tecnologiaparalaindustria.com\/?s={search_term_string}"},"query-input":{"@type":"PropertyValueSpecification","valueRequired":true,"valueName":"search_term_string"}}],"inLanguage":"en-GB"},{"@type":"Organization","@id":"https:\/\/tecnologiaparalaindustria.com\/#organization","name":"TPI - Technology for Industry","url":"https:\/\/tecnologiaparalaindustria.com\/","logo":{"@type":"ImageObject","inLanguage":"en-GB","@id":"https:\/\/tecnologiaparalaindustria.com\/#\/schema\/logo\/image\/","url":"https:\/\/tecnologiaparalaindustria.com\/wp-content\/uploads\/2020\/08\/cropped-LOGO-FONDO-BLANCO.png","contentUrl":"https:\/\/tecnologiaparalaindustria.com\/wp-content\/uploads\/2020\/08\/cropped-LOGO-FONDO-BLANCO.png","width":520,"height":289,"caption":"TPI - Tecnolog\u00eda para la Industria"},"image":{"@id":"https:\/\/tecnologiaparalaindustria.com\/#\/schema\/logo\/image\/"},"sameAs":["https:\/\/www.facebook.com\/tecnologiaparalaindustria","https:\/\/www.instagram.com\/tecnologiaparalaindustria\/"]}]}},"featured_image_src":null,"featured_image_src_square":null,"acf":[],"_links":{"self":[{"href":"https:\/\/tecnologiaparalaindustria.com\/en\/wp-json\/wp\/v2\/pages\/600","targetHints":{"allow":["GET"]}}],"collection":[{"href":"https:\/\/tecnologiaparalaindustria.com\/en\/wp-json\/wp\/v2\/pages"}],"about":[{"href":"https:\/\/tecnologiaparalaindustria.com\/en\/wp-json\/wp\/v2\/types\/page"}],"author":[{"embeddable":true,"href":"https:\/\/tecnologiaparalaindustria.com\/en\/wp-json\/wp\/v2\/users\/2"}],"replies":[{"embeddable":true,"href":"https:\/\/tecnologiaparalaindustria.com\/en\/wp-json\/wp\/v2\/comments?post=600"}],"version-history":[{"count":0,"href":"https:\/\/tecnologiaparalaindustria.com\/en\/wp-json\/wp\/v2\/pages\/600\/revisions"}],"wp:attachment":[{"href":"https:\/\/tecnologiaparalaindustria.com\/en\/wp-json\/wp\/v2\/media?parent=600"}],"curies":[{"name":"wp","href":"https:\/\/api.w.org\/{rel}","templated":true}]}}