{"id":1003139,"date":"2024-06-03T14:00:51","date_gmt":"2024-06-03T14:00:51","guid":{"rendered":"https:\/\/tecnologiaparalaindustria.com\/?page_id=1003139"},"modified":"2024-06-03T15:04:32","modified_gmt":"2024-06-03T15:04:32","slug":"catalogo-tpi-productos-digitales","status":"publish","type":"page","link":"https:\/\/tecnologiaparalaindustria.com\/fr\/catalogo-tpi-productos-digitales\/","title":{"rendered":"CATALOGUE TPI PRODUITS NUM\u00c9RIQUES"},"content":{"rendered":"<p>CATALOGUE TPI<\/p>\n<h1>\n\t\tPRODUCTOS DIGITALES\n\t<\/h1>\n\t<p>T\u00e9l\u00e9chargez notre catalogue et d\u00e9couvrez comment maximiser votre retour sur investissement gr\u00e2ce \u00e0 des strat\u00e9gies efficaces, obtenir des prospects de qualit\u00e9 et acc\u00e9der \u00e0 des donn\u00e9es d\u00e9taill\u00e9es qui stimuleront votre croissance sur le march\u00e9 industriel.<\/p>\n\t\t\t<a href=\"\" target=\"_self\" rel=\"noopener\">\n\t\t\t\t\t\t\tVOIR LE CATALOGUE\n\t\t\t\t\t<\/a>\n\t<p><strong>D\u00e9couvrez tout ce que vous devez savoir pour augmenter vos ventes et am\u00e9liorer votre positionnement sur le march\u00e9 industriel.<\/strong><\/p>\n<h2>\n\t\tDans ce catalogue, vous trouverez\n\t<\/h2>\n\t\t<h3>Tous nos produits<\/h3>\n\t\t\t<p>Une liste compl\u00e8te des produits propos\u00e9s par Technology for Industry, d\u00e9taillant leurs sp\u00e9cifications et leurs avantages.<\/p>\t\t\n\t\t<h3>Statistiques et indicateurs de r\u00e9ussite<\/h3>\n\t\t\t<p>Des donn\u00e9es concr\u00e8tes d\u00e9montrant l'efficacit\u00e9 de nos solutions et leur impact positif sur la performance de nos clients.<\/p>\t\t\n<h2>\n\t\tInformations sur les services\n\t<\/h2>\n\t<p>D\u00e9tails de tous les services que nous offrons, y compris :<\/p>\n\t<ul>\n\t\t\t<li>\n\t\t\t\t<b>Banni\u00e8res publicitaires :<\/b> Strat\u00e9gies de publicit\u00e9 num\u00e9rique pour accro\u00eetre la visibilit\u00e9 de votre marque.\n\t\t\t<\/li>\n\t\t\t<li>\n\t\t\t\t<b>Publicit\u00e9 en ligne :<\/b> Des campagnes cibl\u00e9es pour attirer l'attention de votre public cible.\n\t\t\t<\/li>\n\t\t\t<li>\n\t\t\t\t<b>Webinaires :<\/b> Programmes d'\u00e9ducation et de formation destin\u00e9s \u00e0 attirer et \u00e0 \u00e9duquer les clients potentiels.\n\t\t\t<\/li>\n\t\t\t<li>\n\t\t\t\t<b>Montage vid\u00e9o :<\/b> Services de production et de montage vid\u00e9o pour am\u00e9liorer la pr\u00e9sentation de vos produits et services.\n\t\t\t<\/li>\n\t\t\t<li>\n\t\t\t\t<b>G\u00e9n\u00e9ration de leads :<\/b> Techniques et outils avanc\u00e9s pour g\u00e9n\u00e9rer des prospects de haute qualit\u00e9 et acc\u00e9l\u00e9rer votre processus de vente.\n\t\t\t<\/li>\n\t\t<\/ul>\n\t\t\t<a href=\"\" target=\"_self\" rel=\"noopener\">\n\t\t\t\t\t\t\tVOIR LE CATALOGUE\n\t\t\t\t\t<\/a>\n\t\t\t\t<img loading=\"lazy\" decoding=\"async\" src=\"https:\/\/tecnologiaparalaindustria.com\/wp-content\/uploads\/2024\/03\/Cambio-de-PLC-5-y-ES-1771-jpg.webp\" alt=\"Cambio de PLC-5 y E\/S 1771\" itemprop=\"image\" height=\"628\" width=\"1200\" title=\"Changement de PLC-5 et E:S 1771\" onerror=\"this.style.display='none'\"  \/>\n\t<img decoding=\"async\" src=\"https:\/\/fast.wistia.com\/embed\/medias\/6589ca8tfd\/swatch\" alt=\"\" aria-hidden=\"true\" onload=\"this.parentNode.style.opacity=1;\" \/>\n<h2>\n\t\tPourquoi choisir la technologie pour l'industrie ?\n\t<\/h2>\n\t<p>Chez Technology for Industry, nous transformons votre strat\u00e9gie de contenu en r\u00e9sultats concrets. Nous g\u00e9n\u00e9rons des prospects de haute qualit\u00e9 qui sont r\u00e9ellement pr\u00eats \u00e0 acheter. Avec plus de 20 000 acheteurs techniques dans notre base de donn\u00e9es et un contenu qui attire plus de 50 000 visites mensuelles, nous n'offrons pas seulement de la visibilit\u00e9, mais aussi des r\u00e9sultats v\u00e9rifiables.<\/p>\n\t<ul>\n\t\t\t<li>\n\t\t\t\t<b>Des clients cibles pr\u00e9cis :<\/b> Nous ciblons exactement les personnes dont vous avez besoin : les d\u00e9cideurs techniques ayant des intentions d'achat claires.\n\t\t\t<\/li>\n\t\t\t<li>\n\t\t\t\t<b>Donn\u00e9es d\u00e9taill\u00e9es :<\/b> Nous fournissons des donn\u00e9es d\u00e9taill\u00e9es sur le comportement, l'int\u00e9r\u00eat et la tra\u00e7abilit\u00e9 afin d'optimiser votre strat\u00e9gie de marketing.\n\t\t\t<\/li>\n\t\t<\/ul>\n\t\t\t<a href=\"\" target=\"_self\" rel=\"noopener\">\n\t\t\t\t\t\t\tVOIR LE CATALOGUE\n\t\t\t\t\t<\/a>\n\t<p>T\u00e9l\u00e9chargez notre catalogue d\u00e8s maintenant et d\u00e9couvrez comment nos solutions peuvent transformer votre strat\u00e9gie de marketing industriel, augmenter vos ventes et am\u00e9liorer votre positionnement sur le march\u00e9.<\/p>\n\t\t\t<a href=\"\" target=\"_self\" rel=\"noopener\">\n\t\t\t\t\t\t\tVOIR LE CATALOGUE\n\t\t\t\t\t<\/a>\n\t\t<h4>\n\t\t\tModal Box\n\t\t\t\t\t<\/h4>\n\t\t<h5>modal-<\/h5>\n\t\tClick here to edit the \u00abmodal-box\u00bb settings. This text is only for editing and will not appear after you publish the changes.\t\n\t\t\t\t\t\tPreview\n\t\t\tmodal-\n\t\t\t\t\t\t\t\t\t\t\t<h4 id=\"modal-title-\">Remplissez le formulaire pour acc\u00e9der au catalogue<\/h4>\t\t\t\t\t\t\t\t\t\t\t\t\t\t\t\t\n\t\t\t\t\t\t<!-- SharpSpring Form for CAT\u00c1LOGO TPI - PRODUCTOS DIGITALES  -->","protected":false},"excerpt":{"rendered":"<p>CAT\u00c1LOGO TPI PRODUCTOS DIGITALES Descarga nuestro cat\u00e1logo y descubre c\u00f3mo maximizar tu retorno de la inversi\u00f3n con estrategias efectivas, obtener leads de alta calidad, y acceder a datos detallados que &hellip;<\/p>","protected":false},"author":2,"featured_media":0,"parent":0,"menu_order":0,"comment_status":"closed","ping_status":"closed","template":"","meta":{"_acf_changed":true,"_genesis_hide_title":false,"_genesis_hide_breadcrumbs":false,"_genesis_hide_singular_image":false,"_genesis_hide_footer_widgets":false,"_genesis_custom_body_class":"","_genesis_custom_post_class":"","_genesis_layout":"","footnotes":""},"class_list":["page","type-page","entry"],"yoast_head":"<!-- This site is optimized with the Yoast SEO plugin v27.3 - https:\/\/yoast.com\/product\/yoast-seo-wordpress\/ -->\n<title>CAT\u00c1LOGO TPI PRODUCTOS DIGITALES - Tecnolog\u00eda para la Industria<\/title>\n<meta name=\"robots\" content=\"index, follow, max-snippet:-1, max-image-preview:large, max-video-preview:-1\" \/>\n<link rel=\"canonical\" href=\"https:\/\/tecnologiaparalaindustria.com\/fr\/catalogo-tpi-productos-digitales\/\" \/>\n<meta property=\"og:locale\" content=\"fr_FR\" \/>\n<meta property=\"og:type\" content=\"article\" \/>\n<meta property=\"og:title\" content=\"CAT\u00c1LOGO TPI PRODUCTOS DIGITALES - Tecnolog\u00eda para la Industria\" \/>\n<meta property=\"og:description\" content=\"CAT\u00c1LOGO TPI PRODUCTOS DIGITALES Descarga nuestro cat\u00e1logo y descubre c\u00f3mo maximizar tu retorno de la inversi\u00f3n con estrategias efectivas, obtener leads de alta calidad, y acceder a datos detallados que &hellip;\" \/>\n<meta property=\"og:url\" content=\"https:\/\/tecnologiaparalaindustria.com\/fr\/catalogo-tpi-productos-digitales\/\" \/>\n<meta property=\"og:site_name\" content=\"Tecnolog\u00eda para la Industria\" \/>\n<meta property=\"article:publisher\" content=\"https:\/\/www.facebook.com\/tecnologiaparalaindustria\" \/>\n<meta property=\"article:modified_time\" content=\"2024-06-03T15:04:32+00:00\" \/>\n<meta property=\"og:image\" content=\"https:\/\/tecnologiaparalaindustria.com\/wp-content\/uploads\/2024\/03\/Cambio-de-PLC-5-y-ES-1771-jpg.webp\" \/>\n<meta name=\"twitter:card\" content=\"summary_large_image\" \/>\n<meta name=\"twitter:label1\" content=\"Est. reading time\" \/>\n\t<meta name=\"twitter:data1\" content=\"3 minutes\" \/>\n<script type=\"application\/ld+json\" class=\"yoast-schema-graph\">{\"@context\":\"https:\\\/\\\/schema.org\",\"@graph\":[{\"@type\":\"WebPage\",\"@id\":\"https:\\\/\\\/tecnologiaparalaindustria.com\\\/catalogo-tpi-productos-digitales\\\/\",\"url\":\"https:\\\/\\\/tecnologiaparalaindustria.com\\\/catalogo-tpi-productos-digitales\\\/\",\"name\":\"CAT\u00c1LOGO TPI PRODUCTOS DIGITALES - Tecnolog\u00eda para la Industria\",\"isPartOf\":{\"@id\":\"https:\\\/\\\/tecnologiaparalaindustria.com\\\/#website\"},\"primaryImageOfPage\":{\"@id\":\"https:\\\/\\\/tecnologiaparalaindustria.com\\\/catalogo-tpi-productos-digitales\\\/#primaryimage\"},\"image\":{\"@id\":\"https:\\\/\\\/tecnologiaparalaindustria.com\\\/catalogo-tpi-productos-digitales\\\/#primaryimage\"},\"thumbnailUrl\":\"https:\\\/\\\/tecnologiaparalaindustria.com\\\/wp-content\\\/uploads\\\/2024\\\/03\\\/Cambio-de-PLC-5-y-ES-1771-jpg.webp\",\"datePublished\":\"2024-06-03T14:00:51+00:00\",\"dateModified\":\"2024-06-03T15:04:32+00:00\",\"breadcrumb\":{\"@id\":\"https:\\\/\\\/tecnologiaparalaindustria.com\\\/catalogo-tpi-productos-digitales\\\/#breadcrumb\"},\"inLanguage\":\"fr-FR\",\"potentialAction\":[{\"@type\":\"ReadAction\",\"target\":[\"https:\\\/\\\/tecnologiaparalaindustria.com\\\/catalogo-tpi-productos-digitales\\\/\"]}]},{\"@type\":\"ImageObject\",\"inLanguage\":\"fr-FR\",\"@id\":\"https:\\\/\\\/tecnologiaparalaindustria.com\\\/catalogo-tpi-productos-digitales\\\/#primaryimage\",\"url\":\"https:\\\/\\\/tecnologiaparalaindustria.com\\\/wp-content\\\/uploads\\\/2024\\\/03\\\/Cambio-de-PLC-5-y-ES-1771-jpg.webp\",\"contentUrl\":\"https:\\\/\\\/tecnologiaparalaindustria.com\\\/wp-content\\\/uploads\\\/2024\\\/03\\\/Cambio-de-PLC-5-y-ES-1771-jpg.webp\"},{\"@type\":\"BreadcrumbList\",\"@id\":\"https:\\\/\\\/tecnologiaparalaindustria.com\\\/catalogo-tpi-productos-digitales\\\/#breadcrumb\",\"itemListElement\":[{\"@type\":\"ListItem\",\"position\":1,\"name\":\"Home\",\"item\":\"https:\\\/\\\/tecnologiaparalaindustria.com\\\/\"},{\"@type\":\"ListItem\",\"position\":2,\"name\":\"CAT\u00c1LOGO TPI PRODUCTOS DIGITALES\"}]},{\"@type\":\"WebSite\",\"@id\":\"https:\\\/\\\/tecnologiaparalaindustria.com\\\/#website\",\"url\":\"https:\\\/\\\/tecnologiaparalaindustria.com\\\/\",\"name\":\"Tecnolog\u00eda para la Industria\",\"description\":\"Soluciones tecnol\u00f3gicas para plantas industriales\",\"publisher\":{\"@id\":\"https:\\\/\\\/tecnologiaparalaindustria.com\\\/#organization\"},\"potentialAction\":[{\"@type\":\"SearchAction\",\"target\":{\"@type\":\"EntryPoint\",\"urlTemplate\":\"https:\\\/\\\/tecnologiaparalaindustria.com\\\/?s={search_term_string}\"},\"query-input\":{\"@type\":\"PropertyValueSpecification\",\"valueRequired\":true,\"valueName\":\"search_term_string\"}}],\"inLanguage\":\"fr-FR\"},{\"@type\":\"Organization\",\"@id\":\"https:\\\/\\\/tecnologiaparalaindustria.com\\\/#organization\",\"name\":\"TPI - Tecnolog\u00eda para la Industria\",\"url\":\"https:\\\/\\\/tecnologiaparalaindustria.com\\\/\",\"logo\":{\"@type\":\"ImageObject\",\"inLanguage\":\"fr-FR\",\"@id\":\"https:\\\/\\\/tecnologiaparalaindustria.com\\\/#\\\/schema\\\/logo\\\/image\\\/\",\"url\":\"https:\\\/\\\/tecnologiaparalaindustria.com\\\/wp-content\\\/uploads\\\/2020\\\/08\\\/cropped-LOGO-FONDO-BLANCO.png\",\"contentUrl\":\"https:\\\/\\\/tecnologiaparalaindustria.com\\\/wp-content\\\/uploads\\\/2020\\\/08\\\/cropped-LOGO-FONDO-BLANCO.png\",\"width\":520,\"height\":289,\"caption\":\"TPI - Tecnolog\u00eda para la Industria\"},\"image\":{\"@id\":\"https:\\\/\\\/tecnologiaparalaindustria.com\\\/#\\\/schema\\\/logo\\\/image\\\/\"},\"sameAs\":[\"https:\\\/\\\/www.facebook.com\\\/tecnologiaparalaindustria\",\"https:\\\/\\\/www.instagram.com\\\/tecnologiaparalaindustria\\\/\"]}]}<\/script>\n<!-- \/ Yoast SEO plugin. -->","yoast_head_json":{"title":"CAT\u00c1LOGO TPI PRODUCTOS DIGITALES - Tecnolog\u00eda para la Industria","robots":{"index":"index","follow":"follow","max-snippet":"max-snippet:-1","max-image-preview":"max-image-preview:large","max-video-preview":"max-video-preview:-1"},"canonical":"https:\/\/tecnologiaparalaindustria.com\/fr\/catalogo-tpi-productos-digitales\/","og_locale":"fr_FR","og_type":"article","og_title":"CAT\u00c1LOGO TPI PRODUCTOS DIGITALES - Tecnolog\u00eda para la Industria","og_description":"CAT\u00c1LOGO TPI PRODUCTOS DIGITALES Descarga nuestro cat\u00e1logo y descubre c\u00f3mo maximizar tu retorno de la inversi\u00f3n con estrategias efectivas, obtener leads de alta calidad, y acceder a datos detallados que &hellip;","og_url":"https:\/\/tecnologiaparalaindustria.com\/fr\/catalogo-tpi-productos-digitales\/","og_site_name":"Tecnolog\u00eda para la Industria","article_publisher":"https:\/\/www.facebook.com\/tecnologiaparalaindustria","article_modified_time":"2024-06-03T15:04:32+00:00","og_image":[{"url":"https:\/\/tecnologiaparalaindustria.com\/wp-content\/uploads\/2024\/03\/Cambio-de-PLC-5-y-ES-1771-jpg.webp","type":"","width":"","height":""}],"twitter_card":"summary_large_image","twitter_misc":{"Est. reading time":"3 minutes"},"schema":{"@context":"https:\/\/schema.org","@graph":[{"@type":"WebPage","@id":"https:\/\/tecnologiaparalaindustria.com\/catalogo-tpi-productos-digitales\/","url":"https:\/\/tecnologiaparalaindustria.com\/catalogo-tpi-productos-digitales\/","name":"CAT\u00c1LOGO TPI PRODUCTOS DIGITALES - Tecnolog\u00eda para la Industria","isPartOf":{"@id":"https:\/\/tecnologiaparalaindustria.com\/#website"},"primaryImageOfPage":{"@id":"https:\/\/tecnologiaparalaindustria.com\/catalogo-tpi-productos-digitales\/#primaryimage"},"image":{"@id":"https:\/\/tecnologiaparalaindustria.com\/catalogo-tpi-productos-digitales\/#primaryimage"},"thumbnailUrl":"https:\/\/tecnologiaparalaindustria.com\/wp-content\/uploads\/2024\/03\/Cambio-de-PLC-5-y-ES-1771-jpg.webp","datePublished":"2024-06-03T14:00:51+00:00","dateModified":"2024-06-03T15:04:32+00:00","breadcrumb":{"@id":"https:\/\/tecnologiaparalaindustria.com\/catalogo-tpi-productos-digitales\/#breadcrumb"},"inLanguage":"fr-FR","potentialAction":[{"@type":"ReadAction","target":["https:\/\/tecnologiaparalaindustria.com\/catalogo-tpi-productos-digitales\/"]}]},{"@type":"ImageObject","inLanguage":"fr-FR","@id":"https:\/\/tecnologiaparalaindustria.com\/catalogo-tpi-productos-digitales\/#primaryimage","url":"https:\/\/tecnologiaparalaindustria.com\/wp-content\/uploads\/2024\/03\/Cambio-de-PLC-5-y-ES-1771-jpg.webp","contentUrl":"https:\/\/tecnologiaparalaindustria.com\/wp-content\/uploads\/2024\/03\/Cambio-de-PLC-5-y-ES-1771-jpg.webp"},{"@type":"BreadcrumbList","@id":"https:\/\/tecnologiaparalaindustria.com\/catalogo-tpi-productos-digitales\/#breadcrumb","itemListElement":[{"@type":"ListItem","position":1,"name":"Home","item":"https:\/\/tecnologiaparalaindustria.com\/"},{"@type":"ListItem","position":2,"name":"CAT\u00c1LOGO TPI PRODUCTOS DIGITALES"}]},{"@type":"WebSite","@id":"https:\/\/tecnologiaparalaindustria.com\/#website","url":"https:\/\/tecnologiaparalaindustria.com\/","name":"La technologie au service de l'industrie","description":"Solutions technologiques pour les installations industrielles","publisher":{"@id":"https:\/\/tecnologiaparalaindustria.com\/#organization"},"potentialAction":[{"@type":"SearchAction","target":{"@type":"EntryPoint","urlTemplate":"https:\/\/tecnologiaparalaindustria.com\/?s={search_term_string}"},"query-input":{"@type":"PropertyValueSpecification","valueRequired":true,"valueName":"search_term_string"}}],"inLanguage":"fr-FR"},{"@type":"Organization","@id":"https:\/\/tecnologiaparalaindustria.com\/#organization","name":"TPI - Technologie pour l'industrie","url":"https:\/\/tecnologiaparalaindustria.com\/","logo":{"@type":"ImageObject","inLanguage":"fr-FR","@id":"https:\/\/tecnologiaparalaindustria.com\/#\/schema\/logo\/image\/","url":"https:\/\/tecnologiaparalaindustria.com\/wp-content\/uploads\/2020\/08\/cropped-LOGO-FONDO-BLANCO.png","contentUrl":"https:\/\/tecnologiaparalaindustria.com\/wp-content\/uploads\/2020\/08\/cropped-LOGO-FONDO-BLANCO.png","width":520,"height":289,"caption":"TPI - Tecnolog\u00eda para la Industria"},"image":{"@id":"https:\/\/tecnologiaparalaindustria.com\/#\/schema\/logo\/image\/"},"sameAs":["https:\/\/www.facebook.com\/tecnologiaparalaindustria","https:\/\/www.instagram.com\/tecnologiaparalaindustria\/"]}]}},"featured_image_src":null,"featured_image_src_square":null,"acf":[],"_links":{"self":[{"href":"https:\/\/tecnologiaparalaindustria.com\/fr\/wp-json\/wp\/v2\/pages\/1003139","targetHints":{"allow":["GET"]}}],"collection":[{"href":"https:\/\/tecnologiaparalaindustria.com\/fr\/wp-json\/wp\/v2\/pages"}],"about":[{"href":"https:\/\/tecnologiaparalaindustria.com\/fr\/wp-json\/wp\/v2\/types\/page"}],"author":[{"embeddable":true,"href":"https:\/\/tecnologiaparalaindustria.com\/fr\/wp-json\/wp\/v2\/users\/2"}],"replies":[{"embeddable":true,"href":"https:\/\/tecnologiaparalaindustria.com\/fr\/wp-json\/wp\/v2\/comments?post=1003139"}],"version-history":[{"count":0,"href":"https:\/\/tecnologiaparalaindustria.com\/fr\/wp-json\/wp\/v2\/pages\/1003139\/revisions"}],"wp:attachment":[{"href":"https:\/\/tecnologiaparalaindustria.com\/fr\/wp-json\/wp\/v2\/media?parent=1003139"}],"curies":[{"name":"wp","href":"https:\/\/api.w.org\/{rel}","templated":true}]}}