{"id":1003348,"date":"2024-11-25T15:27:20","date_gmt":"2024-11-25T15:27:20","guid":{"rendered":"https:\/\/tecnologiaparalaindustria.com\/?page_id=1003348"},"modified":"2024-12-12T16:59:04","modified_gmt":"2024-12-12T16:59:04","slug":"descubre-la-guia-esencial-para-operaciones-mineras-eficientes","status":"publish","type":"page","link":"https:\/\/tecnologiaparalaindustria.com\/fr\/descubre-la-guia-esencial-para-operaciones-mineras-eficientes\/","title":{"rendered":"\u00a1Descubre la Gu\u00eda Esencial para Operaciones Mineras Eficientes!"},"content":{"rendered":"<img loading=\"lazy\" decoding=\"async\" src=\"https:\/\/tecnologiaparalaindustria.com\/wp-content\/uploads\/2024\/11\/logo-watson-marlow.png\" alt=\"logo watson marlow\" itemprop=\"image\" height=\"64\" width=\"242\" title=\"logo watson marlow\" onerror=\"this.style.display='none'\"  \/>\n<h1>\n\t\tBiblioteca Esencial para Operaciones Mineras Eficientes\n\t<\/h1>\n\t<p>Accede a 8 audiolibros exclusivos que transformar\u00e1n la eficiencia de tus operaciones mineras.<\/p>\n\t\t\t<a href=\"#\" role=\"button\">\n\t\t\t\t\t\t\tQuiero los AudioLibros\n\t\t\t\t\t<\/a>\n<!-- SharpSpring Form for WM ADS. Gu\u00eda Esencial para Operaciones Mineras Eficientes  -->\n<h2>\n\t\t\u00bfPor qu\u00e9 estos Audiolibros son para Ti?\n\t<\/h2>\n\t\t\t\t\t\t\t<img loading=\"lazy\" decoding=\"async\" src=\"https:\/\/tecnologiaparalaindustria.com\/wp-content\/uploads\/2024\/11\/Prolonga-la-vida-util-de-tus-bombas-peristalticas-icon.webp\" alt=\"Prolonga la vida u\u0301til de tus bombas perista\u0301lticas icon\" width=\"300\" height=\"296\" \/>\n\t\t<h4>Aumenta la eficiencia<\/h4>\n\t\t\t<p>Soluciones pr\u00e1cticas y probadas para optimizar tus operaciones.<\/p>\t\t\n\t\t\t\t\t\t\t<img loading=\"lazy\" decoding=\"async\" src=\"https:\/\/tecnologiaparalaindustria.com\/wp-content\/uploads\/2024\/11\/Mejora-la-seguridad-y-reduce-el-impacto-ambiental-en-tus-operaciones-icon.webp\" alt=\"Mejora la seguridad y reduce el impacto ambiental en tus operaciones icon\" width=\"300\" height=\"300\" \/>\n\t\t<h4>Reduce costos<\/h4>\n\t\t\t<p>Minimiza tiempos muertos y fallos operativos.<\/p>\t\t\n\t\t\t\t\t\t\t<img loading=\"lazy\" decoding=\"async\" src=\"https:\/\/tecnologiaparalaindustria.com\/wp-content\/uploads\/2024\/11\/Aprende-de-expertos-con-experiencia-en-la-industria-minera-icon.webp\" alt=\"Aprende de expertos con experiencia en la industria minera icon\" width=\"300\" height=\"297\" \/>\n\t\t<h4>Aprendizaje flexible<\/h4>\n\t\t\t<p>Audiolibros que puedes escuchar donde y cuando quieras.<\/p>\t\t\n<h2>\n\t\t\u00bfQu\u00e9 incluye esta colecci\u00f3n?\n\t<\/h2>\n\t\t\t\t\t\t\t<img loading=\"lazy\" decoding=\"async\" src=\"https:\/\/tecnologiaparalaindustria.com\/wp-content\/uploads\/2024\/12\/MOCKUP-Como-identificar-y-prevenir-fallas-en-bombas-de-mineria.png\" alt=\"MOCKUP Comment identifier et pr\u00e9venir les d\u00e9faillances des pompes mini\u00e8res\" width=\"572\" height=\"396\" \/>\n\t\t<h3>Comment identifier et pr\u00e9venir les d\u00e9faillances des pompes mini\u00e8res<\/h3>\n\t\t\t<p>Descubre los pasos clave para evitar fallos cr\u00edticos y mantener tus operaciones funcionando al m\u00e1ximo.<\/p>\t\t\n\t\t\t\t\t\t\t<img loading=\"lazy\" decoding=\"async\" src=\"https:\/\/tecnologiaparalaindustria.com\/wp-content\/uploads\/2024\/12\/MOCKUP-Como-elegir-la-bomba-ideal-para-la-industria-minera.png\" alt=\"MOCKUP Comment choisir la bonne pompe pour l&#039;industrie mini\u00e8re\" width=\"572\" height=\"396\" \/>\n\t\t<h3>Comment choisir la bonne pompe pour l'industrie mini\u00e8re ?<\/h3>\n\t\t\t<p>Gu\u00eda pr\u00e1ctica para seleccionar la tecnolog\u00eda adecuada para cada tipo de operaci\u00f3n.<\/p>\t\t\n\t\t\t\t\t\t\t<img loading=\"lazy\" decoding=\"async\" src=\"https:\/\/tecnologiaparalaindustria.com\/wp-content\/uploads\/2024\/12\/MOCKUP-Reduccion-del-consumo-de-agua-en-mineria-con-bombas-peristalticas.png\" alt=\"MOCKUP R\u00e9duction de la consommation d&#039;eau dans les mines gr\u00e2ce aux pompes p\u00e9ristaltiques\" width=\"572\" height=\"395\" \/>\n\t\t<h3>R\u00e9duction de la consommation d'eau dans les mines gr\u00e2ce aux pompes p\u00e9ristaltiques<\/h3>\n\t\t\t<p>Tecnolog\u00edas innovadoras para minimizar el uso de agua y mejorar la sostenibilidad.<\/p>\t\t\n\t\t\t\t\t\t\t<img loading=\"lazy\" decoding=\"async\" src=\"https:\/\/tecnologiaparalaindustria.com\/wp-content\/uploads\/2024\/12\/MOCKUP-Estrategias-y-tecnologias-para-el-bombeo-en-la-industria-minera.png\" alt=\"MOCKUP Strat\u00e9gies et technologies de pompage dans l&#039;industrie mini\u00e8re\" width=\"542\" height=\"371\" \/>\n\t\t<h3>Strat\u00e9gies et technologies de pompage dans l'industrie mini\u00e8re<\/h3>\n\t\t\t<p>Mejoras operativas basadas en las soluciones de bombeo m\u00e1s avanzadas.<\/p>\t\t\n\t\t\t\t\t\t\t<img loading=\"lazy\" decoding=\"async\" src=\"https:\/\/tecnologiaparalaindustria.com\/wp-content\/uploads\/2024\/12\/MOCKUP-Consejos-clave-para-escoger-la-mejor-bomba-de-lodos-para-mineria.png\" alt=\"MOCKUP Conseils pour choisir la meilleure pompe \u00e0 boues pour l&#039;industrie mini\u00e8re\" width=\"542\" height=\"371\" \/>\n\t\t<h3>Conseils pour choisir la meilleure pompe \u00e0 boues pour l'industrie mini\u00e8re<\/h3>\n\t\t\t<p>Aumenta la eficiencia en el manejo de lodos con estas recomendaciones.\u00a0<\/p>\t\t\n\t\t\t\t\t\t\t<img loading=\"lazy\" decoding=\"async\" src=\"https:\/\/tecnologiaparalaindustria.com\/wp-content\/uploads\/2024\/12\/MOCKUP-Optimiza-tus-Operaciones-Mineras-con-Tecnologia-Peristaltica.png\" alt=\"MOCKUP optimise vos op\u00e9rations mini\u00e8res gr\u00e2ce \u00e0 la technologie p\u00e9ristaltique\" width=\"542\" height=\"371\" \/>\n\t\t<h3>Optimiza tus operaciones mineras con tecnolog\u00eda perist\u00e1ltica<\/h3>\n\t\t\t<p>Aprovecha al m\u00e1ximo las ventajas de esta innovadora tecnolog\u00eda.<\/p>\t\t\n\t\t\t\t\t\t\t<img loading=\"lazy\" decoding=\"async\" src=\"https:\/\/tecnologiaparalaindustria.com\/wp-content\/uploads\/2024\/11\/MOCKUP-Mantenimiento-de-las-bombas-peristalticas-en-operaciones-mineras.png\" alt=\"MOCKUP Maintenance des pompes p\u00e9ristaltiques dans les exploitations mini\u00e8res\" width=\"800\" height=\"521\" \/>\n\t\t<h3>Maintenance des pompes p\u00e9ristaltiques dans les exploitations mini\u00e8res<\/h3>\n\t\t\t<p>Prolonga la vida \u00fatil de tus equipos con un mantenimiento adecuado.<\/p>\t\t\n\t\t\t\t\t\t\t<img loading=\"lazy\" decoding=\"async\" src=\"https:\/\/tecnologiaparalaindustria.com\/wp-content\/uploads\/2024\/11\/MOCKUP-Como-reducir-derrames-mineros-peligrosos-con-el-uso-de-bombas-peristalticas-Bredel-y-Qdos.png\" alt=\"MOCKUP Comment r\u00e9duire les d\u00e9versements dangereux dans les mines en utilisant les pompes p\u00e9ristaltiques Bredel et Qdos\" width=\"800\" height=\"548\" \/>\n\t\t<h3>C\u00f3mo reducir derrames mineros peligrosos<\/h3>\n\t\t\t<p>Garantiza la seguridad y el cumplimiento normativo en tus operaciones.<\/p>\t\t\n\t\t\t<a href=\"#\" role=\"button\">\n\t\t\t\t\t\t\tQuiero los AudioLibros\n\t\t\t\t\t<\/a>\n<!-- SharpSpring Form for WM ADS. Gu\u00eda Esencial para Operaciones Mineras Eficientes  -->\n<h2>\n\t\tEmpresas del sector minero ya conf\u00edan en estas soluciones\n\t<\/h2>\n\t\t+1,500\n\t\t\t\t\tDescargas realizadas por profesionales\n\t\t+50\n\t\t\t\t\tSoluciones aplicadas en operaciones mineras\n\t\t-25%\n\t\t\t\t\tReducimos tiempos de inactividades\n<h2>\n\t\t\u00a1Aprovecha estos recursos exclusivos ahora!\n\t<\/h2>\n\t<p>Reg\u00edstrate y accede de inmediato a los audiolibros gratuitos.<\/p>\n\t\t\t<a href=\"#\" role=\"button\">\n\t\t\t\t\t\t\tQuiero los AudioLibros\n\t\t\t\t\t<\/a>\n<!-- SharpSpring Form for WM ADS. Gu\u00eda Esencial para Operaciones Mineras Eficientes  -->","protected":false},"excerpt":{"rendered":"<p>Biblioteca Esencial para Operaciones Mineras Eficientes Accede a 8 audiolibros exclusivos que transformar\u00e1n la eficiencia de tus operaciones mineras. Quiero los AudioLibros \u00bfPor qu\u00e9 estos Audiolibros son para Ti? Aumenta &hellip;<\/p>","protected":false},"author":3,"featured_media":0,"parent":0,"menu_order":0,"comment_status":"closed","ping_status":"closed","template":"","meta":{"_acf_changed":false,"_genesis_hide_title":false,"_genesis_hide_breadcrumbs":false,"_genesis_hide_singular_image":false,"_genesis_hide_footer_widgets":false,"_genesis_custom_body_class":"","_genesis_custom_post_class":"","_genesis_layout":"","footnotes":""},"class_list":["page","type-page","entry"],"yoast_head":"<!-- This site is optimized with the Yoast SEO plugin v27.3 - https:\/\/yoast.com\/product\/yoast-seo-wordpress\/ -->\n<title>\u00a1Descubre la Gu\u00eda Esencial para Operaciones Mineras Eficientes! - Tecnolog\u00eda para la Industria<\/title>\n<meta name=\"robots\" content=\"index, follow, max-snippet:-1, max-image-preview:large, max-video-preview:-1\" \/>\n<link rel=\"canonical\" href=\"https:\/\/tecnologiaparalaindustria.com\/fr\/descubre-la-guia-esencial-para-operaciones-mineras-eficientes\/\" \/>\n<meta property=\"og:locale\" content=\"fr_FR\" \/>\n<meta property=\"og:type\" content=\"article\" \/>\n<meta property=\"og:title\" content=\"\u00a1Descubre la Gu\u00eda Esencial para Operaciones Mineras Eficientes! - Tecnolog\u00eda para la Industria\" \/>\n<meta property=\"og:description\" content=\"Biblioteca Esencial para Operaciones Mineras Eficientes Accede a 8 audiolibros exclusivos que transformar\u00e1n la eficiencia de tus operaciones mineras. Quiero los AudioLibros \u00bfPor qu\u00e9 estos Audiolibros son para Ti? Aumenta &hellip;\" \/>\n<meta property=\"og:url\" content=\"https:\/\/tecnologiaparalaindustria.com\/fr\/descubre-la-guia-esencial-para-operaciones-mineras-eficientes\/\" \/>\n<meta property=\"og:site_name\" content=\"Tecnolog\u00eda para la Industria\" \/>\n<meta property=\"article:publisher\" content=\"https:\/\/www.facebook.com\/tecnologiaparalaindustria\" \/>\n<meta property=\"article:modified_time\" content=\"2024-12-12T16:59:04+00:00\" \/>\n<meta property=\"og:image\" content=\"https:\/\/tecnologiaparalaindustria.com\/wp-content\/uploads\/2024\/11\/logo-watson-marlow.png\" \/>\n<meta name=\"twitter:card\" content=\"summary_large_image\" \/>\n<meta name=\"twitter:label1\" content=\"Est. reading time\" \/>\n\t<meta name=\"twitter:data1\" content=\"2 minutes\" \/>\n<script type=\"application\/ld+json\" class=\"yoast-schema-graph\">{\"@context\":\"https:\\\/\\\/schema.org\",\"@graph\":[{\"@type\":\"WebPage\",\"@id\":\"https:\\\/\\\/tecnologiaparalaindustria.com\\\/descubre-la-guia-esencial-para-operaciones-mineras-eficientes\\\/\",\"url\":\"https:\\\/\\\/tecnologiaparalaindustria.com\\\/descubre-la-guia-esencial-para-operaciones-mineras-eficientes\\\/\",\"name\":\"\u00a1Descubre la Gu\u00eda Esencial para Operaciones Mineras Eficientes! - Tecnolog\u00eda para la Industria\",\"isPartOf\":{\"@id\":\"https:\\\/\\\/tecnologiaparalaindustria.com\\\/#website\"},\"primaryImageOfPage\":{\"@id\":\"https:\\\/\\\/tecnologiaparalaindustria.com\\\/descubre-la-guia-esencial-para-operaciones-mineras-eficientes\\\/#primaryimage\"},\"image\":{\"@id\":\"https:\\\/\\\/tecnologiaparalaindustria.com\\\/descubre-la-guia-esencial-para-operaciones-mineras-eficientes\\\/#primaryimage\"},\"thumbnailUrl\":\"https:\\\/\\\/tecnologiaparalaindustria.com\\\/wp-content\\\/uploads\\\/2024\\\/11\\\/logo-watson-marlow.png\",\"datePublished\":\"2024-11-25T15:27:20+00:00\",\"dateModified\":\"2024-12-12T16:59:04+00:00\",\"breadcrumb\":{\"@id\":\"https:\\\/\\\/tecnologiaparalaindustria.com\\\/descubre-la-guia-esencial-para-operaciones-mineras-eficientes\\\/#breadcrumb\"},\"inLanguage\":\"fr-FR\",\"potentialAction\":[{\"@type\":\"ReadAction\",\"target\":[\"https:\\\/\\\/tecnologiaparalaindustria.com\\\/descubre-la-guia-esencial-para-operaciones-mineras-eficientes\\\/\"]}]},{\"@type\":\"ImageObject\",\"inLanguage\":\"fr-FR\",\"@id\":\"https:\\\/\\\/tecnologiaparalaindustria.com\\\/descubre-la-guia-esencial-para-operaciones-mineras-eficientes\\\/#primaryimage\",\"url\":\"https:\\\/\\\/tecnologiaparalaindustria.com\\\/wp-content\\\/uploads\\\/2024\\\/11\\\/logo-watson-marlow.png\",\"contentUrl\":\"https:\\\/\\\/tecnologiaparalaindustria.com\\\/wp-content\\\/uploads\\\/2024\\\/11\\\/logo-watson-marlow.png\"},{\"@type\":\"BreadcrumbList\",\"@id\":\"https:\\\/\\\/tecnologiaparalaindustria.com\\\/descubre-la-guia-esencial-para-operaciones-mineras-eficientes\\\/#breadcrumb\",\"itemListElement\":[{\"@type\":\"ListItem\",\"position\":1,\"name\":\"Home\",\"item\":\"https:\\\/\\\/tecnologiaparalaindustria.com\\\/\"},{\"@type\":\"ListItem\",\"position\":2,\"name\":\"\u00a1Descubre la Gu\u00eda Esencial para Operaciones Mineras Eficientes!\"}]},{\"@type\":\"WebSite\",\"@id\":\"https:\\\/\\\/tecnologiaparalaindustria.com\\\/#website\",\"url\":\"https:\\\/\\\/tecnologiaparalaindustria.com\\\/\",\"name\":\"Tecnolog\u00eda para la Industria\",\"description\":\"Soluciones tecnol\u00f3gicas para plantas industriales\",\"publisher\":{\"@id\":\"https:\\\/\\\/tecnologiaparalaindustria.com\\\/#organization\"},\"potentialAction\":[{\"@type\":\"SearchAction\",\"target\":{\"@type\":\"EntryPoint\",\"urlTemplate\":\"https:\\\/\\\/tecnologiaparalaindustria.com\\\/?s={search_term_string}\"},\"query-input\":{\"@type\":\"PropertyValueSpecification\",\"valueRequired\":true,\"valueName\":\"search_term_string\"}}],\"inLanguage\":\"fr-FR\"},{\"@type\":\"Organization\",\"@id\":\"https:\\\/\\\/tecnologiaparalaindustria.com\\\/#organization\",\"name\":\"TPI - Tecnolog\u00eda para la Industria\",\"url\":\"https:\\\/\\\/tecnologiaparalaindustria.com\\\/\",\"logo\":{\"@type\":\"ImageObject\",\"inLanguage\":\"fr-FR\",\"@id\":\"https:\\\/\\\/tecnologiaparalaindustria.com\\\/#\\\/schema\\\/logo\\\/image\\\/\",\"url\":\"https:\\\/\\\/tecnologiaparalaindustria.com\\\/wp-content\\\/uploads\\\/2020\\\/08\\\/cropped-LOGO-FONDO-BLANCO.png\",\"contentUrl\":\"https:\\\/\\\/tecnologiaparalaindustria.com\\\/wp-content\\\/uploads\\\/2020\\\/08\\\/cropped-LOGO-FONDO-BLANCO.png\",\"width\":520,\"height\":289,\"caption\":\"TPI - Tecnolog\u00eda para la Industria\"},\"image\":{\"@id\":\"https:\\\/\\\/tecnologiaparalaindustria.com\\\/#\\\/schema\\\/logo\\\/image\\\/\"},\"sameAs\":[\"https:\\\/\\\/www.facebook.com\\\/tecnologiaparalaindustria\",\"https:\\\/\\\/www.instagram.com\\\/tecnologiaparalaindustria\\\/\"]}]}<\/script>\n<!-- \/ Yoast SEO plugin. -->","yoast_head_json":{"title":"\u00a1Descubre la Gu\u00eda Esencial para Operaciones Mineras Eficientes! - Tecnolog\u00eda para la Industria","robots":{"index":"index","follow":"follow","max-snippet":"max-snippet:-1","max-image-preview":"max-image-preview:large","max-video-preview":"max-video-preview:-1"},"canonical":"https:\/\/tecnologiaparalaindustria.com\/fr\/descubre-la-guia-esencial-para-operaciones-mineras-eficientes\/","og_locale":"fr_FR","og_type":"article","og_title":"\u00a1Descubre la Gu\u00eda Esencial para Operaciones Mineras Eficientes! - Tecnolog\u00eda para la Industria","og_description":"Biblioteca Esencial para Operaciones Mineras Eficientes Accede a 8 audiolibros exclusivos que transformar\u00e1n la eficiencia de tus operaciones mineras. Quiero los AudioLibros \u00bfPor qu\u00e9 estos Audiolibros son para Ti? Aumenta &hellip;","og_url":"https:\/\/tecnologiaparalaindustria.com\/fr\/descubre-la-guia-esencial-para-operaciones-mineras-eficientes\/","og_site_name":"Tecnolog\u00eda para la Industria","article_publisher":"https:\/\/www.facebook.com\/tecnologiaparalaindustria","article_modified_time":"2024-12-12T16:59:04+00:00","og_image":[{"url":"https:\/\/tecnologiaparalaindustria.com\/wp-content\/uploads\/2024\/11\/logo-watson-marlow.png","type":"","width":"","height":""}],"twitter_card":"summary_large_image","twitter_misc":{"Est. reading time":"2 minutes"},"schema":{"@context":"https:\/\/schema.org","@graph":[{"@type":"WebPage","@id":"https:\/\/tecnologiaparalaindustria.com\/descubre-la-guia-esencial-para-operaciones-mineras-eficientes\/","url":"https:\/\/tecnologiaparalaindustria.com\/descubre-la-guia-esencial-para-operaciones-mineras-eficientes\/","name":"\u00a1Descubre la Gu\u00eda Esencial para Operaciones Mineras Eficientes! - Tecnolog\u00eda para la Industria","isPartOf":{"@id":"https:\/\/tecnologiaparalaindustria.com\/#website"},"primaryImageOfPage":{"@id":"https:\/\/tecnologiaparalaindustria.com\/descubre-la-guia-esencial-para-operaciones-mineras-eficientes\/#primaryimage"},"image":{"@id":"https:\/\/tecnologiaparalaindustria.com\/descubre-la-guia-esencial-para-operaciones-mineras-eficientes\/#primaryimage"},"thumbnailUrl":"https:\/\/tecnologiaparalaindustria.com\/wp-content\/uploads\/2024\/11\/logo-watson-marlow.png","datePublished":"2024-11-25T15:27:20+00:00","dateModified":"2024-12-12T16:59:04+00:00","breadcrumb":{"@id":"https:\/\/tecnologiaparalaindustria.com\/descubre-la-guia-esencial-para-operaciones-mineras-eficientes\/#breadcrumb"},"inLanguage":"fr-FR","potentialAction":[{"@type":"ReadAction","target":["https:\/\/tecnologiaparalaindustria.com\/descubre-la-guia-esencial-para-operaciones-mineras-eficientes\/"]}]},{"@type":"ImageObject","inLanguage":"fr-FR","@id":"https:\/\/tecnologiaparalaindustria.com\/descubre-la-guia-esencial-para-operaciones-mineras-eficientes\/#primaryimage","url":"https:\/\/tecnologiaparalaindustria.com\/wp-content\/uploads\/2024\/11\/logo-watson-marlow.png","contentUrl":"https:\/\/tecnologiaparalaindustria.com\/wp-content\/uploads\/2024\/11\/logo-watson-marlow.png"},{"@type":"BreadcrumbList","@id":"https:\/\/tecnologiaparalaindustria.com\/descubre-la-guia-esencial-para-operaciones-mineras-eficientes\/#breadcrumb","itemListElement":[{"@type":"ListItem","position":1,"name":"Home","item":"https:\/\/tecnologiaparalaindustria.com\/"},{"@type":"ListItem","position":2,"name":"\u00a1Descubre la Gu\u00eda Esencial para Operaciones Mineras Eficientes!"}]},{"@type":"WebSite","@id":"https:\/\/tecnologiaparalaindustria.com\/#website","url":"https:\/\/tecnologiaparalaindustria.com\/","name":"La technologie au service de l'industrie","description":"Solutions technologiques pour les installations industrielles","publisher":{"@id":"https:\/\/tecnologiaparalaindustria.com\/#organization"},"potentialAction":[{"@type":"SearchAction","target":{"@type":"EntryPoint","urlTemplate":"https:\/\/tecnologiaparalaindustria.com\/?s={search_term_string}"},"query-input":{"@type":"PropertyValueSpecification","valueRequired":true,"valueName":"search_term_string"}}],"inLanguage":"fr-FR"},{"@type":"Organization","@id":"https:\/\/tecnologiaparalaindustria.com\/#organization","name":"TPI - Technologie pour l'industrie","url":"https:\/\/tecnologiaparalaindustria.com\/","logo":{"@type":"ImageObject","inLanguage":"fr-FR","@id":"https:\/\/tecnologiaparalaindustria.com\/#\/schema\/logo\/image\/","url":"https:\/\/tecnologiaparalaindustria.com\/wp-content\/uploads\/2020\/08\/cropped-LOGO-FONDO-BLANCO.png","contentUrl":"https:\/\/tecnologiaparalaindustria.com\/wp-content\/uploads\/2020\/08\/cropped-LOGO-FONDO-BLANCO.png","width":520,"height":289,"caption":"TPI - Tecnolog\u00eda para la Industria"},"image":{"@id":"https:\/\/tecnologiaparalaindustria.com\/#\/schema\/logo\/image\/"},"sameAs":["https:\/\/www.facebook.com\/tecnologiaparalaindustria","https:\/\/www.instagram.com\/tecnologiaparalaindustria\/"]}]}},"featured_image_src":null,"featured_image_src_square":null,"acf":[],"_links":{"self":[{"href":"https:\/\/tecnologiaparalaindustria.com\/fr\/wp-json\/wp\/v2\/pages\/1003348","targetHints":{"allow":["GET"]}}],"collection":[{"href":"https:\/\/tecnologiaparalaindustria.com\/fr\/wp-json\/wp\/v2\/pages"}],"about":[{"href":"https:\/\/tecnologiaparalaindustria.com\/fr\/wp-json\/wp\/v2\/types\/page"}],"author":[{"embeddable":true,"href":"https:\/\/tecnologiaparalaindustria.com\/fr\/wp-json\/wp\/v2\/users\/3"}],"replies":[{"embeddable":true,"href":"https:\/\/tecnologiaparalaindustria.com\/fr\/wp-json\/wp\/v2\/comments?post=1003348"}],"version-history":[{"count":0,"href":"https:\/\/tecnologiaparalaindustria.com\/fr\/wp-json\/wp\/v2\/pages\/1003348\/revisions"}],"wp:attachment":[{"href":"https:\/\/tecnologiaparalaindustria.com\/fr\/wp-json\/wp\/v2\/media?parent=1003348"}],"curies":[{"name":"wp","href":"https:\/\/api.w.org\/{rel}","templated":true}]}}