{"id":600,"date":"2019-02-19T15:01:05","date_gmt":"2019-02-19T15:01:05","guid":{"rendered":"http:\/\/tecnologiavao.wpengine.com\/?page_id=600"},"modified":"2022-11-16T10:43:56","modified_gmt":"2022-11-16T10:43:56","slug":"aviso-legal","status":"publish","type":"page","link":"https:\/\/tecnologiaparalaindustria.com\/fr\/aviso-legal\/","title":{"rendered":"Avis juridique"},"content":{"rendered":"<ul class=\"wp-block-list\"><li><strong>Coordonn\u00e9es de l'entreprise<\/strong><\/li><\/ul>\n\n\n\n<p>Conform\u00e9ment \u00e0 l'article 10 de la loi 34\/2002, du 11 juillet, sur les services de la soci\u00e9t\u00e9 de l'information et le commerce \u00e9lectronique, les donn\u00e9es d'identification de la soci\u00e9t\u00e9 sont indiqu\u00e9es ci-dessous.<\/p>\n\n\n\n<p>NOM COMMERCIAL : TECNOLOG\u00cdAPARALAINDUSTRIA.COM<\/p>\n\n\n\n<p>NOM FISCAL : VENTAS DE ALTO OCTANAJE S.L.U.<\/p>\n\n\n\n<p>C.I.F. : CIF B-86683554<br>SIEGE : C\/GARGANTA DE AISA N\u00ba 30. 28038 Madrid - SPAIN<br>ADRESSE \u00c9LECTRONIQUE : sabrinaizar@tecnologiaparalaindustria.com<\/p>\n\n\n\n<ul class=\"wp-block-list\"><li><strong>Propri\u00e9t\u00e9 intellectuelle<\/strong><\/li><\/ul>\n\n\n\n<p>Le code source, les conceptions graphiques, les images, les photographies, les sons, les animations, les logiciels, les textes, ainsi que les informations et le contenu de l'adresse.&nbsp;<a href=\"https:\/\/tecnologiaparalaindustria.com\/fr\/\">https:\/\/tecnologiaparalaindustria.com<\/a>&nbsp;&nbsp;sont prot\u00e9g\u00e9s par la l\u00e9gislation espagnole sur les droits de propri\u00e9t\u00e9 intellectuelle et industrielle en faveur de TECNOLOG\u00cdAPARALAINDUSTRIA.COM et la reproduction et\/ou la publication, en tout ou en partie, du site Web, son traitement informatique, sa distribution, sa diffusion, sa modification, sa transformation ou sa d\u00e9compilation, ou tout autre droit l\u00e9galement reconnu du propri\u00e9taire, n'est pas autoris\u00e9e sans l'autorisation \u00e9crite pr\u00e9alable de TECNOLOG\u00cdAPARALAINDUSTRIA.COM.<\/p>\n\n\n\n<p>La navigation sur le site web TECNOLOG\u00cdAPARALAINDUSTRIA.COM implique la condition d'utilisateur de ce dernier, qui s'engage \u00e0 accepter et \u00e0 respecter scrupuleusement les dispositions du pr\u00e9sent avis juridique, ainsi que toute autre disposition l\u00e9gale applicable.<\/p>\n\n\n\n<p>TECNOLOG\u00cdAPARALAINDUSTRIA.COM se r\u00e9serve le droit de modifier tout type d'information pouvant figurer sur le site Web.&nbsp;<a href=\"https:\/\/tecnologiaparalaindustria.com\/fr\/\">https:\/\/tecnologiaparalaindustria.com<\/a>TECNOLOG\u00cdAPARALAINDUSTRIA.COM, sans obligation de pr\u00e9avis ni d'information des utilisateurs sur ces obligations, la publication sur le site web de TECNOLOG\u00cdAPARALAINDUSTRIA.COM \u00e9tant consid\u00e9r\u00e9e comme suffisante.<\/p>\n\n\n\n<p>L'utilisateur qui visite la page peut uniquement et exclusivement utiliser le mat\u00e9riel qui appara\u00eet sur ce site Web pour son usage personnel et priv\u00e9, \u00e9tant interdit de l'utiliser \u00e0 des fins commerciales ou de se livrer \u00e0 des activit\u00e9s ill\u00e9gales. Tous les droits de propri\u00e9t\u00e9 intellectuelle sont express\u00e9ment r\u00e9serv\u00e9s par TECNOLOG\u00cdAPARALAINDUSTRIA.COM.<\/p>\n\n\n\n<p>TECNOLOG\u00cdAPARALAINDUSTRIA.COM veillera au respect des conditions susmentionn\u00e9es, ainsi qu'\u00e0 l'utilisation correcte des contenus pr\u00e9sent\u00e9s sur son site Web, en prenant les mesures civiles ou p\u00e9nales pertinentes en cas d'infraction ou de non-respect de ces droits par l'utilisateur.<\/p>\n\n\n\n<ul class=\"wp-block-list\"><li><strong>Publicit\u00e9<\/strong><\/li><\/ul>\n\n\n\n<p>TECNOLOG\u00cdAPARALAINDUDUSTRIA.COM s'engage \u00e0 ne pas faire de publicit\u00e9 trompeuse. \u00c0 cet effet, la publicit\u00e9 trompeuse ne comprend pas les erreurs formelles ou num\u00e9riques qui peuvent se trouver dans les diff\u00e9rentes sections du site web de TECNOLOG\u00cdAPARALAININDUSTRIA.COM et qui r\u00e9sultent d'une maintenance ou d'une mise \u00e0 jour incompl\u00e8te ou d\u00e9fectueuse de l'information contenue dans ces sections. TECNOLOG\u00cdAPARALAINDUSTRIA.COM, conform\u00e9ment aux dispositions de la pr\u00e9sente section, s'engage \u00e0 les corriger d\u00e8s qu'elle aura connaissance de ces erreurs.<\/p>\n\n\n\n<p>TECNOLOG\u00cdAPARALAINDUSTRIA.COM s'engage \u00e0 NE PAS ENVOYER DE CORRESPONDANCE PUBLICITAIRE SANS L'IDENTIFIER EN TANT QUE TECNOLOG\u00cdAPARALAINDUSTRIA.COM, conform\u00e9ment \u00e0 la loi 34\/2002 sur les services de la soci\u00e9t\u00e9 de l'information et du commerce \u00e9lectronique. \u00c0 cet effet, aucune information envoy\u00e9e aux clients de TECNOLOG\u00cdAPARALAINDUSTRIA.COM ne sera consid\u00e9r\u00e9e comme une correspondance publicitaire, \u00e0 condition qu'elle ait pour objet de maintenir la relation contractuelle existante entre le client et TECNOLOG\u00cdAPARALAINDUSTRIA.COM, ainsi que de r\u00e9aliser les t\u00e2ches d'information, de formation et d'autres activit\u00e9s li\u00e9es au service que le client a contract\u00e9 aupr\u00e8s de l'entreprise.<\/p>\n\n\n\n<ul class=\"wp-block-list\"><li><strong>Utilisation du site web<\/strong><\/li><\/ul>\n\n\n\n<p>TECNOLOG\u00cdAPARALAINDUSTRIA.COM n'est pas responsable du non-respect de toute norme applicable par l'utilisateur lors de son acc\u00e8s au site web.&nbsp;<a href=\"https:\/\/tecnologiaparalaindustria.com\/fr\/\">https:\/\/tecnologiaparalaindustria.com<\/a>&nbsp;et\/ou dans l'utilisation des informations qui y sont contenues.<\/p>\n\n\n\n<p>TECNOLOG\u00cdAPARALAINDUSTRIA.COM ne sera pas responsable des dommages, quelle qu'en soit la nature, d\u00e9coulant de l'utilisation de l'information, du contenu de ce site Web et des programmes qui y sont inclus. Les liens et les hypertextes qui permettent, \u00e0 travers le site web&nbsp;<a href=\"https:\/\/tecnologiaparalaindustria.com\/fr\/\">https:\/\/tecnologiaparalaindustria.com<\/a>&nbsp;l'acc\u00e8s de l'utilisateur \u00e0 des fonctions et \u00e0 des services offerts par des tiers, qui n'appartiennent pas \u00e0 TECNOLOG\u00cdAPARALAINDUSTRIA.COM et ne sont pas sous son contr\u00f4le ; cette entit\u00e9 n'est pas responsable des informations qui y sont contenues ni des effets qui peuvent d\u00e9couler de ces informations.<\/p>\n\n\n\n<p>TECNOLOG\u00cdAPARALAINDUSTRIA.COM n'est pas responsable de l'utilisation ill\u00e9gitime que des tiers pourraient faire des marques, des noms de produits et des noms commerciaux qui ne sont pas la propri\u00e9t\u00e9 de TECNOLOG\u00cdAPARALAINDUSTRIA.COM et qui apparaissent dans la page web.&nbsp;<a href=\"https:\/\/tecnologiaparalaindustria.com\/fr\/\">https:\/\/tecnologiaparalaindustria.com<\/a>. Il n'est pas non plus responsable de l'exhaustivit\u00e9, de l'exactitude et de la l\u00e9galit\u00e9 du contenu des liens vers les sites web accessibles \u00e0 partir de&nbsp;<a href=\"https:\/\/tecnologiaparalaindustria.com\/fr\/\">https:\/\/tecnologiaparalaindustria.com<\/a><\/p>\n\n\n\n<p>4.- TECNOLOG\u00cdAPARALAINDUDUSTRIA.COM n'est pas responsable des virus provenant d'une transmission t\u00e9l\u00e9matique infiltr\u00e9e par des tiers (par exemple, macros de traitement de texte, applets Java et programmes Active X), g\u00e9n\u00e9r\u00e9s dans le but d'obtenir des r\u00e9sultats n\u00e9gatifs pour un syst\u00e8me informatique.<\/p>\n\n\n\n<p>5.- En r\u00e9sum\u00e9, l'Utilisateur est seul responsable de l'usage qu'il fait des services, des contenus, des liens et des hypertextes pr\u00e9sents sur le site web.&nbsp;<a href=\"https:\/\/tecnologiaparalaindustria.com\/fr\/\">https:\/\/tecnologiaparalaindustria.com<\/a><\/p>","protected":false},"excerpt":{"rendered":"<p>Datos de la empresa En cumplimiento del art\u00edculo 10 de la Ley 34\/2002, de 11 de julio, de Servicios de la Sociedad de la Informaci\u00f3n y Comercio Electr\u00f3nico, a continuaci\u00f3n &hellip;<\/p>","protected":false},"author":2,"featured_media":0,"parent":0,"menu_order":0,"comment_status":"closed","ping_status":"closed","template":"","meta":{"_acf_changed":false,"_genesis_hide_title":false,"_genesis_hide_breadcrumbs":false,"_genesis_hide_singular_image":false,"_genesis_hide_footer_widgets":false,"_genesis_custom_body_class":"","_genesis_custom_post_class":"","_genesis_layout":"","footnotes":""},"class_list":["page","type-page","entry"],"yoast_head":"<!-- This site is optimized with the Yoast SEO plugin v27.3 - https:\/\/yoast.com\/product\/yoast-seo-wordpress\/ -->\n<title>Aviso Legal - Tecnolog\u00eda para la Industria<\/title>\n<meta name=\"robots\" content=\"index, follow, max-snippet:-1, max-image-preview:large, max-video-preview:-1\" \/>\n<link rel=\"canonical\" href=\"https:\/\/tecnologiaparalaindustria.com\/fr\/aviso-legal\/\" \/>\n<meta property=\"og:locale\" content=\"fr_FR\" \/>\n<meta property=\"og:type\" content=\"article\" \/>\n<meta property=\"og:title\" content=\"Aviso Legal - Tecnolog\u00eda para la Industria\" \/>\n<meta property=\"og:description\" content=\"Datos de la empresa En cumplimiento del art\u00edculo 10 de la Ley 34\/2002, de 11 de julio, de Servicios de la Sociedad de la Informaci\u00f3n y Comercio Electr\u00f3nico, a continuaci\u00f3n &hellip;\" \/>\n<meta property=\"og:url\" content=\"https:\/\/tecnologiaparalaindustria.com\/fr\/aviso-legal\/\" \/>\n<meta property=\"og:site_name\" content=\"Tecnolog\u00eda para la Industria\" \/>\n<meta property=\"article:publisher\" content=\"https:\/\/www.facebook.com\/tecnologiaparalaindustria\" \/>\n<meta property=\"article:modified_time\" content=\"2022-11-16T10:43:56+00:00\" \/>\n<meta name=\"twitter:card\" content=\"summary_large_image\" \/>\n<meta name=\"twitter:label1\" content=\"Est. reading time\" \/>\n\t<meta name=\"twitter:data1\" content=\"5 minutes\" \/>\n<script type=\"application\/ld+json\" class=\"yoast-schema-graph\">{\"@context\":\"https:\\\/\\\/schema.org\",\"@graph\":[{\"@type\":\"WebPage\",\"@id\":\"https:\\\/\\\/tecnologiaparalaindustria.com\\\/aviso-legal\\\/\",\"url\":\"https:\\\/\\\/tecnologiaparalaindustria.com\\\/aviso-legal\\\/\",\"name\":\"Aviso Legal - Tecnolog\u00eda para la Industria\",\"isPartOf\":{\"@id\":\"https:\\\/\\\/tecnologiaparalaindustria.com\\\/#website\"},\"datePublished\":\"2019-02-19T15:01:05+00:00\",\"dateModified\":\"2022-11-16T10:43:56+00:00\",\"breadcrumb\":{\"@id\":\"https:\\\/\\\/tecnologiaparalaindustria.com\\\/aviso-legal\\\/#breadcrumb\"},\"inLanguage\":\"fr-FR\",\"potentialAction\":[{\"@type\":\"ReadAction\",\"target\":[\"https:\\\/\\\/tecnologiaparalaindustria.com\\\/aviso-legal\\\/\"]}]},{\"@type\":\"BreadcrumbList\",\"@id\":\"https:\\\/\\\/tecnologiaparalaindustria.com\\\/aviso-legal\\\/#breadcrumb\",\"itemListElement\":[{\"@type\":\"ListItem\",\"position\":1,\"name\":\"Home\",\"item\":\"https:\\\/\\\/tecnologiaparalaindustria.com\\\/\"},{\"@type\":\"ListItem\",\"position\":2,\"name\":\"Aviso Legal\"}]},{\"@type\":\"WebSite\",\"@id\":\"https:\\\/\\\/tecnologiaparalaindustria.com\\\/#website\",\"url\":\"https:\\\/\\\/tecnologiaparalaindustria.com\\\/\",\"name\":\"Tecnolog\u00eda para la Industria\",\"description\":\"Soluciones tecnol\u00f3gicas para plantas industriales\",\"publisher\":{\"@id\":\"https:\\\/\\\/tecnologiaparalaindustria.com\\\/#organization\"},\"potentialAction\":[{\"@type\":\"SearchAction\",\"target\":{\"@type\":\"EntryPoint\",\"urlTemplate\":\"https:\\\/\\\/tecnologiaparalaindustria.com\\\/?s={search_term_string}\"},\"query-input\":{\"@type\":\"PropertyValueSpecification\",\"valueRequired\":true,\"valueName\":\"search_term_string\"}}],\"inLanguage\":\"fr-FR\"},{\"@type\":\"Organization\",\"@id\":\"https:\\\/\\\/tecnologiaparalaindustria.com\\\/#organization\",\"name\":\"TPI - Tecnolog\u00eda para la Industria\",\"url\":\"https:\\\/\\\/tecnologiaparalaindustria.com\\\/\",\"logo\":{\"@type\":\"ImageObject\",\"inLanguage\":\"fr-FR\",\"@id\":\"https:\\\/\\\/tecnologiaparalaindustria.com\\\/#\\\/schema\\\/logo\\\/image\\\/\",\"url\":\"https:\\\/\\\/tecnologiaparalaindustria.com\\\/wp-content\\\/uploads\\\/2020\\\/08\\\/cropped-LOGO-FONDO-BLANCO.png\",\"contentUrl\":\"https:\\\/\\\/tecnologiaparalaindustria.com\\\/wp-content\\\/uploads\\\/2020\\\/08\\\/cropped-LOGO-FONDO-BLANCO.png\",\"width\":520,\"height\":289,\"caption\":\"TPI - Tecnolog\u00eda para la Industria\"},\"image\":{\"@id\":\"https:\\\/\\\/tecnologiaparalaindustria.com\\\/#\\\/schema\\\/logo\\\/image\\\/\"},\"sameAs\":[\"https:\\\/\\\/www.facebook.com\\\/tecnologiaparalaindustria\",\"https:\\\/\\\/www.instagram.com\\\/tecnologiaparalaindustria\\\/\"]}]}<\/script>\n<!-- \/ Yoast SEO plugin. -->","yoast_head_json":{"title":"Aviso Legal - Tecnolog\u00eda para la Industria","robots":{"index":"index","follow":"follow","max-snippet":"max-snippet:-1","max-image-preview":"max-image-preview:large","max-video-preview":"max-video-preview:-1"},"canonical":"https:\/\/tecnologiaparalaindustria.com\/fr\/aviso-legal\/","og_locale":"fr_FR","og_type":"article","og_title":"Aviso Legal - Tecnolog\u00eda para la Industria","og_description":"Datos de la empresa En cumplimiento del art\u00edculo 10 de la Ley 34\/2002, de 11 de julio, de Servicios de la Sociedad de la Informaci\u00f3n y Comercio Electr\u00f3nico, a continuaci\u00f3n &hellip;","og_url":"https:\/\/tecnologiaparalaindustria.com\/fr\/aviso-legal\/","og_site_name":"Tecnolog\u00eda para la Industria","article_publisher":"https:\/\/www.facebook.com\/tecnologiaparalaindustria","article_modified_time":"2022-11-16T10:43:56+00:00","twitter_card":"summary_large_image","twitter_misc":{"Est. reading time":"5 minutes"},"schema":{"@context":"https:\/\/schema.org","@graph":[{"@type":"WebPage","@id":"https:\/\/tecnologiaparalaindustria.com\/aviso-legal\/","url":"https:\/\/tecnologiaparalaindustria.com\/aviso-legal\/","name":"Aviso Legal - Tecnolog\u00eda para la Industria","isPartOf":{"@id":"https:\/\/tecnologiaparalaindustria.com\/#website"},"datePublished":"2019-02-19T15:01:05+00:00","dateModified":"2022-11-16T10:43:56+00:00","breadcrumb":{"@id":"https:\/\/tecnologiaparalaindustria.com\/aviso-legal\/#breadcrumb"},"inLanguage":"fr-FR","potentialAction":[{"@type":"ReadAction","target":["https:\/\/tecnologiaparalaindustria.com\/aviso-legal\/"]}]},{"@type":"BreadcrumbList","@id":"https:\/\/tecnologiaparalaindustria.com\/aviso-legal\/#breadcrumb","itemListElement":[{"@type":"ListItem","position":1,"name":"Home","item":"https:\/\/tecnologiaparalaindustria.com\/"},{"@type":"ListItem","position":2,"name":"Aviso Legal"}]},{"@type":"WebSite","@id":"https:\/\/tecnologiaparalaindustria.com\/#website","url":"https:\/\/tecnologiaparalaindustria.com\/","name":"La technologie au service de l'industrie","description":"Solutions technologiques pour les installations industrielles","publisher":{"@id":"https:\/\/tecnologiaparalaindustria.com\/#organization"},"potentialAction":[{"@type":"SearchAction","target":{"@type":"EntryPoint","urlTemplate":"https:\/\/tecnologiaparalaindustria.com\/?s={search_term_string}"},"query-input":{"@type":"PropertyValueSpecification","valueRequired":true,"valueName":"search_term_string"}}],"inLanguage":"fr-FR"},{"@type":"Organization","@id":"https:\/\/tecnologiaparalaindustria.com\/#organization","name":"TPI - Technologie pour l'industrie","url":"https:\/\/tecnologiaparalaindustria.com\/","logo":{"@type":"ImageObject","inLanguage":"fr-FR","@id":"https:\/\/tecnologiaparalaindustria.com\/#\/schema\/logo\/image\/","url":"https:\/\/tecnologiaparalaindustria.com\/wp-content\/uploads\/2020\/08\/cropped-LOGO-FONDO-BLANCO.png","contentUrl":"https:\/\/tecnologiaparalaindustria.com\/wp-content\/uploads\/2020\/08\/cropped-LOGO-FONDO-BLANCO.png","width":520,"height":289,"caption":"TPI - Tecnolog\u00eda para la Industria"},"image":{"@id":"https:\/\/tecnologiaparalaindustria.com\/#\/schema\/logo\/image\/"},"sameAs":["https:\/\/www.facebook.com\/tecnologiaparalaindustria","https:\/\/www.instagram.com\/tecnologiaparalaindustria\/"]}]}},"featured_image_src":null,"featured_image_src_square":null,"acf":[],"_links":{"self":[{"href":"https:\/\/tecnologiaparalaindustria.com\/fr\/wp-json\/wp\/v2\/pages\/600","targetHints":{"allow":["GET"]}}],"collection":[{"href":"https:\/\/tecnologiaparalaindustria.com\/fr\/wp-json\/wp\/v2\/pages"}],"about":[{"href":"https:\/\/tecnologiaparalaindustria.com\/fr\/wp-json\/wp\/v2\/types\/page"}],"author":[{"embeddable":true,"href":"https:\/\/tecnologiaparalaindustria.com\/fr\/wp-json\/wp\/v2\/users\/2"}],"replies":[{"embeddable":true,"href":"https:\/\/tecnologiaparalaindustria.com\/fr\/wp-json\/wp\/v2\/comments?post=600"}],"version-history":[{"count":0,"href":"https:\/\/tecnologiaparalaindustria.com\/fr\/wp-json\/wp\/v2\/pages\/600\/revisions"}],"wp:attachment":[{"href":"https:\/\/tecnologiaparalaindustria.com\/fr\/wp-json\/wp\/v2\/media?parent=600"}],"curies":[{"name":"wp","href":"https:\/\/api.w.org\/{rel}","templated":true}]}}