{"id":1003139,"date":"2024-06-03T14:00:51","date_gmt":"2024-06-03T14:00:51","guid":{"rendered":"https:\/\/tecnologiaparalaindustria.com\/?page_id=1003139"},"modified":"2024-06-03T15:04:32","modified_gmt":"2024-06-03T15:04:32","slug":"catalogo-tpi-productos-digitales","status":"publish","type":"page","link":"https:\/\/tecnologiaparalaindustria.com\/it\/catalogo-tpi-productos-digitales\/","title":{"rendered":"CAT\u00c1LOGO TPI PRODUCTOS DIGITALES"},"content":{"rendered":"<p>CAT\u00c1LOGO TPI<\/p>\n<h1>\n\t\tPRODUCTOS DIGITALES\n\t<\/h1>\n\t<p>Descarga nuestro cat\u00e1logo y descubre c\u00f3mo maximizar tu retorno de la inversi\u00f3n con estrategias efectivas, obtener leads de alta calidad, y acceder a datos detallados que impulsar\u00e1n tu crecimiento en el mercado industrial.<\/p>\n\t\t\t<a href=\"\" target=\"_self\" rel=\"noopener\">\n\t\t\t\t\t\t\tVER CAT\u00c1LOGO\n\t\t\t\t\t<\/a>\n\t<p><strong>Descubre todo lo que necesitas saber para aumentar tus ventas y mejorar tu posicionamiento en el mercado industrial.<\/strong><\/p>\n<h2>\n\t\tEn este cat\u00e1logo encontrar\u00e1s\n\t<\/h2>\n\t\t<h3>Todos nuestros productos<\/h3>\n\t\t\t<p>Un listado completo de los productos que ofrece Tecnolog\u00eda para la Industria, detallando sus especificaciones y beneficios.<\/p>\t\t\n\t\t<h3>Estad\u00edsticas y m\u00e9tricas de \u00e9xito<\/h3>\n\t\t\t<p>Datos concretos que demuestran la efectividad de nuestras soluciones y su impacto positivo en el rendimiento de nuestros clientes.<\/p>\t\t\n<h2>\n\t\tInformaci\u00f3n de Servicios\n\t<\/h2>\n\t<p>Detalles sobre todos los servicios que ofrecemos, incluyendo:<\/p>\n\t<ul>\n\t\t\t<li>\n\t\t\t\t<b>Banners Publicitarios:<\/b> Estrategias de publicidad digital para aumentar la visibilidad de tu marca.\n\t\t\t<\/li>\n\t\t\t<li>\n\t\t\t\t<b>Publicidad Online:<\/b> Campa\u00f1as dirigidas para captar la atenci\u00f3n de tu audiencia objetivo.\n\t\t\t<\/li>\n\t\t\t<li>\n\t\t\t\t<b>Webinars:<\/b> Programas educativos y formativos dise\u00f1ados para atraer y educar a potenciales clientes.\n\t\t\t<\/li>\n\t\t\t<li>\n\t\t\t\t<b>Edici\u00f3n de video:<\/b> Servicios de producci\u00f3n y edici\u00f3n de video para mejorar la presentaci\u00f3n de tus productos y servicios.\n\t\t\t<\/li>\n\t\t\t<li>\n\t\t\t\t<b>Lead Generation:<\/b> T\u00e9cnicas y herramientas avanzadas para generar leads de alta calidad y acelerar tu proceso de ventas.\n\t\t\t<\/li>\n\t\t<\/ul>\n\t\t\t<a href=\"\" target=\"_self\" rel=\"noopener\">\n\t\t\t\t\t\t\tVER CAT\u00c1LOGO\n\t\t\t\t\t<\/a>\n\t\t\t\t<img loading=\"lazy\" decoding=\"async\" src=\"https:\/\/tecnologiaparalaindustria.com\/wp-content\/uploads\/2024\/03\/Cambio-de-PLC-5-y-ES-1771-jpg.webp\" alt=\"Cambio de PLC-5 y E\/S 1771\" itemprop=\"image\" height=\"628\" width=\"1200\" title=\"Cambio de PLC-5 y E:S 1771\" onerror=\"this.style.display='none'\"  \/>\n\t<img decoding=\"async\" src=\"https:\/\/fast.wistia.com\/embed\/medias\/6589ca8tfd\/swatch\" alt=\"\" aria-hidden=\"true\" onload=\"this.parentNode.style.opacity=1;\" \/>\n<h2>\n\t\t\u00bfPor qu\u00e9 elegir Tecnolog\u00eda para la Industria?\n\t<\/h2>\n\t<p>En Tecnolog\u00eda para la Industria, transformamos tu estrategia de contenido en resultados concretos. Generamos leads de alta calidad que realmente est\u00e1n listos para comprar. Con m\u00e1s de 20.000 compradores t\u00e9cnicos en nuestra base de datos y contenido que atrae a m\u00e1s de 50.000 visitas mensuales, ofrecemos no solo visibilidad, sino resultados verificables.<\/p>\n\t<ul>\n\t\t\t<li>\n\t\t\t\t<b>Clientes objetivo precisos:<\/b> Captamos exactamente a quienes necesitas: decisores t\u00e9cnicos con intenciones claras de compra.\n\t\t\t<\/li>\n\t\t\t<li>\n\t\t\t\t<b>Datos detallados:<\/b> Proporcionamos datos detallados de comportamiento, inter\u00e9s y trazabilidad para optimizar tu estrategia de marketing.\n\t\t\t<\/li>\n\t\t<\/ul>\n\t\t\t<a href=\"\" target=\"_self\" rel=\"noopener\">\n\t\t\t\t\t\t\tVER CAT\u00c1LOGO\n\t\t\t\t\t<\/a>\n\t<p>Descarga nuestro cat\u00e1logo ahora y descubre c\u00f3mo nuestras soluciones pueden transformar tu estrategia de marketing industrial, aumentar tus ventas y mejorar tu posicionamiento en el mercado.<\/p>\n\t\t\t<a href=\"\" target=\"_self\" rel=\"noopener\">\n\t\t\t\t\t\t\tVER CAT\u00c1LOGO\n\t\t\t\t\t<\/a>\n\t\t<h4>\n\t\t\tModal Box\n\t\t\t\t\t<\/h4>\n\t\t<h5>modal-<\/h5>\n\t\tClick here to edit the \u00abmodal-box\u00bb settings. This text is only for editing and will not appear after you publish the changes.\t\n\t\t\t\t\t\tPreview\n\t\t\tmodal-\n\t\t\t\t\t\t\t\t\t\t\t<h4 id=\"modal-title-\">Rellena el formulario para acceder al cat\u00e1logo<\/h4>\t\t\t\t\t\t\t\t\t\t\t\t\t\t\t\t\n\t\t\t\t\t\t<!-- SharpSpring Form for CAT\u00c1LOGO TPI - PRODUCTOS DIGITALES  -->","protected":false},"excerpt":{"rendered":"<p>CAT\u00c1LOGO TPI PRODUCTOS DIGITALES Descarga nuestro cat\u00e1logo y descubre c\u00f3mo maximizar tu retorno de la inversi\u00f3n con estrategias efectivas, obtener leads de alta calidad, y acceder a datos detallados que &hellip;<\/p>","protected":false},"author":2,"featured_media":0,"parent":0,"menu_order":0,"comment_status":"closed","ping_status":"closed","template":"","meta":{"_acf_changed":true,"_genesis_hide_title":false,"_genesis_hide_breadcrumbs":false,"_genesis_hide_singular_image":false,"_genesis_hide_footer_widgets":false,"_genesis_custom_body_class":"","_genesis_custom_post_class":"","_genesis_layout":"","footnotes":""},"class_list":["page","type-page","entry"],"yoast_head":"<!-- This site is optimized with the Yoast SEO plugin v27.3 - https:\/\/yoast.com\/product\/yoast-seo-wordpress\/ -->\n<title>CAT\u00c1LOGO TPI PRODUCTOS DIGITALES - Tecnolog\u00eda para la Industria<\/title>\n<meta name=\"robots\" content=\"index, follow, max-snippet:-1, max-image-preview:large, max-video-preview:-1\" \/>\n<link rel=\"canonical\" href=\"https:\/\/tecnologiaparalaindustria.com\/it\/catalogo-tpi-productos-digitales\/\" \/>\n<meta property=\"og:locale\" content=\"it_IT\" \/>\n<meta property=\"og:type\" content=\"article\" \/>\n<meta property=\"og:title\" content=\"CAT\u00c1LOGO TPI PRODUCTOS DIGITALES - Tecnolog\u00eda para la Industria\" \/>\n<meta property=\"og:description\" content=\"CAT\u00c1LOGO TPI PRODUCTOS DIGITALES Descarga nuestro cat\u00e1logo y descubre c\u00f3mo maximizar tu retorno de la inversi\u00f3n con estrategias efectivas, obtener leads de alta calidad, y acceder a datos detallados que &hellip;\" \/>\n<meta property=\"og:url\" content=\"https:\/\/tecnologiaparalaindustria.com\/it\/catalogo-tpi-productos-digitales\/\" \/>\n<meta property=\"og:site_name\" content=\"Tecnolog\u00eda para la Industria\" \/>\n<meta property=\"article:publisher\" content=\"https:\/\/www.facebook.com\/tecnologiaparalaindustria\" \/>\n<meta property=\"article:modified_time\" content=\"2024-06-03T15:04:32+00:00\" \/>\n<meta property=\"og:image\" content=\"https:\/\/tecnologiaparalaindustria.com\/wp-content\/uploads\/2024\/03\/Cambio-de-PLC-5-y-ES-1771-jpg.webp\" \/>\n<meta name=\"twitter:card\" content=\"summary_large_image\" \/>\n<meta name=\"twitter:label1\" content=\"Est. reading time\" \/>\n\t<meta name=\"twitter:data1\" content=\"3 minuti\" \/>\n<script type=\"application\/ld+json\" class=\"yoast-schema-graph\">{\"@context\":\"https:\\\/\\\/schema.org\",\"@graph\":[{\"@type\":\"WebPage\",\"@id\":\"https:\\\/\\\/tecnologiaparalaindustria.com\\\/catalogo-tpi-productos-digitales\\\/\",\"url\":\"https:\\\/\\\/tecnologiaparalaindustria.com\\\/catalogo-tpi-productos-digitales\\\/\",\"name\":\"CAT\u00c1LOGO TPI PRODUCTOS DIGITALES - Tecnolog\u00eda para la Industria\",\"isPartOf\":{\"@id\":\"https:\\\/\\\/tecnologiaparalaindustria.com\\\/#website\"},\"primaryImageOfPage\":{\"@id\":\"https:\\\/\\\/tecnologiaparalaindustria.com\\\/catalogo-tpi-productos-digitales\\\/#primaryimage\"},\"image\":{\"@id\":\"https:\\\/\\\/tecnologiaparalaindustria.com\\\/catalogo-tpi-productos-digitales\\\/#primaryimage\"},\"thumbnailUrl\":\"https:\\\/\\\/tecnologiaparalaindustria.com\\\/wp-content\\\/uploads\\\/2024\\\/03\\\/Cambio-de-PLC-5-y-ES-1771-jpg.webp\",\"datePublished\":\"2024-06-03T14:00:51+00:00\",\"dateModified\":\"2024-06-03T15:04:32+00:00\",\"breadcrumb\":{\"@id\":\"https:\\\/\\\/tecnologiaparalaindustria.com\\\/catalogo-tpi-productos-digitales\\\/#breadcrumb\"},\"inLanguage\":\"it-IT\",\"potentialAction\":[{\"@type\":\"ReadAction\",\"target\":[\"https:\\\/\\\/tecnologiaparalaindustria.com\\\/catalogo-tpi-productos-digitales\\\/\"]}]},{\"@type\":\"ImageObject\",\"inLanguage\":\"it-IT\",\"@id\":\"https:\\\/\\\/tecnologiaparalaindustria.com\\\/catalogo-tpi-productos-digitales\\\/#primaryimage\",\"url\":\"https:\\\/\\\/tecnologiaparalaindustria.com\\\/wp-content\\\/uploads\\\/2024\\\/03\\\/Cambio-de-PLC-5-y-ES-1771-jpg.webp\",\"contentUrl\":\"https:\\\/\\\/tecnologiaparalaindustria.com\\\/wp-content\\\/uploads\\\/2024\\\/03\\\/Cambio-de-PLC-5-y-ES-1771-jpg.webp\"},{\"@type\":\"BreadcrumbList\",\"@id\":\"https:\\\/\\\/tecnologiaparalaindustria.com\\\/catalogo-tpi-productos-digitales\\\/#breadcrumb\",\"itemListElement\":[{\"@type\":\"ListItem\",\"position\":1,\"name\":\"Home\",\"item\":\"https:\\\/\\\/tecnologiaparalaindustria.com\\\/\"},{\"@type\":\"ListItem\",\"position\":2,\"name\":\"CAT\u00c1LOGO TPI PRODUCTOS DIGITALES\"}]},{\"@type\":\"WebSite\",\"@id\":\"https:\\\/\\\/tecnologiaparalaindustria.com\\\/#website\",\"url\":\"https:\\\/\\\/tecnologiaparalaindustria.com\\\/\",\"name\":\"Tecnolog\u00eda para la Industria\",\"description\":\"Soluciones tecnol\u00f3gicas para plantas industriales\",\"publisher\":{\"@id\":\"https:\\\/\\\/tecnologiaparalaindustria.com\\\/#organization\"},\"potentialAction\":[{\"@type\":\"SearchAction\",\"target\":{\"@type\":\"EntryPoint\",\"urlTemplate\":\"https:\\\/\\\/tecnologiaparalaindustria.com\\\/?s={search_term_string}\"},\"query-input\":{\"@type\":\"PropertyValueSpecification\",\"valueRequired\":true,\"valueName\":\"search_term_string\"}}],\"inLanguage\":\"it-IT\"},{\"@type\":\"Organization\",\"@id\":\"https:\\\/\\\/tecnologiaparalaindustria.com\\\/#organization\",\"name\":\"TPI - Tecnolog\u00eda para la Industria\",\"url\":\"https:\\\/\\\/tecnologiaparalaindustria.com\\\/\",\"logo\":{\"@type\":\"ImageObject\",\"inLanguage\":\"it-IT\",\"@id\":\"https:\\\/\\\/tecnologiaparalaindustria.com\\\/#\\\/schema\\\/logo\\\/image\\\/\",\"url\":\"https:\\\/\\\/tecnologiaparalaindustria.com\\\/wp-content\\\/uploads\\\/2020\\\/08\\\/cropped-LOGO-FONDO-BLANCO.png\",\"contentUrl\":\"https:\\\/\\\/tecnologiaparalaindustria.com\\\/wp-content\\\/uploads\\\/2020\\\/08\\\/cropped-LOGO-FONDO-BLANCO.png\",\"width\":520,\"height\":289,\"caption\":\"TPI - Tecnolog\u00eda para la Industria\"},\"image\":{\"@id\":\"https:\\\/\\\/tecnologiaparalaindustria.com\\\/#\\\/schema\\\/logo\\\/image\\\/\"},\"sameAs\":[\"https:\\\/\\\/www.facebook.com\\\/tecnologiaparalaindustria\",\"https:\\\/\\\/www.instagram.com\\\/tecnologiaparalaindustria\\\/\"]}]}<\/script>\n<!-- \/ Yoast SEO plugin. -->","yoast_head_json":{"title":"CAT\u00c1LOGO TPI PRODUCTOS DIGITALES - Tecnolog\u00eda para la Industria","robots":{"index":"index","follow":"follow","max-snippet":"max-snippet:-1","max-image-preview":"max-image-preview:large","max-video-preview":"max-video-preview:-1"},"canonical":"https:\/\/tecnologiaparalaindustria.com\/it\/catalogo-tpi-productos-digitales\/","og_locale":"it_IT","og_type":"article","og_title":"CAT\u00c1LOGO TPI PRODUCTOS DIGITALES - Tecnolog\u00eda para la Industria","og_description":"CAT\u00c1LOGO TPI PRODUCTOS DIGITALES Descarga nuestro cat\u00e1logo y descubre c\u00f3mo maximizar tu retorno de la inversi\u00f3n con estrategias efectivas, obtener leads de alta calidad, y acceder a datos detallados que &hellip;","og_url":"https:\/\/tecnologiaparalaindustria.com\/it\/catalogo-tpi-productos-digitales\/","og_site_name":"Tecnolog\u00eda para la Industria","article_publisher":"https:\/\/www.facebook.com\/tecnologiaparalaindustria","article_modified_time":"2024-06-03T15:04:32+00:00","og_image":[{"url":"https:\/\/tecnologiaparalaindustria.com\/wp-content\/uploads\/2024\/03\/Cambio-de-PLC-5-y-ES-1771-jpg.webp","type":"","width":"","height":""}],"twitter_card":"summary_large_image","twitter_misc":{"Est. reading time":"3 minuti"},"schema":{"@context":"https:\/\/schema.org","@graph":[{"@type":"WebPage","@id":"https:\/\/tecnologiaparalaindustria.com\/catalogo-tpi-productos-digitales\/","url":"https:\/\/tecnologiaparalaindustria.com\/catalogo-tpi-productos-digitales\/","name":"CAT\u00c1LOGO TPI PRODUCTOS DIGITALES - Tecnolog\u00eda para la Industria","isPartOf":{"@id":"https:\/\/tecnologiaparalaindustria.com\/#website"},"primaryImageOfPage":{"@id":"https:\/\/tecnologiaparalaindustria.com\/catalogo-tpi-productos-digitales\/#primaryimage"},"image":{"@id":"https:\/\/tecnologiaparalaindustria.com\/catalogo-tpi-productos-digitales\/#primaryimage"},"thumbnailUrl":"https:\/\/tecnologiaparalaindustria.com\/wp-content\/uploads\/2024\/03\/Cambio-de-PLC-5-y-ES-1771-jpg.webp","datePublished":"2024-06-03T14:00:51+00:00","dateModified":"2024-06-03T15:04:32+00:00","breadcrumb":{"@id":"https:\/\/tecnologiaparalaindustria.com\/catalogo-tpi-productos-digitales\/#breadcrumb"},"inLanguage":"it-IT","potentialAction":[{"@type":"ReadAction","target":["https:\/\/tecnologiaparalaindustria.com\/catalogo-tpi-productos-digitales\/"]}]},{"@type":"ImageObject","inLanguage":"it-IT","@id":"https:\/\/tecnologiaparalaindustria.com\/catalogo-tpi-productos-digitales\/#primaryimage","url":"https:\/\/tecnologiaparalaindustria.com\/wp-content\/uploads\/2024\/03\/Cambio-de-PLC-5-y-ES-1771-jpg.webp","contentUrl":"https:\/\/tecnologiaparalaindustria.com\/wp-content\/uploads\/2024\/03\/Cambio-de-PLC-5-y-ES-1771-jpg.webp"},{"@type":"BreadcrumbList","@id":"https:\/\/tecnologiaparalaindustria.com\/catalogo-tpi-productos-digitales\/#breadcrumb","itemListElement":[{"@type":"ListItem","position":1,"name":"Home","item":"https:\/\/tecnologiaparalaindustria.com\/"},{"@type":"ListItem","position":2,"name":"CAT\u00c1LOGO TPI PRODUCTOS DIGITALES"}]},{"@type":"WebSite","@id":"https:\/\/tecnologiaparalaindustria.com\/#website","url":"https:\/\/tecnologiaparalaindustria.com\/","name":"Tecnologia per l'industria","description":"Soluzioni tecnologiche per impianti industriali","publisher":{"@id":"https:\/\/tecnologiaparalaindustria.com\/#organization"},"potentialAction":[{"@type":"SearchAction","target":{"@type":"EntryPoint","urlTemplate":"https:\/\/tecnologiaparalaindustria.com\/?s={search_term_string}"},"query-input":{"@type":"PropertyValueSpecification","valueRequired":true,"valueName":"search_term_string"}}],"inLanguage":"it-IT"},{"@type":"Organization","@id":"https:\/\/tecnologiaparalaindustria.com\/#organization","name":"TPI - Tecnologia per l'industria","url":"https:\/\/tecnologiaparalaindustria.com\/","logo":{"@type":"ImageObject","inLanguage":"it-IT","@id":"https:\/\/tecnologiaparalaindustria.com\/#\/schema\/logo\/image\/","url":"https:\/\/tecnologiaparalaindustria.com\/wp-content\/uploads\/2020\/08\/cropped-LOGO-FONDO-BLANCO.png","contentUrl":"https:\/\/tecnologiaparalaindustria.com\/wp-content\/uploads\/2020\/08\/cropped-LOGO-FONDO-BLANCO.png","width":520,"height":289,"caption":"TPI - Tecnolog\u00eda para la Industria"},"image":{"@id":"https:\/\/tecnologiaparalaindustria.com\/#\/schema\/logo\/image\/"},"sameAs":["https:\/\/www.facebook.com\/tecnologiaparalaindustria","https:\/\/www.instagram.com\/tecnologiaparalaindustria\/"]}]}},"featured_image_src":null,"featured_image_src_square":null,"acf":[],"_links":{"self":[{"href":"https:\/\/tecnologiaparalaindustria.com\/it\/wp-json\/wp\/v2\/pages\/1003139","targetHints":{"allow":["GET"]}}],"collection":[{"href":"https:\/\/tecnologiaparalaindustria.com\/it\/wp-json\/wp\/v2\/pages"}],"about":[{"href":"https:\/\/tecnologiaparalaindustria.com\/it\/wp-json\/wp\/v2\/types\/page"}],"author":[{"embeddable":true,"href":"https:\/\/tecnologiaparalaindustria.com\/it\/wp-json\/wp\/v2\/users\/2"}],"replies":[{"embeddable":true,"href":"https:\/\/tecnologiaparalaindustria.com\/it\/wp-json\/wp\/v2\/comments?post=1003139"}],"version-history":[{"count":0,"href":"https:\/\/tecnologiaparalaindustria.com\/it\/wp-json\/wp\/v2\/pages\/1003139\/revisions"}],"wp:attachment":[{"href":"https:\/\/tecnologiaparalaindustria.com\/it\/wp-json\/wp\/v2\/media?parent=1003139"}],"curies":[{"name":"wp","href":"https:\/\/api.w.org\/{rel}","templated":true}]}}