{"id":27445,"date":"2022-10-31T17:58:20","date_gmt":"2022-10-31T17:58:20","guid":{"rendered":"https:\/\/tecnologiaparalaindustria.com\/?page_id=27445"},"modified":"2023-02-06T15:31:26","modified_gmt":"2023-02-06T15:31:26","slug":"webinars-para-empresas-industriales","status":"publish","type":"page","link":"https:\/\/tecnologiaparalaindustria.com\/it\/webinars-para-empresas-industriales\/","title":{"rendered":"Webinar per aziende industriali"},"content":{"rendered":"<h1>Webinar para empresas industriales<\/h1>\r\n<h5>Te ayudamos a captar los leads que realmente quieren comprarte<\/h5>\r\n<p>Ayudamos a los responsables de marketing y jefes de ventas de las empresas que venden soluciones, tecnolog\u00eda y productos industriales, espec\u00edficamente para aquellas interesadas en mejorar el ROI de sus inversiones de marketing de contenidos, a que logren aumentar el n\u00famero de leads de calidad con un mejor coste por lead captado, y mejorar el posicionamiento y visibilidad de las soluciones que vende la empresa en su mercado objetivo, a trav\u00e9s del los Webinars patrocinados para empresas industriales.<\/p>\r\n<p><a role=\"button\" href=\"#\"> MAGGIORI INFORMAZIONI <\/a><\/p>\r\n<h3>Rellena el formulario para solicitar m\u00e1s informaci\u00f3n<\/h3>\r\n<!-- SharpSpring Form for Webinars para empresas industriales  -->\r\n<p><img decoding=\"async\" src=\"https:\/\/fast.wistia.com\/embed\/medias\/r4tppcs32b\/swatch\" alt=\"\" aria-hidden=\"true\" \/><\/p>\r\n<h2>Qu\u00e9 es un Webinar Patrocinado<\/h2>\r\n<p>Los Webinar t\u00e9cnicos se han convertido en una excelente manera de promocionar las tecnolog\u00edas industriales y generar clientes potenciales y con mayores conversiones en ventas. Esta es quiz\u00e1s la raz\u00f3n por la cual muchos responsables de marketing han comenzado a utilizar diferentes tipos de Webinar para promocionar sus soluciones t\u00e9cnicas.<\/p>\r\n<p>Con los Webinars patrocinados de Tecnolog\u00eda para la Industria puedes conectar a una gran comunidad de ingenieros y compradores t\u00e9cnicos a trav\u00e9s de webinars para empresas industriales. Podemos ayudarte a llenar inmediatamente, en menos de un mes, el embudo de ventas de tus vendedores con oportunidades de negocio interesadas en las soluciones que vende su empresa.<\/p>\r\n<p><a role=\"button\" href=\"#\"> MAGGIORI INFORMAZIONI <\/a><\/p>\r\n<h3>Rellena el formulario para solicitar m\u00e1s informaci\u00f3n<\/h3>\r\n<!-- SharpSpring Form for Webinars para empresas industriales  -->\r\n<h2>\u00bfPor qu\u00e9 son efectivos nuestros webinars patrocinados?<\/h2>\r\n<p>Una de las principales razones por las que los seminarios web de tecnolog\u00eda para la industria son \u00fatiles para las marcas que venden tecnolog\u00eda industrial es que son muy informativos, est\u00e1n muy bien dirigidos y enfocados a los intereses de los ingenieros con poder de promover y comprar tus soluciones dentro de sus empresas.Solo aquellos que est\u00e1n genuinamente interesados en un webinar t\u00e9cnico suelen asistir a ellos y, debido a su naturaleza interactiva, tambi\u00e9n son m\u00e1s atractivos y f\u00e1ciles para estar informados.Nuestros Webinars son excelentes porque los llenamos de Leads cualificados interesados en lo que tu vendes. Adem\u00e1s, puedes incorporar una variedad de im\u00e1genes y presentar la propuesta de valor de tus soluciones de la mejor manera para crear inter\u00e9s, conseguir que reconozcan sus beneficios, las consideren frente a otras alternativas, y en definitiva, terminen decidiendo reunirse contigo para saber m\u00e1s.<\/p>\r\n<h2>\u00bfQu\u00e9 resultados puedes conseguir con los Webinar t\u00e9cnicos de Tecnologia para la industria?<\/h2>\r\n<p>Cada tipo Webinar tiene un prop\u00f3sito diferente y puede ayudarte a lograr una variedad de objetivos:<\/p>\r\n<ul>\r\n<li>Llegar a una gran audiencia de ingenieros y compradores t\u00e9cnicos con poder para promocionar y decidir sobre tus soluciones.<\/li>\r\n<li>Aumentar el conocimiento sobre las tecnolog\u00edas de tu empresa y las capacidades t\u00e9cnicas de tus soluciones.<\/li>\r\n<li>Generar nuevas oportunidades de venta de calidad. Te entregamos todos los datos de los suscritos y los que participaron. Cuando alguien se registra para un evento, se convierte directamente en un cliente potencial de alta calidad. Eso es porque ya han expresado su inter\u00e9s en el contenido del Webinar.<\/li>\r\n<li>Llenar el embudo de ventas de tus vendedores de manera inmediata. Te garantizamos que podemos conseguir un m\u00ednimo de 30 compradores t\u00e9cnicos interesados en las soluciones de tu empresa a trav\u00e9s de los Webinars patrocinados de tecnolog\u00eda para la industria.<\/li>\r\n<li>Puedes incubar a tu audiencia y prepararlos para la compra.<\/li>\r\n<li>Puedes posicionarte como un experto en tus nichos de mercado.<\/li>\r\n<li>Puedes promocionar tus productos y soluciones de una manera sutil. Los Webinar t\u00e9cnicos te permiten concentrarte en educar a tus posibles clientes prepararlos para la compra. En nuestros Webinars, puedes abordar los problemas de los clientes y como tus productos o servicios pueden ayudarle. Este es el punto donde puedes resaltar org\u00e1nicamente los beneficios de tus productos\/servicios.<\/li>\r\n<li>Puedes reutilizar el contenido del Webinar para captar futuros clientes. Los Webinars pueden ayudarte a obtener beneficios a largo plazo, ya que grabamos toda tu sesi\u00f3n y la empaquetamos como contenido descargable desde tu web o desde los canales de comunicaci\u00f3n de tecnolog\u00eda para industria. De esta manera extendemos la vida \u00fatil del contenido del Webinar lo hacemos llegar a mucha m\u00e1s gente.<\/li>\r\n<li>Puede aumentar tu influencia y autoridad frente a una gran audiencia se compradores t\u00e9cnicos.<\/li>\r\n<\/ul>\r\n<p><a role=\"button\" href=\"#\"> MAGGIORI INFORMAZIONI <\/a><\/p>\r\n<h3>Rellena el formulario para solicitar m\u00e1s informaci\u00f3n<\/h3>\r\n<!-- SharpSpring Form for Webinars para empresas industriales  -->\r\n<h2>Tipos de Webinars industriales que podemos poner en marcha para conseguir tus objetivos<\/h2>\r\n<p><img loading=\"lazy\" decoding=\"async\" title=\"uno\" src=\"https:\/\/tecnologiaparalaindustria.com\/wp-content\/uploads\/2022\/11\/uno.png\" alt=\"uno\" width=\"128\" height=\"128\" \/><\/p>\r\n<h4>Webinars industriales e-learning para educar<\/h4>\r\n<p>Uno de los tipos de Webinars industriales m\u00e1s comunes y populares que contratan las empresas que venden tecnolog\u00eda industrial son los eventos para educar. Estos Webinars est\u00e1n destinados esencialmente a cubrir aquellos temas que los cargos de decisi\u00f3n necesitan conocer.<\/p>\r\n<p>85% de los compradores t\u00e9cnicos valoran el contenido que incluye nuevas ideas que les ayuden a hacer mejor su trabajo, mejorar procesos, alcanzar objetivos y mejorar m\u00e9tricas.<\/p>\r\n<p>Estos Webinars industriales son ideales para que los clientes reconozcan que tienen problemas, necesidades y oportunidades de mejora que no est\u00e1n aprovechando. Tambi\u00e9n sirven para que sepan cu\u00e1les son las opciones disponibles, las ventajas de cada alternativa de soluci\u00f3n y as\u00ed mitiguen el riesgo de tomar una mala decisi\u00f3n.<\/p>\r\n<p>Por lo tanto, son populares para atraer personas influyentes o compradores t\u00e9cnicos de alto rango para educarlos a trav\u00e9s del aprendizaje online que ofrecen los webinars industriales.<\/p>\r\n<p>La mejor parte de los webinars industriales eLearning es que pueden ser en vivo directo o bajo demanda. De esa manera, los clientes pueden aprender de los webinars cu\u00e1ndo lo deseen.<\/p>\r\n<p>Los ingenieros de planta, responsables de producci\u00f3n, operaci\u00f3n y mantenimiento est\u00e1n muy ocupados y no tienen tiempo. Si consiguen algo de tiempo, suelen buscar fuentes de contenido de expertos en temas muy particulares. Si tu empresa es experta en alg\u00fan tema, este tipo de Webinar es la opci\u00f3n ideal.<\/p>\r\n<p><a role=\"button\" href=\"#\"> MAGGIORI INFORMAZIONI <\/a><\/p>\r\n<h3>Rellena el formulario para solicitar m\u00e1s informaci\u00f3n<\/h3>\r\n<!-- SharpSpring Form for Webinars para empresas industriales  -->\r\n<p><img loading=\"lazy\" decoding=\"async\" title=\"dos\" src=\"https:\/\/tecnologiaparalaindustria.com\/wp-content\/uploads\/2022\/11\/dos.png\" alt=\"dos\" width=\"512\" height=\"512\" \/><\/p>\r\n<h4>Webinars industriales Expertise para demostrar pericia<\/h4>\r\n<p>Los Webinars Expertise tambi\u00e9n son una excelente manera de establecer a tu empresa como l\u00edderes en tus soluciones y en las industrias de tu inter\u00e9s. Este tipo de webinar brinda una plataforma para mostrar tus habilidades y destrezas a tu p\u00fablico objetivo de compradores t\u00e9cnicos.<\/p>\r\n<p>Pero eso no es todo.<\/p>\r\n<p>Estos tipos de webinars pueden ayudarte a:<\/p>\r\n<ul>\r\n<li>Establecerte como l\u00edder en la industria demostrando tu experiencias y conocimiento<\/li>\r\n<li>Generar clientes potenciales espec\u00edficos de alta calidad (nueva audiencia)<\/li>\r\n<li>Crear nuevas conexiones<\/li>\r\n<li>Demostrar c\u00f3mo resuelves los principales problemas y necesidades del sector.<\/li>\r\n<\/ul>\r\n<p>Por lo general, los webinars de expertise cubren todo lo relacionado con tu industria, incluidas las \u00faltimas tendencias y desarrollos. Ayudas a explicar a tus posibles clientes por qu\u00e9 el cambio con tus productos es necesario para el \u00e9xito. Son eventos ideales para por qu\u00e9 tu empresa es \u00fanica y especial en conseguir estos cambios de mejora en los clientes, ayud\u00e1ndoles a querer avanzar m\u00e1s r\u00e1pido en el ciclo de ventas queriendo concertar una entrevista con tus vendedores despu\u00e9s de asistir al webinar.<\/p>\r\n<p><strong>\u00bfC\u00f3mo pueden ayudarte con la generaci\u00f3n de leads?<\/strong><\/p>\r\n<p>La audiencia de estos Webinars es esencialmente clientes potenciales que ya han manifestado cierto inter\u00e9s en las soluciones que vende tu empresa consumiendo contenido a trav\u00e9s del Blog de Tecnolog\u00eda para la industria y sus contenidos descargables. Es recomendable durante el evento animarlos a cerrar una entrevista para saber m\u00e1s sobre tus productos o servicios. De hecho creamos una Landing page para que durante el Webinar puedan solicitar una visita.<\/p>\r\n<p><a role=\"button\" href=\"#\"> MAGGIORI INFORMAZIONI <\/a><\/p>\r\n<h3>Rellena el formulario para solicitar m\u00e1s informaci\u00f3n<\/h3>\r\n<!-- SharpSpring Form for Webinars para empresas industriales  -->\r\n<p><img loading=\"lazy\" decoding=\"async\" title=\"tres\" src=\"https:\/\/tecnologiaparalaindustria.com\/wp-content\/uploads\/2022\/11\/tres.png\" alt=\"tres\" width=\"128\" height=\"128\" \/><\/p>\r\n<h4>Webinars industriales de casos de uso y evidencias de resultados<\/h4>\r\n<p>Los Webinars de casos de uso sirven para validar tus soluciones t\u00e9cnicas. Son ideales para fortalecer la credibilidad de tus soluciones. Te ayudamos a combinar casos de \u00e9xito con anteriores clientes, testimoniales y reportes del sector con las capacidades t\u00e9cnicas de tus soluciones.\u00a0\u00a0Mucha de tu audiencia quiere saber c\u00f3mo puede conseguir resultados similares y entender tu promesa d resultados.<\/p>\r\n<p>Te ayudamos a:<\/p>\r\n<ul>\r\n<li>Poner a tu audiencia en los zapatos de otros similares a ellos a trav\u00e9s de un Webinar que cuente\u00a0\u00a0una historia de \u00e9xito y les permita visualizarse en la misma situaci\u00f3n y alcanzando los mismos resultados.<\/li>\r\n<li>Te ayudamos a presentar tu experiencia de la mejor manera y sobretodo aplicada a los intereses de la audiencia objetivo.<\/li>\r\n<li>La audiencia ser\u00e1 capaz de ver los posibles impactos positivos que puede conseguir con tus soluciones.<\/li>\r\n<\/ul>\r\n<p>A los compradores t\u00e9cnicos les gusta conocer m\u00e1s acerca de otros ingenieros similares a ellos con mismos problemas y preocupaciones. Los Webinars industriales de caso de uso intentan ser personalizados a un sector industrial, aplicaciones muy especificas y para cargos muy particulares. Contacta ahora y consigue mejores resultados en la captaci\u00f3n de nuevos clientes.<\/p>\r\n<p><a role=\"button\" href=\"#\"> MAGGIORI INFORMAZIONI <\/a><\/p>\r\n<h3>Rellena el formulario para solicitar m\u00e1s informaci\u00f3n<\/h3>\r\n<!-- SharpSpring Form for Webinars para empresas industriales  -->\r\n<h2>Te ayudamos a captar clientes y llenar los embudos de tus vendedores<\/h2>\r\n<p>Tecnolog\u00eda para la Industria te ofrece la oportunidad de llegar, educar y crear inter\u00e9s en una gran audiencia, disponemos de una base de datos de m\u00e1s de 15.000 cargos t\u00e9cnicos de primer nivel con posibilidades de interesarse por tus soluciones, contacta ahora con uno de nuestros asesores.<\/p>\r\n<p><a role=\"button\" href=\"#\"> MAGGIORI INFORMAZIONI <\/a><\/p>\r\n<h3>Rellena el formulario para solicitar m\u00e1s informaci\u00f3n<\/h3>\r\n<!-- SharpSpring Form for Webinars para empresas industriales  -->\r\n<p><img loading=\"lazy\" decoding=\"async\" title=\"Webinar para empresas industriales\" src=\"https:\/\/tecnologiaparalaindustria.com\/wp-content\/uploads\/2022\/10\/Webinar-para-empresas-industriales-3.jpg\" alt=\"Webinar para empresas industriales\" width=\"1920\" height=\"1080\" \/><\/p>","protected":false},"excerpt":{"rendered":"<p>Webinar para empresas industriales Te ayudamos a captar los leads que realmente quieren comprarte Ayudamos a los responsables de marketing y jefes de ventas de las empresas que venden soluciones, &hellip;<\/p>","protected":false},"author":2,"featured_media":27996,"parent":0,"menu_order":0,"comment_status":"closed","ping_status":"closed","template":"","meta":{"_acf_changed":false,"_genesis_hide_title":false,"_genesis_hide_breadcrumbs":false,"_genesis_hide_singular_image":false,"_genesis_hide_footer_widgets":false,"_genesis_custom_body_class":"","_genesis_custom_post_class":"","_genesis_layout":"","footnotes":""},"class_list":["page","type-page","entry"],"yoast_head":"<!-- This site is optimized with the Yoast SEO plugin v27.3 - https:\/\/yoast.com\/product\/yoast-seo-wordpress\/ -->\n<title>Webinar para empresas industriales: Eventos de prospecci\u00f3n<\/title>\n<meta name=\"description\" content=\"Llega hasta los compradores t\u00e9cnicos y capta los Leads que realmente quieren comprarte a trav\u00e9s de Webinars patrocinados para empresas industriales e ingenier\u00eda\" \/>\n<meta name=\"robots\" content=\"index, follow, max-snippet:-1, max-image-preview:large, max-video-preview:-1\" \/>\n<link rel=\"canonical\" href=\"https:\/\/tecnologiaparalaindustria.com\/it\/webinars-para-empresas-industriales\/\" \/>\n<meta property=\"og:locale\" content=\"it_IT\" \/>\n<meta property=\"og:type\" content=\"article\" \/>\n<meta property=\"og:title\" content=\"Webinar para empresas industriales: Eventos de prospecci\u00f3n\" \/>\n<meta property=\"og:description\" content=\"Llega hasta los compradores t\u00e9cnicos y capta los Leads que realmente quieren comprarte a trav\u00e9s de Webinars patrocinados para empresas industriales e ingenier\u00eda\" \/>\n<meta property=\"og:url\" content=\"https:\/\/tecnologiaparalaindustria.com\/it\/webinars-para-empresas-industriales\/\" \/>\n<meta property=\"og:site_name\" content=\"Tecnolog\u00eda para la Industria\" \/>\n<meta property=\"article:publisher\" content=\"https:\/\/www.facebook.com\/tecnologiaparalaindustria\" \/>\n<meta property=\"article:modified_time\" content=\"2023-02-06T15:31:26+00:00\" \/>\n<meta property=\"og:image\" content=\"https:\/\/tecnologiaparalaindustria.com\/wp-content\/uploads\/2023\/02\/Webinars-para-empresas-industriales.jpg\" \/>\n\t<meta property=\"og:image:width\" content=\"1200\" \/>\n\t<meta property=\"og:image:height\" content=\"628\" \/>\n\t<meta property=\"og:image:type\" content=\"image\/jpeg\" \/>\n<meta name=\"twitter:card\" content=\"summary_large_image\" \/>\n<meta name=\"twitter:label1\" content=\"Est. reading time\" \/>\n\t<meta name=\"twitter:data1\" content=\"8 minuti\" \/>\n<script type=\"application\/ld+json\" class=\"yoast-schema-graph\">{\"@context\":\"https:\\\/\\\/schema.org\",\"@graph\":[{\"@type\":\"WebPage\",\"@id\":\"https:\\\/\\\/tecnologiaparalaindustria.com\\\/webinars-para-empresas-industriales\\\/\",\"url\":\"https:\\\/\\\/tecnologiaparalaindustria.com\\\/webinars-para-empresas-industriales\\\/\",\"name\":\"Webinar para empresas industriales: Eventos de prospecci\u00f3n\",\"isPartOf\":{\"@id\":\"https:\\\/\\\/tecnologiaparalaindustria.com\\\/#website\"},\"primaryImageOfPage\":{\"@id\":\"https:\\\/\\\/tecnologiaparalaindustria.com\\\/webinars-para-empresas-industriales\\\/#primaryimage\"},\"image\":{\"@id\":\"https:\\\/\\\/tecnologiaparalaindustria.com\\\/webinars-para-empresas-industriales\\\/#primaryimage\"},\"thumbnailUrl\":\"https:\\\/\\\/tecnologiaparalaindustria.com\\\/wp-content\\\/uploads\\\/2023\\\/02\\\/Webinars-para-empresas-industriales-jpg.webp\",\"datePublished\":\"2022-10-31T17:58:20+00:00\",\"dateModified\":\"2023-02-06T15:31:26+00:00\",\"description\":\"Llega hasta los compradores t\u00e9cnicos y capta los Leads que realmente quieren comprarte a trav\u00e9s de Webinars patrocinados para empresas industriales e ingenier\u00eda\",\"breadcrumb\":{\"@id\":\"https:\\\/\\\/tecnologiaparalaindustria.com\\\/webinars-para-empresas-industriales\\\/#breadcrumb\"},\"inLanguage\":\"it-IT\",\"potentialAction\":[{\"@type\":\"ReadAction\",\"target\":[\"https:\\\/\\\/tecnologiaparalaindustria.com\\\/webinars-para-empresas-industriales\\\/\"]}]},{\"@type\":\"ImageObject\",\"inLanguage\":\"it-IT\",\"@id\":\"https:\\\/\\\/tecnologiaparalaindustria.com\\\/webinars-para-empresas-industriales\\\/#primaryimage\",\"url\":\"https:\\\/\\\/tecnologiaparalaindustria.com\\\/wp-content\\\/uploads\\\/2023\\\/02\\\/Webinars-para-empresas-industriales-jpg.webp\",\"contentUrl\":\"https:\\\/\\\/tecnologiaparalaindustria.com\\\/wp-content\\\/uploads\\\/2023\\\/02\\\/Webinars-para-empresas-industriales-jpg.webp\",\"width\":1200,\"height\":628,\"caption\":\"Webinars para empresas industriales\"},{\"@type\":\"BreadcrumbList\",\"@id\":\"https:\\\/\\\/tecnologiaparalaindustria.com\\\/webinars-para-empresas-industriales\\\/#breadcrumb\",\"itemListElement\":[{\"@type\":\"ListItem\",\"position\":1,\"name\":\"Home\",\"item\":\"https:\\\/\\\/tecnologiaparalaindustria.com\\\/\"},{\"@type\":\"ListItem\",\"position\":2,\"name\":\"Webinars para empresas industriales\"}]},{\"@type\":\"WebSite\",\"@id\":\"https:\\\/\\\/tecnologiaparalaindustria.com\\\/#website\",\"url\":\"https:\\\/\\\/tecnologiaparalaindustria.com\\\/\",\"name\":\"Tecnolog\u00eda para la Industria\",\"description\":\"Soluciones tecnol\u00f3gicas para plantas industriales\",\"publisher\":{\"@id\":\"https:\\\/\\\/tecnologiaparalaindustria.com\\\/#organization\"},\"potentialAction\":[{\"@type\":\"SearchAction\",\"target\":{\"@type\":\"EntryPoint\",\"urlTemplate\":\"https:\\\/\\\/tecnologiaparalaindustria.com\\\/?s={search_term_string}\"},\"query-input\":{\"@type\":\"PropertyValueSpecification\",\"valueRequired\":true,\"valueName\":\"search_term_string\"}}],\"inLanguage\":\"it-IT\"},{\"@type\":\"Organization\",\"@id\":\"https:\\\/\\\/tecnologiaparalaindustria.com\\\/#organization\",\"name\":\"TPI - Tecnolog\u00eda para la Industria\",\"url\":\"https:\\\/\\\/tecnologiaparalaindustria.com\\\/\",\"logo\":{\"@type\":\"ImageObject\",\"inLanguage\":\"it-IT\",\"@id\":\"https:\\\/\\\/tecnologiaparalaindustria.com\\\/#\\\/schema\\\/logo\\\/image\\\/\",\"url\":\"https:\\\/\\\/tecnologiaparalaindustria.com\\\/wp-content\\\/uploads\\\/2020\\\/08\\\/cropped-LOGO-FONDO-BLANCO.png\",\"contentUrl\":\"https:\\\/\\\/tecnologiaparalaindustria.com\\\/wp-content\\\/uploads\\\/2020\\\/08\\\/cropped-LOGO-FONDO-BLANCO.png\",\"width\":520,\"height\":289,\"caption\":\"TPI - Tecnolog\u00eda para la Industria\"},\"image\":{\"@id\":\"https:\\\/\\\/tecnologiaparalaindustria.com\\\/#\\\/schema\\\/logo\\\/image\\\/\"},\"sameAs\":[\"https:\\\/\\\/www.facebook.com\\\/tecnologiaparalaindustria\",\"https:\\\/\\\/www.instagram.com\\\/tecnologiaparalaindustria\\\/\"]}]}<\/script>\n<!-- \/ Yoast SEO plugin. -->","yoast_head_json":{"title":"Webinar para empresas industriales: Eventos de prospecci\u00f3n","description":"Llega hasta los compradores t\u00e9cnicos y capta los Leads que realmente quieren comprarte a trav\u00e9s de Webinars patrocinados para empresas industriales e ingenier\u00eda","robots":{"index":"index","follow":"follow","max-snippet":"max-snippet:-1","max-image-preview":"max-image-preview:large","max-video-preview":"max-video-preview:-1"},"canonical":"https:\/\/tecnologiaparalaindustria.com\/it\/webinars-para-empresas-industriales\/","og_locale":"it_IT","og_type":"article","og_title":"Webinar para empresas industriales: Eventos de prospecci\u00f3n","og_description":"Llega hasta los compradores t\u00e9cnicos y capta los Leads que realmente quieren comprarte a trav\u00e9s de Webinars patrocinados para empresas industriales e ingenier\u00eda","og_url":"https:\/\/tecnologiaparalaindustria.com\/it\/webinars-para-empresas-industriales\/","og_site_name":"Tecnolog\u00eda para la Industria","article_publisher":"https:\/\/www.facebook.com\/tecnologiaparalaindustria","article_modified_time":"2023-02-06T15:31:26+00:00","og_image":[{"width":1200,"height":628,"url":"https:\/\/tecnologiaparalaindustria.com\/wp-content\/uploads\/2023\/02\/Webinars-para-empresas-industriales.jpg","type":"image\/jpeg"}],"twitter_card":"summary_large_image","twitter_misc":{"Est. reading time":"8 minuti"},"schema":{"@context":"https:\/\/schema.org","@graph":[{"@type":"WebPage","@id":"https:\/\/tecnologiaparalaindustria.com\/webinars-para-empresas-industriales\/","url":"https:\/\/tecnologiaparalaindustria.com\/webinars-para-empresas-industriales\/","name":"Webinar para empresas industriales: Eventos de prospecci\u00f3n","isPartOf":{"@id":"https:\/\/tecnologiaparalaindustria.com\/#website"},"primaryImageOfPage":{"@id":"https:\/\/tecnologiaparalaindustria.com\/webinars-para-empresas-industriales\/#primaryimage"},"image":{"@id":"https:\/\/tecnologiaparalaindustria.com\/webinars-para-empresas-industriales\/#primaryimage"},"thumbnailUrl":"https:\/\/tecnologiaparalaindustria.com\/wp-content\/uploads\/2023\/02\/Webinars-para-empresas-industriales-jpg.webp","datePublished":"2022-10-31T17:58:20+00:00","dateModified":"2023-02-06T15:31:26+00:00","description":"Llega hasta los compradores t\u00e9cnicos y capta los Leads que realmente quieren comprarte a trav\u00e9s de Webinars patrocinados para empresas industriales e ingenier\u00eda","breadcrumb":{"@id":"https:\/\/tecnologiaparalaindustria.com\/webinars-para-empresas-industriales\/#breadcrumb"},"inLanguage":"it-IT","potentialAction":[{"@type":"ReadAction","target":["https:\/\/tecnologiaparalaindustria.com\/webinars-para-empresas-industriales\/"]}]},{"@type":"ImageObject","inLanguage":"it-IT","@id":"https:\/\/tecnologiaparalaindustria.com\/webinars-para-empresas-industriales\/#primaryimage","url":"https:\/\/tecnologiaparalaindustria.com\/wp-content\/uploads\/2023\/02\/Webinars-para-empresas-industriales-jpg.webp","contentUrl":"https:\/\/tecnologiaparalaindustria.com\/wp-content\/uploads\/2023\/02\/Webinars-para-empresas-industriales-jpg.webp","width":1200,"height":628,"caption":"Webinars para empresas industriales"},{"@type":"BreadcrumbList","@id":"https:\/\/tecnologiaparalaindustria.com\/webinars-para-empresas-industriales\/#breadcrumb","itemListElement":[{"@type":"ListItem","position":1,"name":"Home","item":"https:\/\/tecnologiaparalaindustria.com\/"},{"@type":"ListItem","position":2,"name":"Webinars para empresas industriales"}]},{"@type":"WebSite","@id":"https:\/\/tecnologiaparalaindustria.com\/#website","url":"https:\/\/tecnologiaparalaindustria.com\/","name":"Tecnologia per l'industria","description":"Soluzioni tecnologiche per impianti industriali","publisher":{"@id":"https:\/\/tecnologiaparalaindustria.com\/#organization"},"potentialAction":[{"@type":"SearchAction","target":{"@type":"EntryPoint","urlTemplate":"https:\/\/tecnologiaparalaindustria.com\/?s={search_term_string}"},"query-input":{"@type":"PropertyValueSpecification","valueRequired":true,"valueName":"search_term_string"}}],"inLanguage":"it-IT"},{"@type":"Organization","@id":"https:\/\/tecnologiaparalaindustria.com\/#organization","name":"TPI - Tecnologia per l'industria","url":"https:\/\/tecnologiaparalaindustria.com\/","logo":{"@type":"ImageObject","inLanguage":"it-IT","@id":"https:\/\/tecnologiaparalaindustria.com\/#\/schema\/logo\/image\/","url":"https:\/\/tecnologiaparalaindustria.com\/wp-content\/uploads\/2020\/08\/cropped-LOGO-FONDO-BLANCO.png","contentUrl":"https:\/\/tecnologiaparalaindustria.com\/wp-content\/uploads\/2020\/08\/cropped-LOGO-FONDO-BLANCO.png","width":520,"height":289,"caption":"TPI - Tecnolog\u00eda para la Industria"},"image":{"@id":"https:\/\/tecnologiaparalaindustria.com\/#\/schema\/logo\/image\/"},"sameAs":["https:\/\/www.facebook.com\/tecnologiaparalaindustria","https:\/\/www.instagram.com\/tecnologiaparalaindustria\/"]}]}},"featured_image_src":"https:\/\/tecnologiaparalaindustria.com\/wp-content\/uploads\/2023\/02\/Webinars-para-empresas-industriales-600x400.webp","featured_image_src_square":"https:\/\/tecnologiaparalaindustria.com\/wp-content\/uploads\/2023\/02\/Webinars-para-empresas-industriales-600x600.webp","acf":[],"_links":{"self":[{"href":"https:\/\/tecnologiaparalaindustria.com\/it\/wp-json\/wp\/v2\/pages\/27445","targetHints":{"allow":["GET"]}}],"collection":[{"href":"https:\/\/tecnologiaparalaindustria.com\/it\/wp-json\/wp\/v2\/pages"}],"about":[{"href":"https:\/\/tecnologiaparalaindustria.com\/it\/wp-json\/wp\/v2\/types\/page"}],"author":[{"embeddable":true,"href":"https:\/\/tecnologiaparalaindustria.com\/it\/wp-json\/wp\/v2\/users\/2"}],"replies":[{"embeddable":true,"href":"https:\/\/tecnologiaparalaindustria.com\/it\/wp-json\/wp\/v2\/comments?post=27445"}],"version-history":[{"count":0,"href":"https:\/\/tecnologiaparalaindustria.com\/it\/wp-json\/wp\/v2\/pages\/27445\/revisions"}],"wp:featuredmedia":[{"embeddable":true,"href":"https:\/\/tecnologiaparalaindustria.com\/it\/wp-json\/wp\/v2\/media\/27996"}],"wp:attachment":[{"href":"https:\/\/tecnologiaparalaindustria.com\/it\/wp-json\/wp\/v2\/media?parent=27445"}],"curies":[{"name":"wp","href":"https:\/\/api.w.org\/{rel}","templated":true}]}}