{"id":2769,"date":"2019-09-29T18:12:23","date_gmt":"2019-09-29T18:12:23","guid":{"rendered":"https:\/\/tecnologiaparalaindustria.com\/?page_id=2769"},"modified":"2022-11-16T10:44:07","modified_gmt":"2022-11-16T10:44:07","slug":"video-guia-equipos-para-optimizar-el-retorno-de-condensado","status":"publish","type":"page","link":"https:\/\/tecnologiaparalaindustria.com\/it\/video-guia-equipos-para-optimizar-el-retorno-de-condensado\/","title":{"rendered":"Video Gui\u0301a Equipos para optimizar el retorno de condensado"},"content":{"rendered":"<p><span style=\"width: 100%;\"><a href=\"\/\/tecnologiaparalaindustria.com\" target=\"_blank\" rel=\"noopener noreferrer\"><img loading=\"lazy\" decoding=\"async\" style=\"width: 100%;\" title=\"TECNOLOGIA PARA LA INDUSTRIA\" src=\"\/\/umjye2j595c47d9ik2pfxvu1-wpengine.netdna-ssl.com\/wp-content\/uploads\/2018\/01\/TECNOLOGIA-PARA-LA-INDUSTRIA.png\" alt=\"TECNOLOGIA PARA LA INDUSTRIA\" width=\"227\" height=\"88\" data-id=\"1249\" data-link-wrap=\"1\" \/><\/a><\/span><\/p>\n<h1 style=\"text-align: center;\"><strong>Video Gui\u0301a: Equipos para Optimizar el Retorno de Condensado<\/strong><\/h1>\n<p style=\"text-align: center;\"><strong>En esta video gu\u00eda te explicamos los beneficios de usar los sistemas de recuperaci\u00f3n de condensados en plantas de vapor y calderas y c\u00f3mo aprovecharlo para conseguir mejores resultados en la cuenta de explotaci\u00f3n de tu planta.<\/strong><\/p>\n<p><span style=\"width: 100%;\"><img loading=\"lazy\" decoding=\"async\" style=\"width: 100%;\" title=\"video gui\u0301a para optimizar el retorno de condensado\" src=\"\/\/umjye2j595c47d9ik2pfxvu1-wpengine.netdna-ssl.com\/wp-content\/uploads\/2019\/09\/video-gui\u0301a-para-optimizar-el-retorno-de-condensado.png\" alt=\"video gui\u0301a para optimizar el retorno de condensado\" width=\"566\" height=\"470\" data-id=\"2771\" \/><\/span>[tcb-script type=\u00bbtext\/javascript\u00bb] var ss_form = {&#8216;account&#8217;: &#8216;MzawMDGzNDEyBgA&#8217;, &#8216;formID&#8217;: &#8216;M0k2NbSwMDfTTUw0TdU1sbQw0rUwTTTUTTFNNjJJSU1KTTJIAQA&#8217;}; ss_form.width = &#8216;100%&#8217;; ss_form.height = &#8216;100%&#8217;; ss_form.domain = &#8216;app-3QNFFA4OII.marketingautomation.services&#8217;; \/\/ ss_form.hidden = {&#8216;field_id&#8217;: &#8216;value&#8217;}; \/\/ Modify this for sending hidden variables, or overriding values \/\/ ss_form.target_id = &#8216;target&#8217;; \/\/ Optional parameter: forms will be placed inside the element with the specified id \/\/ ss_form.polling = true; \/\/ Optional parameter: set to true ONLY if your page loads dynamically and the id needs to be polled continually.[\/tcb-script][tcb-script type=\u00bbtext\/javascript\u00bb src=\u00bb\/\/koi-3QNFFA4OII.marketingautomation.services\/client\/form.js?ver=2.0.1&#8243;][\/tcb-script]<\/p>\n<p><strong>Descargando esta video gu\u00eda aprender\u00e1s a:<\/strong><\/p>\n<ul>\n<li>Reducir los costes de combustible.<\/li>\n<li>Ahorrar en energ\u00eda.<\/li>\n<li>Reducir los costes de agua.<\/li>\n<li>Reducir los costes de tratamientos qu\u00edmicos.<\/li>\n<li>Reducir los costes de vertidos.<\/li>\n<li>Eliminar las plumas de vapor.<\/li>\n<\/ul>\n<p style=\"text-align: center;\"><strong>Descarga ahora esta Video Gu\u00eda y descubre por qu\u00e9 la optimizaci\u00f3n del condensado es un recurso valioso a tomar en cuenta en los \u00a0sistemas con calderas y plantas de vapor.<\/strong><\/p>\n<p style=\"text-align: center;\">Copyright \u00a9 2019 Tecnologiaparalaindustria.com | Dise\u00f1ado por <a href=\"\/\/www.ventasdealtooctanaje.com\/\" target=\"_blank\" rel=\"noopener noreferrer\">Ventas de Alto Octanaje<\/a>\u00a0|\u00a0<a href=\"\/\/tecnologiaparalaindustria.com\/aviso-legal\/\" target=\"_blank\" rel=\"noopener noreferrer\">Aviso Legal<\/a>\u00a0|\u00a0<a href=\"\/\/tecnologiaparalaindustria.com\/politica-de-privacidad-y-cookies\/\" target=\"_blank\" rel=\"noopener noreferrer\">Pol\u00edtica de Privacidad y Cookies<\/a><\/p>\n","protected":false},"excerpt":{"rendered":"<p>Video Gui\u0301a: Equipos para Optimizar el Retorno de Condensado En esta video gu\u00eda te explicamos los beneficios de usar los sistemas de recuperaci\u00f3n de condensados en plantas de vapor y &hellip;<\/p>","protected":false},"author":2,"featured_media":0,"parent":0,"menu_order":0,"comment_status":"closed","ping_status":"closed","template":"","meta":{"_acf_changed":false,"_genesis_hide_title":false,"_genesis_hide_breadcrumbs":false,"_genesis_hide_singular_image":false,"_genesis_hide_footer_widgets":false,"_genesis_custom_body_class":"","_genesis_custom_post_class":"","_genesis_layout":"","footnotes":""},"class_list":["page","type-page","entry"],"yoast_head":"<!-- This site is optimized with the Yoast SEO plugin v27.3 - https:\/\/yoast.com\/product\/yoast-seo-wordpress\/ -->\n<title>Video Gui\u0301a Equipos para optimizar el retorno de condensado<\/title>\n<meta name=\"description\" content=\"En esta Video Gui\u0301a Equipos para optimizar el retorno de condensado te explicamos los beneficios de usar los sistemas de recuperaci\u00f3n de condensados en plantas de vapor y calderas y c\u00f3mo aprovecharlo para conseguir mejores resultados en la cuenta de explotaci\u00f3n de tu planta.\" \/>\n<meta name=\"robots\" content=\"index, follow, max-snippet:-1, max-image-preview:large, max-video-preview:-1\" \/>\n<link rel=\"canonical\" href=\"https:\/\/tecnologiaparalaindustria.com\/it\/video-guia-equipos-para-optimizar-el-retorno-de-condensado\/\" \/>\n<meta property=\"og:locale\" content=\"it_IT\" \/>\n<meta property=\"og:type\" content=\"article\" \/>\n<meta property=\"og:title\" content=\"Video Gui\u0301a Equipos para optimizar el retorno de condensado\" \/>\n<meta property=\"og:description\" content=\"En esta Video Gui\u0301a Equipos para optimizar el retorno de condensado te explicamos los beneficios de usar los sistemas de recuperaci\u00f3n de condensados en plantas de vapor y calderas y c\u00f3mo aprovecharlo para conseguir mejores resultados en la cuenta de explotaci\u00f3n de tu planta.\" \/>\n<meta property=\"og:url\" content=\"https:\/\/tecnologiaparalaindustria.com\/it\/video-guia-equipos-para-optimizar-el-retorno-de-condensado\/\" \/>\n<meta property=\"og:site_name\" content=\"Tecnolog\u00eda para la Industria\" \/>\n<meta property=\"article:publisher\" content=\"https:\/\/www.facebook.com\/tecnologiaparalaindustria\" \/>\n<meta property=\"article:modified_time\" content=\"2022-11-16T10:44:07+00:00\" \/>\n<meta name=\"twitter:card\" content=\"summary_large_image\" \/>\n<meta name=\"twitter:label1\" content=\"Est. reading time\" \/>\n\t<meta name=\"twitter:data1\" content=\"1 minuto\" \/>\n<script type=\"application\/ld+json\" class=\"yoast-schema-graph\">{\"@context\":\"https:\\\/\\\/schema.org\",\"@graph\":[{\"@type\":\"WebPage\",\"@id\":\"https:\\\/\\\/tecnologiaparalaindustria.com\\\/video-guia-equipos-para-optimizar-el-retorno-de-condensado\\\/\",\"url\":\"https:\\\/\\\/tecnologiaparalaindustria.com\\\/video-guia-equipos-para-optimizar-el-retorno-de-condensado\\\/\",\"name\":\"Video Gui\u0301a Equipos para optimizar el retorno de condensado\",\"isPartOf\":{\"@id\":\"https:\\\/\\\/tecnologiaparalaindustria.com\\\/#website\"},\"datePublished\":\"2019-09-29T18:12:23+00:00\",\"dateModified\":\"2022-11-16T10:44:07+00:00\",\"description\":\"En esta Video Gui\u0301a Equipos para optimizar el retorno de condensado te explicamos los beneficios de usar los sistemas de recuperaci\u00f3n de condensados en plantas de vapor y calderas y c\u00f3mo aprovecharlo para conseguir mejores resultados en la cuenta de explotaci\u00f3n de tu planta.\",\"breadcrumb\":{\"@id\":\"https:\\\/\\\/tecnologiaparalaindustria.com\\\/video-guia-equipos-para-optimizar-el-retorno-de-condensado\\\/#breadcrumb\"},\"inLanguage\":\"it-IT\",\"potentialAction\":[{\"@type\":\"ReadAction\",\"target\":[\"https:\\\/\\\/tecnologiaparalaindustria.com\\\/video-guia-equipos-para-optimizar-el-retorno-de-condensado\\\/\"]}]},{\"@type\":\"BreadcrumbList\",\"@id\":\"https:\\\/\\\/tecnologiaparalaindustria.com\\\/video-guia-equipos-para-optimizar-el-retorno-de-condensado\\\/#breadcrumb\",\"itemListElement\":[{\"@type\":\"ListItem\",\"position\":1,\"name\":\"Home\",\"item\":\"https:\\\/\\\/tecnologiaparalaindustria.com\\\/\"},{\"@type\":\"ListItem\",\"position\":2,\"name\":\"Video Gui\u0301a Equipos para optimizar el retorno de condensado\"}]},{\"@type\":\"WebSite\",\"@id\":\"https:\\\/\\\/tecnologiaparalaindustria.com\\\/#website\",\"url\":\"https:\\\/\\\/tecnologiaparalaindustria.com\\\/\",\"name\":\"Tecnolog\u00eda para la Industria\",\"description\":\"Soluciones tecnol\u00f3gicas para plantas industriales\",\"publisher\":{\"@id\":\"https:\\\/\\\/tecnologiaparalaindustria.com\\\/#organization\"},\"potentialAction\":[{\"@type\":\"SearchAction\",\"target\":{\"@type\":\"EntryPoint\",\"urlTemplate\":\"https:\\\/\\\/tecnologiaparalaindustria.com\\\/?s={search_term_string}\"},\"query-input\":{\"@type\":\"PropertyValueSpecification\",\"valueRequired\":true,\"valueName\":\"search_term_string\"}}],\"inLanguage\":\"it-IT\"},{\"@type\":\"Organization\",\"@id\":\"https:\\\/\\\/tecnologiaparalaindustria.com\\\/#organization\",\"name\":\"TPI - Tecnolog\u00eda para la Industria\",\"url\":\"https:\\\/\\\/tecnologiaparalaindustria.com\\\/\",\"logo\":{\"@type\":\"ImageObject\",\"inLanguage\":\"it-IT\",\"@id\":\"https:\\\/\\\/tecnologiaparalaindustria.com\\\/#\\\/schema\\\/logo\\\/image\\\/\",\"url\":\"https:\\\/\\\/tecnologiaparalaindustria.com\\\/wp-content\\\/uploads\\\/2020\\\/08\\\/cropped-LOGO-FONDO-BLANCO.png\",\"contentUrl\":\"https:\\\/\\\/tecnologiaparalaindustria.com\\\/wp-content\\\/uploads\\\/2020\\\/08\\\/cropped-LOGO-FONDO-BLANCO.png\",\"width\":520,\"height\":289,\"caption\":\"TPI - Tecnolog\u00eda para la Industria\"},\"image\":{\"@id\":\"https:\\\/\\\/tecnologiaparalaindustria.com\\\/#\\\/schema\\\/logo\\\/image\\\/\"},\"sameAs\":[\"https:\\\/\\\/www.facebook.com\\\/tecnologiaparalaindustria\",\"https:\\\/\\\/www.instagram.com\\\/tecnologiaparalaindustria\\\/\"]}]}<\/script>\n<!-- \/ Yoast SEO plugin. -->","yoast_head_json":{"title":"Video Gui\u0301a Equipos para optimizar el retorno de condensado","description":"En esta Video Gui\u0301a Equipos para optimizar el retorno de condensado te explicamos los beneficios de usar los sistemas de recuperaci\u00f3n de condensados en plantas de vapor y calderas y c\u00f3mo aprovecharlo para conseguir mejores resultados en la cuenta de explotaci\u00f3n de tu planta.","robots":{"index":"index","follow":"follow","max-snippet":"max-snippet:-1","max-image-preview":"max-image-preview:large","max-video-preview":"max-video-preview:-1"},"canonical":"https:\/\/tecnologiaparalaindustria.com\/it\/video-guia-equipos-para-optimizar-el-retorno-de-condensado\/","og_locale":"it_IT","og_type":"article","og_title":"Video Gui\u0301a Equipos para optimizar el retorno de condensado","og_description":"En esta Video Gui\u0301a Equipos para optimizar el retorno de condensado te explicamos los beneficios de usar los sistemas de recuperaci\u00f3n de condensados en plantas de vapor y calderas y c\u00f3mo aprovecharlo para conseguir mejores resultados en la cuenta de explotaci\u00f3n de tu planta.","og_url":"https:\/\/tecnologiaparalaindustria.com\/it\/video-guia-equipos-para-optimizar-el-retorno-de-condensado\/","og_site_name":"Tecnolog\u00eda para la Industria","article_publisher":"https:\/\/www.facebook.com\/tecnologiaparalaindustria","article_modified_time":"2022-11-16T10:44:07+00:00","twitter_card":"summary_large_image","twitter_misc":{"Est. reading time":"1 minuto"},"schema":{"@context":"https:\/\/schema.org","@graph":[{"@type":"WebPage","@id":"https:\/\/tecnologiaparalaindustria.com\/video-guia-equipos-para-optimizar-el-retorno-de-condensado\/","url":"https:\/\/tecnologiaparalaindustria.com\/video-guia-equipos-para-optimizar-el-retorno-de-condensado\/","name":"Video Gui\u0301a Equipos para optimizar el retorno de condensado","isPartOf":{"@id":"https:\/\/tecnologiaparalaindustria.com\/#website"},"datePublished":"2019-09-29T18:12:23+00:00","dateModified":"2022-11-16T10:44:07+00:00","description":"En esta Video Gui\u0301a Equipos para optimizar el retorno de condensado te explicamos los beneficios de usar los sistemas de recuperaci\u00f3n de condensados en plantas de vapor y calderas y c\u00f3mo aprovecharlo para conseguir mejores resultados en la cuenta de explotaci\u00f3n de tu planta.","breadcrumb":{"@id":"https:\/\/tecnologiaparalaindustria.com\/video-guia-equipos-para-optimizar-el-retorno-de-condensado\/#breadcrumb"},"inLanguage":"it-IT","potentialAction":[{"@type":"ReadAction","target":["https:\/\/tecnologiaparalaindustria.com\/video-guia-equipos-para-optimizar-el-retorno-de-condensado\/"]}]},{"@type":"BreadcrumbList","@id":"https:\/\/tecnologiaparalaindustria.com\/video-guia-equipos-para-optimizar-el-retorno-de-condensado\/#breadcrumb","itemListElement":[{"@type":"ListItem","position":1,"name":"Home","item":"https:\/\/tecnologiaparalaindustria.com\/"},{"@type":"ListItem","position":2,"name":"Video Gui\u0301a Equipos para optimizar el retorno de condensado"}]},{"@type":"WebSite","@id":"https:\/\/tecnologiaparalaindustria.com\/#website","url":"https:\/\/tecnologiaparalaindustria.com\/","name":"Tecnologia per l'industria","description":"Soluzioni tecnologiche per impianti industriali","publisher":{"@id":"https:\/\/tecnologiaparalaindustria.com\/#organization"},"potentialAction":[{"@type":"SearchAction","target":{"@type":"EntryPoint","urlTemplate":"https:\/\/tecnologiaparalaindustria.com\/?s={search_term_string}"},"query-input":{"@type":"PropertyValueSpecification","valueRequired":true,"valueName":"search_term_string"}}],"inLanguage":"it-IT"},{"@type":"Organization","@id":"https:\/\/tecnologiaparalaindustria.com\/#organization","name":"TPI - Tecnologia per l'industria","url":"https:\/\/tecnologiaparalaindustria.com\/","logo":{"@type":"ImageObject","inLanguage":"it-IT","@id":"https:\/\/tecnologiaparalaindustria.com\/#\/schema\/logo\/image\/","url":"https:\/\/tecnologiaparalaindustria.com\/wp-content\/uploads\/2020\/08\/cropped-LOGO-FONDO-BLANCO.png","contentUrl":"https:\/\/tecnologiaparalaindustria.com\/wp-content\/uploads\/2020\/08\/cropped-LOGO-FONDO-BLANCO.png","width":520,"height":289,"caption":"TPI - Tecnolog\u00eda para la Industria"},"image":{"@id":"https:\/\/tecnologiaparalaindustria.com\/#\/schema\/logo\/image\/"},"sameAs":["https:\/\/www.facebook.com\/tecnologiaparalaindustria","https:\/\/www.instagram.com\/tecnologiaparalaindustria\/"]}]}},"featured_image_src":null,"featured_image_src_square":null,"acf":[],"_links":{"self":[{"href":"https:\/\/tecnologiaparalaindustria.com\/it\/wp-json\/wp\/v2\/pages\/2769","targetHints":{"allow":["GET"]}}],"collection":[{"href":"https:\/\/tecnologiaparalaindustria.com\/it\/wp-json\/wp\/v2\/pages"}],"about":[{"href":"https:\/\/tecnologiaparalaindustria.com\/it\/wp-json\/wp\/v2\/types\/page"}],"author":[{"embeddable":true,"href":"https:\/\/tecnologiaparalaindustria.com\/it\/wp-json\/wp\/v2\/users\/2"}],"replies":[{"embeddable":true,"href":"https:\/\/tecnologiaparalaindustria.com\/it\/wp-json\/wp\/v2\/comments?post=2769"}],"version-history":[{"count":0,"href":"https:\/\/tecnologiaparalaindustria.com\/it\/wp-json\/wp\/v2\/pages\/2769\/revisions"}],"wp:attachment":[{"href":"https:\/\/tecnologiaparalaindustria.com\/it\/wp-json\/wp\/v2\/media?parent=2769"}],"curies":[{"name":"wp","href":"https:\/\/api.w.org\/{rel}","templated":true}]}}