{"id":1003139,"date":"2024-06-03T14:00:51","date_gmt":"2024-06-03T14:00:51","guid":{"rendered":"https:\/\/tecnologiaparalaindustria.com\/?page_id=1003139"},"modified":"2024-06-03T15:04:32","modified_gmt":"2024-06-03T15:04:32","slug":"catalogo-tpi-productos-digitales","status":"publish","type":"page","link":"https:\/\/tecnologiaparalaindustria.com\/pt\/catalogo-tpi-productos-digitales\/","title":{"rendered":"CAT\u00c1LOGO TPI PRODUTOS DIGITAIS"},"content":{"rendered":"<p>CAT\u00c1LOGO TPI<\/p>\n<h1>\n\t\tPRODUCTOS DIGITALES\n\t<\/h1>\n\t<p>Descarregue o nosso cat\u00e1logo e descubra como maximizar o seu ROI com estrat\u00e9gias eficazes, obter leads de alta qualidade e aceder a dados detalhados que ir\u00e3o impulsionar o seu crescimento no mercado industrial.<\/p>\n\t\t\t<a href=\"\" target=\"_self\" rel=\"noopener\">\n\t\t\t\t\t\t\tVER CAT\u00c1LOGO\n\t\t\t\t\t<\/a>\n\t<p><strong>Descubra tudo o que precisa de saber para aumentar as suas vendas e melhorar o seu posicionamento no mercado industrial.<\/strong><\/p>\n<h2>\n\t\tNeste cat\u00e1logo, encontrar\u00e1\n\t<\/h2>\n\t\t<h3>Todos os nossos produtos<\/h3>\n\t\t\t<p>Uma lista completa dos produtos oferecidos pela Technology for Industry, com pormenores sobre as suas especifica\u00e7\u00f5es e vantagens.<\/p>\t\t\n\t\t<h3>Estat\u00edsticas e m\u00e9tricas de sucesso<\/h3>\n\t\t\t<p>Dados concretos que demonstram a efic\u00e1cia das nossas solu\u00e7\u00f5es e o seu impacto positivo no desempenho dos nossos clientes.<\/p>\t\t\n<h2>\n\t\tInforma\u00e7\u00f5es sobre o servi\u00e7o\n\t<\/h2>\n\t<p>Detalhes de todos os servi\u00e7os que oferecemos, incluindo:<\/p>\n\t<ul>\n\t\t\t<li>\n\t\t\t\t<b>Banners publicit\u00e1rios:<\/b> Estrat\u00e9gias de publicidade digital para aumentar a visibilidade da sua marca.\n\t\t\t<\/li>\n\t\t\t<li>\n\t\t\t\t<b>Publicidade online:<\/b> Campanhas direcionadas para captar a aten\u00e7\u00e3o do seu p\u00fablico-alvo.\n\t\t\t<\/li>\n\t\t\t<li>\n\t\t\t\t<b>Webinars:<\/b> Programas educativos e de forma\u00e7\u00e3o destinados a atrair e educar potenciais clientes.\n\t\t\t<\/li>\n\t\t\t<li>\n\t\t\t\t<b>Edi\u00e7\u00e3o de v\u00eddeo:<\/b> Servi\u00e7os de produ\u00e7\u00e3o e edi\u00e7\u00e3o de v\u00eddeo para melhorar a apresenta\u00e7\u00e3o dos seus produtos e servi\u00e7os.\n\t\t\t<\/li>\n\t\t\t<li>\n\t\t\t\t<b>Gera\u00e7\u00e3o de contactos:<\/b> T\u00e9cnicas e ferramentas avan\u00e7adas para gerar contactos de alta qualidade e acelerar o seu processo de vendas.\n\t\t\t<\/li>\n\t\t<\/ul>\n\t\t\t<a href=\"\" target=\"_self\" rel=\"noopener\">\n\t\t\t\t\t\t\tVER CAT\u00c1LOGO\n\t\t\t\t\t<\/a>\n\t\t\t\t<img loading=\"lazy\" decoding=\"async\" src=\"https:\/\/tecnologiaparalaindustria.com\/wp-content\/uploads\/2024\/03\/Cambio-de-PLC-5-y-ES-1771-jpg.webp\" alt=\"Cambio de PLC-5 y E\/S 1771\" itemprop=\"image\" height=\"628\" width=\"1200\" title=\"Mudan\u00e7a de PLC-5 e E:S 1771\" onerror=\"this.style.display='none'\"  \/>\n\t<img decoding=\"async\" src=\"https:\/\/fast.wistia.com\/embed\/medias\/6589ca8tfd\/swatch\" alt=\"\" aria-hidden=\"true\" onload=\"this.parentNode.style.opacity=1;\" \/>\n<h2>\n\t\tPorqu\u00ea escolher a Tecnologia para a Ind\u00fastria?\n\t<\/h2>\n\t<p>Na Technology for Industry, transformamos a sua estrat\u00e9gia de conte\u00fados em resultados concretos. Geramos contactos de alta qualidade que est\u00e3o realmente prontos para comprar. Com mais de 20.000 compradores t\u00e9cnicos na nossa base de dados e conte\u00fados que atraem mais de 50.000 visitas mensais, proporcionamos n\u00e3o s\u00f3 visibilidade, mas tamb\u00e9m resultados verific\u00e1veis.<\/p>\n\t<ul>\n\t\t\t<li>\n\t\t\t\t<b>Clientes-alvo exactos:<\/b> Dirigimo-nos exatamente a quem precisa: decisores t\u00e9cnicos com inten\u00e7\u00f5es de compra claras.\n\t\t\t<\/li>\n\t\t\t<li>\n\t\t\t\t<b>Dados pormenorizados:<\/b> Fornecemos dados detalhados de comportamento, interesse e rastreabilidade para otimizar a sua estrat\u00e9gia de marketing.\n\t\t\t<\/li>\n\t\t<\/ul>\n\t\t\t<a href=\"\" target=\"_self\" rel=\"noopener\">\n\t\t\t\t\t\t\tVER CAT\u00c1LOGO\n\t\t\t\t\t<\/a>\n\t<p>Descarregue j\u00e1 o nosso cat\u00e1logo e descubra como as nossas solu\u00e7\u00f5es podem transformar a sua estrat\u00e9gia de marketing industrial, aumentar as suas vendas e melhorar o seu posicionamento no mercado.<\/p>\n\t\t\t<a href=\"\" target=\"_self\" rel=\"noopener\">\n\t\t\t\t\t\t\tVER CAT\u00c1LOGO\n\t\t\t\t\t<\/a>\n\t\t<h4>\n\t\t\tModal Box\n\t\t\t\t\t<\/h4>\n\t\t<h5>modal-<\/h5>\n\t\tClick here to edit the \u00abmodal-box\u00bb settings. This text is only for editing and will not appear after you publish the changes.\t\n\t\t\t\t\t\tPreview\n\t\t\tmodal-\n\t\t\t\t\t\t\t\t\t\t\t<h4 id=\"modal-title-\">Preencher o formul\u00e1rio para aceder ao cat\u00e1logo<\/h4>\t\t\t\t\t\t\t\t\t\t\t\t\t\t\t\t\n\t\t\t\t\t\t<!-- SharpSpring Form for CAT\u00c1LOGO TPI - PRODUCTOS DIGITALES  -->","protected":false},"excerpt":{"rendered":"<p>CAT\u00c1LOGO TPI PRODUCTOS DIGITALES Descarga nuestro cat\u00e1logo y descubre c\u00f3mo maximizar tu retorno de la inversi\u00f3n con estrategias efectivas, obtener leads de alta calidad, y acceder a datos detallados que &hellip;<\/p>","protected":false},"author":2,"featured_media":0,"parent":0,"menu_order":0,"comment_status":"closed","ping_status":"closed","template":"","meta":{"_acf_changed":true,"_genesis_hide_title":false,"_genesis_hide_breadcrumbs":false,"_genesis_hide_singular_image":false,"_genesis_hide_footer_widgets":false,"_genesis_custom_body_class":"","_genesis_custom_post_class":"","_genesis_layout":"","footnotes":""},"class_list":["page","type-page","entry"],"yoast_head":"<!-- This site is optimized with the Yoast SEO plugin v27.3 - https:\/\/yoast.com\/product\/yoast-seo-wordpress\/ -->\n<title>CAT\u00c1LOGO TPI PRODUCTOS DIGITALES - Tecnolog\u00eda para la Industria<\/title>\n<meta name=\"robots\" content=\"index, follow, max-snippet:-1, max-image-preview:large, max-video-preview:-1\" \/>\n<link rel=\"canonical\" href=\"https:\/\/tecnologiaparalaindustria.com\/pt\/catalogo-tpi-productos-digitales\/\" \/>\n<meta property=\"og:locale\" content=\"pt_PT\" \/>\n<meta property=\"og:type\" content=\"article\" \/>\n<meta property=\"og:title\" content=\"CAT\u00c1LOGO TPI PRODUCTOS DIGITALES - Tecnolog\u00eda para la Industria\" \/>\n<meta property=\"og:description\" content=\"CAT\u00c1LOGO TPI PRODUCTOS DIGITALES Descarga nuestro cat\u00e1logo y descubre c\u00f3mo maximizar tu retorno de la inversi\u00f3n con estrategias efectivas, obtener leads de alta calidad, y acceder a datos detallados que &hellip;\" \/>\n<meta property=\"og:url\" content=\"https:\/\/tecnologiaparalaindustria.com\/pt\/catalogo-tpi-productos-digitales\/\" \/>\n<meta property=\"og:site_name\" content=\"Tecnolog\u00eda para la Industria\" \/>\n<meta property=\"article:publisher\" content=\"https:\/\/www.facebook.com\/tecnologiaparalaindustria\" \/>\n<meta property=\"article:modified_time\" content=\"2024-06-03T15:04:32+00:00\" \/>\n<meta property=\"og:image\" content=\"https:\/\/tecnologiaparalaindustria.com\/wp-content\/uploads\/2024\/03\/Cambio-de-PLC-5-y-ES-1771-jpg.webp\" \/>\n<meta name=\"twitter:card\" content=\"summary_large_image\" \/>\n<meta name=\"twitter:label1\" content=\"Tempo estimado de leitura\" \/>\n\t<meta name=\"twitter:data1\" content=\"3 minutos\" \/>\n<script type=\"application\/ld+json\" class=\"yoast-schema-graph\">{\"@context\":\"https:\\\/\\\/schema.org\",\"@graph\":[{\"@type\":\"WebPage\",\"@id\":\"https:\\\/\\\/tecnologiaparalaindustria.com\\\/catalogo-tpi-productos-digitales\\\/\",\"url\":\"https:\\\/\\\/tecnologiaparalaindustria.com\\\/catalogo-tpi-productos-digitales\\\/\",\"name\":\"CAT\u00c1LOGO TPI PRODUCTOS DIGITALES - Tecnolog\u00eda para la Industria\",\"isPartOf\":{\"@id\":\"https:\\\/\\\/tecnologiaparalaindustria.com\\\/#website\"},\"primaryImageOfPage\":{\"@id\":\"https:\\\/\\\/tecnologiaparalaindustria.com\\\/catalogo-tpi-productos-digitales\\\/#primaryimage\"},\"image\":{\"@id\":\"https:\\\/\\\/tecnologiaparalaindustria.com\\\/catalogo-tpi-productos-digitales\\\/#primaryimage\"},\"thumbnailUrl\":\"https:\\\/\\\/tecnologiaparalaindustria.com\\\/wp-content\\\/uploads\\\/2024\\\/03\\\/Cambio-de-PLC-5-y-ES-1771-jpg.webp\",\"datePublished\":\"2024-06-03T14:00:51+00:00\",\"dateModified\":\"2024-06-03T15:04:32+00:00\",\"breadcrumb\":{\"@id\":\"https:\\\/\\\/tecnologiaparalaindustria.com\\\/catalogo-tpi-productos-digitales\\\/#breadcrumb\"},\"inLanguage\":\"pt-PT\",\"potentialAction\":[{\"@type\":\"ReadAction\",\"target\":[\"https:\\\/\\\/tecnologiaparalaindustria.com\\\/catalogo-tpi-productos-digitales\\\/\"]}]},{\"@type\":\"ImageObject\",\"inLanguage\":\"pt-PT\",\"@id\":\"https:\\\/\\\/tecnologiaparalaindustria.com\\\/catalogo-tpi-productos-digitales\\\/#primaryimage\",\"url\":\"https:\\\/\\\/tecnologiaparalaindustria.com\\\/wp-content\\\/uploads\\\/2024\\\/03\\\/Cambio-de-PLC-5-y-ES-1771-jpg.webp\",\"contentUrl\":\"https:\\\/\\\/tecnologiaparalaindustria.com\\\/wp-content\\\/uploads\\\/2024\\\/03\\\/Cambio-de-PLC-5-y-ES-1771-jpg.webp\"},{\"@type\":\"BreadcrumbList\",\"@id\":\"https:\\\/\\\/tecnologiaparalaindustria.com\\\/catalogo-tpi-productos-digitales\\\/#breadcrumb\",\"itemListElement\":[{\"@type\":\"ListItem\",\"position\":1,\"name\":\"Home\",\"item\":\"https:\\\/\\\/tecnologiaparalaindustria.com\\\/\"},{\"@type\":\"ListItem\",\"position\":2,\"name\":\"CAT\u00c1LOGO TPI PRODUCTOS DIGITALES\"}]},{\"@type\":\"WebSite\",\"@id\":\"https:\\\/\\\/tecnologiaparalaindustria.com\\\/#website\",\"url\":\"https:\\\/\\\/tecnologiaparalaindustria.com\\\/\",\"name\":\"Tecnolog\u00eda para la Industria\",\"description\":\"Soluciones tecnol\u00f3gicas para plantas industriales\",\"publisher\":{\"@id\":\"https:\\\/\\\/tecnologiaparalaindustria.com\\\/#organization\"},\"potentialAction\":[{\"@type\":\"SearchAction\",\"target\":{\"@type\":\"EntryPoint\",\"urlTemplate\":\"https:\\\/\\\/tecnologiaparalaindustria.com\\\/?s={search_term_string}\"},\"query-input\":{\"@type\":\"PropertyValueSpecification\",\"valueRequired\":true,\"valueName\":\"search_term_string\"}}],\"inLanguage\":\"pt-PT\"},{\"@type\":\"Organization\",\"@id\":\"https:\\\/\\\/tecnologiaparalaindustria.com\\\/#organization\",\"name\":\"TPI - Tecnolog\u00eda para la Industria\",\"url\":\"https:\\\/\\\/tecnologiaparalaindustria.com\\\/\",\"logo\":{\"@type\":\"ImageObject\",\"inLanguage\":\"pt-PT\",\"@id\":\"https:\\\/\\\/tecnologiaparalaindustria.com\\\/#\\\/schema\\\/logo\\\/image\\\/\",\"url\":\"https:\\\/\\\/tecnologiaparalaindustria.com\\\/wp-content\\\/uploads\\\/2020\\\/08\\\/cropped-LOGO-FONDO-BLANCO.png\",\"contentUrl\":\"https:\\\/\\\/tecnologiaparalaindustria.com\\\/wp-content\\\/uploads\\\/2020\\\/08\\\/cropped-LOGO-FONDO-BLANCO.png\",\"width\":520,\"height\":289,\"caption\":\"TPI - Tecnolog\u00eda para la Industria\"},\"image\":{\"@id\":\"https:\\\/\\\/tecnologiaparalaindustria.com\\\/#\\\/schema\\\/logo\\\/image\\\/\"},\"sameAs\":[\"https:\\\/\\\/www.facebook.com\\\/tecnologiaparalaindustria\",\"https:\\\/\\\/www.instagram.com\\\/tecnologiaparalaindustria\\\/\"]}]}<\/script>\n<!-- \/ Yoast SEO plugin. -->","yoast_head_json":{"title":"CAT\u00c1LOGO TPI PRODUCTOS DIGITALES - Tecnolog\u00eda para la Industria","robots":{"index":"index","follow":"follow","max-snippet":"max-snippet:-1","max-image-preview":"max-image-preview:large","max-video-preview":"max-video-preview:-1"},"canonical":"https:\/\/tecnologiaparalaindustria.com\/pt\/catalogo-tpi-productos-digitales\/","og_locale":"pt_PT","og_type":"article","og_title":"CAT\u00c1LOGO TPI PRODUCTOS DIGITALES - Tecnolog\u00eda para la Industria","og_description":"CAT\u00c1LOGO TPI PRODUCTOS DIGITALES Descarga nuestro cat\u00e1logo y descubre c\u00f3mo maximizar tu retorno de la inversi\u00f3n con estrategias efectivas, obtener leads de alta calidad, y acceder a datos detallados que &hellip;","og_url":"https:\/\/tecnologiaparalaindustria.com\/pt\/catalogo-tpi-productos-digitales\/","og_site_name":"Tecnolog\u00eda para la Industria","article_publisher":"https:\/\/www.facebook.com\/tecnologiaparalaindustria","article_modified_time":"2024-06-03T15:04:32+00:00","og_image":[{"url":"https:\/\/tecnologiaparalaindustria.com\/wp-content\/uploads\/2024\/03\/Cambio-de-PLC-5-y-ES-1771-jpg.webp","type":"","width":"","height":""}],"twitter_card":"summary_large_image","twitter_misc":{"Tempo estimado de leitura":"3 minutos"},"schema":{"@context":"https:\/\/schema.org","@graph":[{"@type":"WebPage","@id":"https:\/\/tecnologiaparalaindustria.com\/catalogo-tpi-productos-digitales\/","url":"https:\/\/tecnologiaparalaindustria.com\/catalogo-tpi-productos-digitales\/","name":"CAT\u00c1LOGO TPI PRODUCTOS DIGITALES - Tecnolog\u00eda para la Industria","isPartOf":{"@id":"https:\/\/tecnologiaparalaindustria.com\/#website"},"primaryImageOfPage":{"@id":"https:\/\/tecnologiaparalaindustria.com\/catalogo-tpi-productos-digitales\/#primaryimage"},"image":{"@id":"https:\/\/tecnologiaparalaindustria.com\/catalogo-tpi-productos-digitales\/#primaryimage"},"thumbnailUrl":"https:\/\/tecnologiaparalaindustria.com\/wp-content\/uploads\/2024\/03\/Cambio-de-PLC-5-y-ES-1771-jpg.webp","datePublished":"2024-06-03T14:00:51+00:00","dateModified":"2024-06-03T15:04:32+00:00","breadcrumb":{"@id":"https:\/\/tecnologiaparalaindustria.com\/catalogo-tpi-productos-digitales\/#breadcrumb"},"inLanguage":"pt-PT","potentialAction":[{"@type":"ReadAction","target":["https:\/\/tecnologiaparalaindustria.com\/catalogo-tpi-productos-digitales\/"]}]},{"@type":"ImageObject","inLanguage":"pt-PT","@id":"https:\/\/tecnologiaparalaindustria.com\/catalogo-tpi-productos-digitales\/#primaryimage","url":"https:\/\/tecnologiaparalaindustria.com\/wp-content\/uploads\/2024\/03\/Cambio-de-PLC-5-y-ES-1771-jpg.webp","contentUrl":"https:\/\/tecnologiaparalaindustria.com\/wp-content\/uploads\/2024\/03\/Cambio-de-PLC-5-y-ES-1771-jpg.webp"},{"@type":"BreadcrumbList","@id":"https:\/\/tecnologiaparalaindustria.com\/catalogo-tpi-productos-digitales\/#breadcrumb","itemListElement":[{"@type":"ListItem","position":1,"name":"Home","item":"https:\/\/tecnologiaparalaindustria.com\/"},{"@type":"ListItem","position":2,"name":"CAT\u00c1LOGO TPI PRODUCTOS DIGITALES"}]},{"@type":"WebSite","@id":"https:\/\/tecnologiaparalaindustria.com\/#website","url":"https:\/\/tecnologiaparalaindustria.com\/","name":"Tecnologia para a ind\u00fastria","description":"Solu\u00e7\u00f5es tecnol\u00f3gicas para instala\u00e7\u00f5es industriais","publisher":{"@id":"https:\/\/tecnologiaparalaindustria.com\/#organization"},"potentialAction":[{"@type":"SearchAction","target":{"@type":"EntryPoint","urlTemplate":"https:\/\/tecnologiaparalaindustria.com\/?s={search_term_string}"},"query-input":{"@type":"PropertyValueSpecification","valueRequired":true,"valueName":"search_term_string"}}],"inLanguage":"pt-PT"},{"@type":"Organization","@id":"https:\/\/tecnologiaparalaindustria.com\/#organization","name":"TPI - Tecnologia para a Ind\u00fastria","url":"https:\/\/tecnologiaparalaindustria.com\/","logo":{"@type":"ImageObject","inLanguage":"pt-PT","@id":"https:\/\/tecnologiaparalaindustria.com\/#\/schema\/logo\/image\/","url":"https:\/\/tecnologiaparalaindustria.com\/wp-content\/uploads\/2020\/08\/cropped-LOGO-FONDO-BLANCO.png","contentUrl":"https:\/\/tecnologiaparalaindustria.com\/wp-content\/uploads\/2020\/08\/cropped-LOGO-FONDO-BLANCO.png","width":520,"height":289,"caption":"TPI - Tecnolog\u00eda para la Industria"},"image":{"@id":"https:\/\/tecnologiaparalaindustria.com\/#\/schema\/logo\/image\/"},"sameAs":["https:\/\/www.facebook.com\/tecnologiaparalaindustria","https:\/\/www.instagram.com\/tecnologiaparalaindustria\/"]}]}},"featured_image_src":null,"featured_image_src_square":null,"acf":[],"_links":{"self":[{"href":"https:\/\/tecnologiaparalaindustria.com\/pt\/wp-json\/wp\/v2\/pages\/1003139","targetHints":{"allow":["GET"]}}],"collection":[{"href":"https:\/\/tecnologiaparalaindustria.com\/pt\/wp-json\/wp\/v2\/pages"}],"about":[{"href":"https:\/\/tecnologiaparalaindustria.com\/pt\/wp-json\/wp\/v2\/types\/page"}],"author":[{"embeddable":true,"href":"https:\/\/tecnologiaparalaindustria.com\/pt\/wp-json\/wp\/v2\/users\/2"}],"replies":[{"embeddable":true,"href":"https:\/\/tecnologiaparalaindustria.com\/pt\/wp-json\/wp\/v2\/comments?post=1003139"}],"version-history":[{"count":0,"href":"https:\/\/tecnologiaparalaindustria.com\/pt\/wp-json\/wp\/v2\/pages\/1003139\/revisions"}],"wp:attachment":[{"href":"https:\/\/tecnologiaparalaindustria.com\/pt\/wp-json\/wp\/v2\/media?parent=1003139"}],"curies":[{"name":"wp","href":"https:\/\/api.w.org\/{rel}","templated":true}]}}