{"id":1003458,"date":"2025-06-19T14:47:55","date_gmt":"2025-06-19T14:47:55","guid":{"rendered":"https:\/\/tecnologiaparalaindustria.com\/?page_id=1003458"},"modified":"2026-04-10T15:08:44","modified_gmt":"2026-04-10T15:08:44","slug":"conjuntos-de-uso-unico-para-enchimento-e-transferencia-de-fluidos","status":"publish","type":"page","link":"https:\/\/tecnologiaparalaindustria.com\/pt\/ensambles-de-un-solo-uso-para-llenado-y-transferencia-de-fluidos\/","title":{"rendered":"Conjuntos descart\u00e1veis para enchimento e transfer\u00eancia de fluidos"},"content":{"rendered":"<figure itemscope itemtype=\"https:\/\/schema.org\/ImageObject\">\n\t\t\t\t<img decoding=\"async\" src=\"https:\/\/tecnologiaparalaindustria.com\/wp-content\/uploads\/2026\/04\/WMFTS_Primary_Large.png\" alt=\"WMFTS_Primario_Grande\" height=\"277\" width=\"1000\" title=\"WMFTS_Primario_Grande\" onerror=\"this.style.display='none'\" loading=\"lazy\" \/>\n\t<\/figure>\n\t<p><a href=\"tel:+34931123544\" target=\"_blank\" rel=\"noopener\">Ligar +34 931 123 544<\/a><\/p>\n\t\t\t<a href=\"https:\/\/www.wmfts.com\/pt-pt\/bredel\/bombas-peristalticas\/bombas-mangueira-bredel-10-50\/\"  target=\"_blank\" rel=\"noopener\">\n\t\t\t\t\t\t\tContacte os nossos especialistas\n\t\t\t\t\t<\/a>\n<h1>\n\t\t\tConjuntos descart\u00e1veis para enchimento e transfer\u00eancia de fluidos\t<\/h1>\n<h2>\n\t\t\tProteja os seus produtos farmac\u00eauticos com solu\u00e7\u00f5es est\u00e9reis e personalizadas\t<\/h2>\n\t<p>Na ind\u00fastria biofarmac\u00eautica, a escolha entre sistemas reutiliz\u00e1veis e sistemas de uso \u00fanico para a transfer\u00eancia de fluidos representa uma decis\u00e3o estrat\u00e9gica com m\u00faltiplas implica\u00e7\u00f5es na seguran\u00e7a, efici\u00eancia e escalabilidade dos processos. Os sistemas de uso \u00fanico, como os conectores est\u00e9reis de uso \u00fanico para transfer\u00eancia de fluidos WM Architect\u2122 da Watson-Marlow, est\u00e3o a revolucionar o setor ao oferecerem uma alternativa eficaz e segura em rela\u00e7\u00e3o aos sistemas reutiliz\u00e1veis.<\/p>\n\t\t\t<a href=\"https:\/\/www.wmfts.com\/pt-pt\/marcas\/wmarchitect\/\"  target=\"_blank\" rel=\"noopener\">\n\t\t\t\t\t\t\tEntre em contacto com um especialista WM Architect\u2122\n\t\t\t\t\t<\/a>\n<figure itemscope itemtype=\"https:\/\/schema.org\/ImageObject\">\n\t\t\t\t<img decoding=\"async\" src=\"https:\/\/tecnologiaparalaindustria.com\/wp-content\/uploads\/2025\/02\/Ensambles-de-un-Solo-Uso-para-Llenado-y-Transferencia-de-Fluidos.webp\" alt=\"Ensambles de un Solo Uso para Llenado y Transferencia de Fluidos\" height=\"384\" width=\"541\" title=\"Ensambles de un Solo Uso para Llenado y Transferencia de Fluidos\" onerror=\"this.style.display='none'\" loading=\"lazy\" \/>\n\t<\/figure>\n<h2>\n\t\t\tConjuntos descart\u00e1veis para enchimento\/acabamento\t<\/h2>\n\t<p>Os conjuntos WMArchitect\u2122 para enchimento e acabamento garantem a prote\u00e7\u00e3o dos seus produtos farmac\u00eauticos gra\u00e7as ao seu fabrico personalizado e certificado. S\u00e3o pr\u00e9-montados e embalados em salas limpas ISO 14644-1 Classe 7, cumprindo os mais elevados padr\u00f5es de seguran\u00e7a e qualidade.<\/p>\n<figure itemscope itemtype=\"https:\/\/schema.org\/ImageObject\">\n\t\t\t\t<img decoding=\"async\" src=\"https:\/\/tecnologiaparalaindustria.com\/wp-content\/uploads\/2025\/02\/Ensambles-de-un-Solo-Uso-para-LlenadoAcabado.webp\" alt=\"Ensambles de un Solo Uso para Llenado:Acabado\" height=\"504\" width=\"1176\" title=\"Ensambles de un Solo Uso para Llenado:Acabado\" onerror=\"this.style.display='none'\" loading=\"lazy\" \/>\n\t<\/figure>\n<h3>\n\t\t\tPrincipais vantagens\t<\/h3>\n\t<ul>\n\t\t\t<li>\n\t\t\t\t<b>Redu\u00e7\u00e3o do risco de contamina\u00e7\u00e3o:<\/b> Elimina\u00e7\u00e3o dos processos de limpeza e esteriliza\u00e7\u00e3o, minimizando o risco de contamina\u00e7\u00e3o cruzada.\n\t\t\t<\/li>\n\t\t\t<li>\n\t\t\t\t<b>Escalabilidade e flexibilidade:<\/b> Facilidade de adaptar a produ\u00e7\u00e3o sem necessidade de grandes investimentos em infraestruturas.\n\t\t\t<\/li>\n\t\t\t<li>\n\t\t\t\t<b>Redu\u00e7\u00e3o da carga de valida\u00e7\u00e3o:<\/b> Design otimizado que facilita a integra\u00e7\u00e3o em processos existentes.\n\t\t\t<\/li>\n\t\t\t<li>\n\t\t\t\t<b>Garantia de esterilidade 10^-SAL:<\/b> Seguran\u00e7a m\u00e1xima na manipula\u00e7\u00e3o de fluidos.\n\t\t\t<\/li>\n\t\t\t<li>\n\t\t\t\t<b>Integra\u00e7\u00e3o flex\u00edvel:<\/b> Compat\u00edvel com bombas perist\u00e1lticas Watson-Marlow e sistemas de enchimento Flexicon, para uma solu\u00e7\u00e3o completa.\n\t\t\t<\/li>\n\t\t\t<li>\n\t\t\t\t<b>Seguran\u00e7a do abastecimento:<\/b> Rede global de abastecimento e produ\u00e7\u00e3o para garantir entregas pontuais.\n\t\t\t<\/li>\n\t\t<\/ul>\n\t\t\t<p>Todos os conjuntos s\u00e3o submetidos a testes de rotina para detetar carga biol\u00f3gica, part\u00edculas e endotoxinas, com op\u00e7\u00f5es de testes avan\u00e7ados para garantir a m\u00e1xima qualidade na libera\u00e7\u00e3o dos lotes.<\/p>\n\t\t\t<a href=\"https:\/\/www.wmfts.com\/pt-pt\/marcas\/wmarchitect\/\"  target=\"_blank\" rel=\"noopener\">\n\t\t\t\t\t\t\tEntre em contacto com um especialista WM Architect\u2122\n\t\t\t\t\t<\/a>\n<h2>\n\t\t\tConjuntos descart\u00e1veis para transfer\u00eancia de fluidos\t<\/h2>\n\t<p>Otimize a transfer\u00eancia de fluidos nos seus processos farmac\u00eauticos com conjuntos descart\u00e1veis concebidos para facilitar a integra\u00e7\u00e3o e o cumprimento das normas de qualidade.<\/p>\n<h3>\n\t\t\tPrincipais vantagens\t<\/h3>\n\t<ul>\n\t\t\t<li>\n\t\t\t\t<b>Rastreabilidade completa:<\/b> Identifica\u00e7\u00e3o do lote e registo de qualidade em cada componente.\n\t\t\t<\/li>\n\t\t\t<li>\n\t\t\t\t<b>Escalabilidade e adaptabilidade:<\/b> Facilidade para ajustar a produ\u00e7\u00e3o de acordo com a procura do mercado.\n\t\t\t<\/li>\n\t\t\t<li>\n\t\t\t\t<b>Disponibilidade imediata:<\/b> Conjuntos pr\u00e9-concebidos prontos a usar e configura\u00e7\u00f5es personalizadas.\n\t\t\t<\/li>\n\t\t\t<li>\n\t\t\t\t<b>Efici\u00eancia em termos de tempo:<\/b> Elimina\u00e7\u00e3o dos processos de limpeza e redu\u00e7\u00e3o das paragens operacionais.\n\t\t\t<\/li>\n\t\t\t<li>\n\t\t\t\t<b>Poupan\u00e7a nos custos de energia e recursos:<\/b> Menor consumo de \u00e1gua, detergentes e energia.\n\t\t\t<\/li>\n\t\t\t<li>\n\t\t\t\t<b>Op\u00e7\u00f5es de esteriliza\u00e7\u00e3o:<\/b> Conjuntos dispon\u00edveis em vers\u00f5es n\u00e3o irradiadas, irradiadas e est\u00e9reis, mediante pedido.\n\t\t\t<\/li>\n\t\t\t<li>\n\t\t\t\t<b>Conformidade regulamentar:<\/b> Maior rastreabilidade e seguran\u00e7a para simplificar auditorias e certifica\u00e7\u00f5es.\n\t\t\t<\/li>\n\t\t<\/ul>\n<figure itemscope itemtype=\"https:\/\/schema.org\/ImageObject\">\n\t\t\t\t<img decoding=\"async\" src=\"https:\/\/tecnologiaparalaindustria.com\/wp-content\/uploads\/2025\/02\/Ensambles-de-un-Solo-Uso-para-Transferencia-de-Fluidos.webp\" alt=\"Ensambles de un Solo Uso para Transferencia de Fluidos\" height=\"504\" width=\"1176\" title=\"Ensambles de un Solo Uso para Transferencia de Fluidos\" onerror=\"this.style.display='none'\" loading=\"lazy\" \/>\n\t<\/figure>\n\t\t\t<p>Os conjuntos pr\u00e9-fabricados incluem elementos Loadsure, Y duplos e conjuntos de mangueiras, todos fabricados em salas limpas ISO 14644-1 Classe 7, garantindo um processo eficiente e seguro.<\/p>\n<h2>\n\t\t\tPor que escolher sistemas descart\u00e1veis?\t<\/h2>\n\t\t\t\t\t\t\t<img loading=\"lazy\" decoding=\"async\" src=\"https:\/\/tecnologiaparalaindustria.com\/wp-content\/uploads\/2025\/02\/Reduccion-del-riesgo-de-contaminacion.webp\" alt=\"Reduccio\u0301n del riesgo de contaminacio\u0301n icon\" width=\"256\" height=\"248\" \/>\n\t\t\t\t\t\t<h4>Redu\u00e7\u00e3o do risco de contamina\u00e7\u00e3o<\/h4>\t\t\t\t\t\n\t\t\t<p>Elimina\u00e7\u00e3o do processo de limpeza e esteriliza\u00e7\u00e3o, garantindo ciclos de produ\u00e7\u00e3o seguros.<\/p>\t\t\n\t\t\t\t\t\t\t<img loading=\"lazy\" decoding=\"async\" src=\"https:\/\/tecnologiaparalaindustria.com\/wp-content\/uploads\/2025\/02\/Escalabilidad-y-flexibilidad.webp\" alt=\"Escalabilidad y flexibilidad icon\" width=\"256\" height=\"253\" \/>\n\t\t\t\t\t\t<h4>Escalabilidade e flexibilidade<\/h4>\t\t\t\t\t\n\t\t\t<p>R\u00e1pida adapta\u00e7\u00e3o \u00e0s mudan\u00e7as na produ\u00e7\u00e3o, sem necessidade de grandes investimentos.<\/p>\t\t\n\t\t\t\t\t\t\t<img loading=\"lazy\" decoding=\"async\" src=\"https:\/\/tecnologiaparalaindustria.com\/wp-content\/uploads\/2025\/02\/Eficiencia-operativa.webp\" alt=\"Eficiencia operativa icon\" width=\"256\" height=\"253\" \/>\n\t\t\t\t\t\t<h4>Efici\u00eancia operacional<\/h4>\t\t\t\t\t\n\t\t\t<p>Redu\u00e7\u00e3o do tempo de inatividade e otimiza\u00e7\u00e3o da produ\u00e7\u00e3o.<\/p>\t\t\n\t\t\t\t\t\t\t<img loading=\"lazy\" decoding=\"async\" src=\"https:\/\/tecnologiaparalaindustria.com\/wp-content\/uploads\/2025\/02\/Ahorro-en-costos.webp\" alt=\"Ahorro en costos icon\" width=\"256\" height=\"252\" \/>\n\t\t\t\t\t\t<h4>Redu\u00e7\u00e3o de custos<\/h4>\t\t\t\t\t\n\t\t\t<p>Elimina\u00e7\u00e3o dos custos associados \u00e0 limpeza e esteriliza\u00e7\u00e3o de sistemas reutiliz\u00e1veis.<\/p>\t\t\n\t\t\t\t\t\t\t<img loading=\"lazy\" decoding=\"async\" src=\"https:\/\/tecnologiaparalaindustria.com\/wp-content\/uploads\/2025\/02\/Sostenibilidad.webp\" alt=\"Sostenibilidad icon\" width=\"256\" height=\"254\" \/>\n\t\t\t\t\t\t<h4>Sustentabilidade<\/h4>\t\t\t\t\t\n\t\t\t<p>Redu\u00e7\u00e3o do consumo de recursos, como \u00e1gua e produtos qu\u00edmicos, minimizando o impacto ambiental.<\/p>\t\t\n\t\t\t\t\t\t\t<img loading=\"lazy\" decoding=\"async\" src=\"https:\/\/tecnologiaparalaindustria.com\/wp-content\/uploads\/2025\/02\/Facilidad-de-implementacion.webp\" alt=\"Facilidad de implementacio\u0301n icon\" width=\"256\" height=\"252\" \/>\n\t\t\t\t\t\t<h4>Facilidade de implementa\u00e7\u00e3o<\/h4>\t\t\t\t\t\n\t\t\t<p>Menos infraestrutura necess\u00e1ria e r\u00e1pida implementa\u00e7\u00e3o.<\/p>\t\t\n\t\t\t\t\t\t\t<img loading=\"lazy\" decoding=\"async\" src=\"https:\/\/tecnologiaparalaindustria.com\/wp-content\/uploads\/2025\/02\/Cumplimiento-regulatorio.webp\" alt=\"Cumplimiento regulatorio icon\" width=\"256\" height=\"254\" \/>\n\t\t\t\t\t\t<h4>Conformidade regulamentar<\/h4>\t\t\t\t\t\n\t\t\t<p>Maior rastreabilidade e seguran\u00e7a em cada lote de produ\u00e7\u00e3o.<\/p>\t\t\n\t\t\t\t\t\t\t<img loading=\"lazy\" decoding=\"async\" src=\"https:\/\/tecnologiaparalaindustria.com\/wp-content\/uploads\/2025\/02\/Innovacion-continua.webp\" alt=\"Innovacio\u0301n continua icon\" width=\"256\" height=\"256\" \/>\n\t\t\t\t\t\t<h4>Inova\u00e7\u00e3o cont\u00ednua<\/h4>\t\t\t\t\t\n\t\t\t<p>Sistemas concebidos com tecnologia avan\u00e7ada para melhorar o manuseamento de fluidos.<\/p>\t\t\n<h2>\n\t\t\tSaiba mais sobre o WM Architect\u2122\t<\/h2>\n<h2>\n\t\t\tFale com um consultor e descubra a solu\u00e7\u00e3o ideal para o seu processo!\t<\/h2>\n\t<p>Os nossos consultores especializados est\u00e3o prontos para o ajudar a escolher a melhor configura\u00e7\u00e3o para as suas necessidades. Contacte-nos hoje mesmo e descubra como melhorar a seguran\u00e7a e a efici\u00eancia no manuseamento de fluidos.<\/p>\n\t\t\t<a href=\"https:\/\/www.wmfts.com\/pt-pt\/marcas\/wmarchitect\/\"  target=\"_blank\" rel=\"noopener\">\n\t\t\t\t\t\t\tEntre em contacto com um especialista WM Architect\u2122\n\t\t\t\t\t<\/a>","protected":false},"excerpt":{"rendered":"<p>Llamar +34 931 123 544 Comun\u00edquese con nuestros expertos Ensambles de un solo uso para llenado y transferencia de fluidos Proteja sus productos farmac\u00e9uticos con soluciones est\u00e9riles y personalizadas En &hellip;<\/p>","protected":false},"author":3,"featured_media":0,"parent":0,"menu_order":0,"comment_status":"closed","ping_status":"closed","template":"","meta":{"_acf_changed":false,"_genesis_hide_title":false,"_genesis_hide_breadcrumbs":false,"_genesis_hide_singular_image":false,"_genesis_hide_footer_widgets":false,"_genesis_custom_body_class":"","_genesis_custom_post_class":"","_genesis_layout":"","footnotes":""},"class_list":["page","type-page","entry"],"yoast_head":"<!-- This site is optimized with the Yoast SEO plugin v27.3 - https:\/\/yoast.com\/product\/yoast-seo-wordpress\/ -->\n<title>Ensambles de un solo uso para llenado y transferencia de fluidos - Tecnolog\u00eda para la Industria<\/title>\n<meta name=\"description\" content=\"Los ensambles WMArchitect\u2122 para llenado y acabado aseguran la protecci\u00f3n de sus productos farmac\u00e9uticos gracias a su fabricaci\u00f3n personalizada y certificada.\" \/>\n<meta name=\"robots\" content=\"index, follow, max-snippet:-1, max-image-preview:large, max-video-preview:-1\" \/>\n<link rel=\"canonical\" href=\"https:\/\/tecnologiaparalaindustria.com\/pt\/conjuntos-de-uso-unico-para-enchimento-e-transferencia-de-fluidos\/\" \/>\n<meta property=\"og:locale\" content=\"pt_PT\" \/>\n<meta property=\"og:type\" content=\"article\" \/>\n<meta property=\"og:title\" content=\"Ensambles de un solo uso para llenado y transferencia de fluidos - Tecnolog\u00eda para la Industria\" \/>\n<meta property=\"og:description\" content=\"Los ensambles WMArchitect\u2122 para llenado y acabado aseguran la protecci\u00f3n de sus productos farmac\u00e9uticos gracias a su fabricaci\u00f3n personalizada y certificada.\" \/>\n<meta property=\"og:url\" content=\"https:\/\/tecnologiaparalaindustria.com\/pt\/conjuntos-de-uso-unico-para-enchimento-e-transferencia-de-fluidos\/\" \/>\n<meta property=\"og:site_name\" content=\"Tecnolog\u00eda para la Industria\" \/>\n<meta property=\"article:publisher\" content=\"https:\/\/www.facebook.com\/tecnologiaparalaindustria\" \/>\n<meta property=\"article:modified_time\" content=\"2026-04-10T15:08:44+00:00\" \/>\n<meta property=\"og:image\" content=\"https:\/\/tecnologiaparalaindustria.com\/wp-content\/uploads\/2026\/04\/WMFTS_Primary_Large.png\" \/>\n<meta name=\"twitter:card\" content=\"summary_large_image\" \/>\n<meta name=\"twitter:label1\" content=\"Tempo estimado de leitura\" \/>\n\t<meta name=\"twitter:data1\" content=\"6 minutos\" \/>\n<script type=\"application\/ld+json\" class=\"yoast-schema-graph\">{\"@context\":\"https:\\\/\\\/schema.org\",\"@graph\":[{\"@type\":\"WebPage\",\"@id\":\"https:\\\/\\\/tecnologiaparalaindustria.com\\\/ensambles-de-un-solo-uso-para-llenado-y-transferencia-de-fluidos\\\/\",\"url\":\"https:\\\/\\\/tecnologiaparalaindustria.com\\\/ensambles-de-un-solo-uso-para-llenado-y-transferencia-de-fluidos\\\/\",\"name\":\"Ensambles de un solo uso para llenado y transferencia de fluidos - Tecnolog\u00eda para la Industria\",\"isPartOf\":{\"@id\":\"https:\\\/\\\/tecnologiaparalaindustria.com\\\/#website\"},\"primaryImageOfPage\":{\"@id\":\"https:\\\/\\\/tecnologiaparalaindustria.com\\\/ensambles-de-un-solo-uso-para-llenado-y-transferencia-de-fluidos\\\/#primaryimage\"},\"image\":{\"@id\":\"https:\\\/\\\/tecnologiaparalaindustria.com\\\/ensambles-de-un-solo-uso-para-llenado-y-transferencia-de-fluidos\\\/#primaryimage\"},\"thumbnailUrl\":\"https:\\\/\\\/tecnologiaparalaindustria.com\\\/wp-content\\\/uploads\\\/2026\\\/04\\\/WMFTS_Primary_Large.png\",\"datePublished\":\"2025-06-19T14:47:55+00:00\",\"dateModified\":\"2026-04-10T15:08:44+00:00\",\"description\":\"Los ensambles WMArchitect\u2122 para llenado y acabado aseguran la protecci\u00f3n de sus productos farmac\u00e9uticos gracias a su fabricaci\u00f3n personalizada y certificada.\",\"breadcrumb\":{\"@id\":\"https:\\\/\\\/tecnologiaparalaindustria.com\\\/ensambles-de-un-solo-uso-para-llenado-y-transferencia-de-fluidos\\\/#breadcrumb\"},\"inLanguage\":\"pt-PT\",\"potentialAction\":[{\"@type\":\"ReadAction\",\"target\":[\"https:\\\/\\\/tecnologiaparalaindustria.com\\\/ensambles-de-un-solo-uso-para-llenado-y-transferencia-de-fluidos\\\/\"]}]},{\"@type\":\"ImageObject\",\"inLanguage\":\"pt-PT\",\"@id\":\"https:\\\/\\\/tecnologiaparalaindustria.com\\\/ensambles-de-un-solo-uso-para-llenado-y-transferencia-de-fluidos\\\/#primaryimage\",\"url\":\"https:\\\/\\\/tecnologiaparalaindustria.com\\\/wp-content\\\/uploads\\\/2026\\\/04\\\/WMFTS_Primary_Large.png\",\"contentUrl\":\"https:\\\/\\\/tecnologiaparalaindustria.com\\\/wp-content\\\/uploads\\\/2026\\\/04\\\/WMFTS_Primary_Large.png\"},{\"@type\":\"BreadcrumbList\",\"@id\":\"https:\\\/\\\/tecnologiaparalaindustria.com\\\/ensambles-de-un-solo-uso-para-llenado-y-transferencia-de-fluidos\\\/#breadcrumb\",\"itemListElement\":[{\"@type\":\"ListItem\",\"position\":1,\"name\":\"Home\",\"item\":\"https:\\\/\\\/tecnologiaparalaindustria.com\\\/\"},{\"@type\":\"ListItem\",\"position\":2,\"name\":\"Ensambles de un solo uso para llenado y transferencia de fluidos\"}]},{\"@type\":\"WebSite\",\"@id\":\"https:\\\/\\\/tecnologiaparalaindustria.com\\\/#website\",\"url\":\"https:\\\/\\\/tecnologiaparalaindustria.com\\\/\",\"name\":\"Tecnolog\u00eda para la Industria\",\"description\":\"Soluciones tecnol\u00f3gicas para plantas industriales\",\"publisher\":{\"@id\":\"https:\\\/\\\/tecnologiaparalaindustria.com\\\/#organization\"},\"potentialAction\":[{\"@type\":\"SearchAction\",\"target\":{\"@type\":\"EntryPoint\",\"urlTemplate\":\"https:\\\/\\\/tecnologiaparalaindustria.com\\\/?s={search_term_string}\"},\"query-input\":{\"@type\":\"PropertyValueSpecification\",\"valueRequired\":true,\"valueName\":\"search_term_string\"}}],\"inLanguage\":\"pt-PT\"},{\"@type\":\"Organization\",\"@id\":\"https:\\\/\\\/tecnologiaparalaindustria.com\\\/#organization\",\"name\":\"TPI - Tecnolog\u00eda para la Industria\",\"url\":\"https:\\\/\\\/tecnologiaparalaindustria.com\\\/\",\"logo\":{\"@type\":\"ImageObject\",\"inLanguage\":\"pt-PT\",\"@id\":\"https:\\\/\\\/tecnologiaparalaindustria.com\\\/#\\\/schema\\\/logo\\\/image\\\/\",\"url\":\"https:\\\/\\\/tecnologiaparalaindustria.com\\\/wp-content\\\/uploads\\\/2020\\\/08\\\/cropped-LOGO-FONDO-BLANCO.png\",\"contentUrl\":\"https:\\\/\\\/tecnologiaparalaindustria.com\\\/wp-content\\\/uploads\\\/2020\\\/08\\\/cropped-LOGO-FONDO-BLANCO.png\",\"width\":520,\"height\":289,\"caption\":\"TPI - Tecnolog\u00eda para la Industria\"},\"image\":{\"@id\":\"https:\\\/\\\/tecnologiaparalaindustria.com\\\/#\\\/schema\\\/logo\\\/image\\\/\"},\"sameAs\":[\"https:\\\/\\\/www.facebook.com\\\/tecnologiaparalaindustria\",\"https:\\\/\\\/www.instagram.com\\\/tecnologiaparalaindustria\\\/\"]}]}<\/script>\n<!-- \/ Yoast SEO plugin. -->","yoast_head_json":{"title":"Ensambles de un solo uso para llenado y transferencia de fluidos - Tecnolog\u00eda para la Industria","description":"Los ensambles WMArchitect\u2122 para llenado y acabado aseguran la protecci\u00f3n de sus productos farmac\u00e9uticos gracias a su fabricaci\u00f3n personalizada y certificada.","robots":{"index":"index","follow":"follow","max-snippet":"max-snippet:-1","max-image-preview":"max-image-preview:large","max-video-preview":"max-video-preview:-1"},"canonical":"https:\/\/tecnologiaparalaindustria.com\/pt\/conjuntos-de-uso-unico-para-enchimento-e-transferencia-de-fluidos\/","og_locale":"pt_PT","og_type":"article","og_title":"Ensambles de un solo uso para llenado y transferencia de fluidos - Tecnolog\u00eda para la Industria","og_description":"Los ensambles WMArchitect\u2122 para llenado y acabado aseguran la protecci\u00f3n de sus productos farmac\u00e9uticos gracias a su fabricaci\u00f3n personalizada y certificada.","og_url":"https:\/\/tecnologiaparalaindustria.com\/pt\/conjuntos-de-uso-unico-para-enchimento-e-transferencia-de-fluidos\/","og_site_name":"Tecnolog\u00eda para la Industria","article_publisher":"https:\/\/www.facebook.com\/tecnologiaparalaindustria","article_modified_time":"2026-04-10T15:08:44+00:00","og_image":[{"url":"https:\/\/tecnologiaparalaindustria.com\/wp-content\/uploads\/2026\/04\/WMFTS_Primary_Large.png","type":"","width":"","height":""}],"twitter_card":"summary_large_image","twitter_misc":{"Tempo estimado de leitura":"6 minutos"},"schema":{"@context":"https:\/\/schema.org","@graph":[{"@type":"WebPage","@id":"https:\/\/tecnologiaparalaindustria.com\/ensambles-de-un-solo-uso-para-llenado-y-transferencia-de-fluidos\/","url":"https:\/\/tecnologiaparalaindustria.com\/ensambles-de-un-solo-uso-para-llenado-y-transferencia-de-fluidos\/","name":"Ensambles de un solo uso para llenado y transferencia de fluidos - Tecnolog\u00eda para la Industria","isPartOf":{"@id":"https:\/\/tecnologiaparalaindustria.com\/#website"},"primaryImageOfPage":{"@id":"https:\/\/tecnologiaparalaindustria.com\/ensambles-de-un-solo-uso-para-llenado-y-transferencia-de-fluidos\/#primaryimage"},"image":{"@id":"https:\/\/tecnologiaparalaindustria.com\/ensambles-de-un-solo-uso-para-llenado-y-transferencia-de-fluidos\/#primaryimage"},"thumbnailUrl":"https:\/\/tecnologiaparalaindustria.com\/wp-content\/uploads\/2026\/04\/WMFTS_Primary_Large.png","datePublished":"2025-06-19T14:47:55+00:00","dateModified":"2026-04-10T15:08:44+00:00","description":"Los ensambles WMArchitect\u2122 para llenado y acabado aseguran la protecci\u00f3n de sus productos farmac\u00e9uticos gracias a su fabricaci\u00f3n personalizada y certificada.","breadcrumb":{"@id":"https:\/\/tecnologiaparalaindustria.com\/ensambles-de-un-solo-uso-para-llenado-y-transferencia-de-fluidos\/#breadcrumb"},"inLanguage":"pt-PT","potentialAction":[{"@type":"ReadAction","target":["https:\/\/tecnologiaparalaindustria.com\/ensambles-de-un-solo-uso-para-llenado-y-transferencia-de-fluidos\/"]}]},{"@type":"ImageObject","inLanguage":"pt-PT","@id":"https:\/\/tecnologiaparalaindustria.com\/ensambles-de-un-solo-uso-para-llenado-y-transferencia-de-fluidos\/#primaryimage","url":"https:\/\/tecnologiaparalaindustria.com\/wp-content\/uploads\/2026\/04\/WMFTS_Primary_Large.png","contentUrl":"https:\/\/tecnologiaparalaindustria.com\/wp-content\/uploads\/2026\/04\/WMFTS_Primary_Large.png"},{"@type":"BreadcrumbList","@id":"https:\/\/tecnologiaparalaindustria.com\/ensambles-de-un-solo-uso-para-llenado-y-transferencia-de-fluidos\/#breadcrumb","itemListElement":[{"@type":"ListItem","position":1,"name":"Home","item":"https:\/\/tecnologiaparalaindustria.com\/"},{"@type":"ListItem","position":2,"name":"Ensambles de un solo uso para llenado y transferencia de fluidos"}]},{"@type":"WebSite","@id":"https:\/\/tecnologiaparalaindustria.com\/#website","url":"https:\/\/tecnologiaparalaindustria.com\/","name":"Tecnologia para a ind\u00fastria","description":"Solu\u00e7\u00f5es tecnol\u00f3gicas para instala\u00e7\u00f5es industriais","publisher":{"@id":"https:\/\/tecnologiaparalaindustria.com\/#organization"},"potentialAction":[{"@type":"SearchAction","target":{"@type":"EntryPoint","urlTemplate":"https:\/\/tecnologiaparalaindustria.com\/?s={search_term_string}"},"query-input":{"@type":"PropertyValueSpecification","valueRequired":true,"valueName":"search_term_string"}}],"inLanguage":"pt-PT"},{"@type":"Organization","@id":"https:\/\/tecnologiaparalaindustria.com\/#organization","name":"TPI - Tecnologia para a Ind\u00fastria","url":"https:\/\/tecnologiaparalaindustria.com\/","logo":{"@type":"ImageObject","inLanguage":"pt-PT","@id":"https:\/\/tecnologiaparalaindustria.com\/#\/schema\/logo\/image\/","url":"https:\/\/tecnologiaparalaindustria.com\/wp-content\/uploads\/2020\/08\/cropped-LOGO-FONDO-BLANCO.png","contentUrl":"https:\/\/tecnologiaparalaindustria.com\/wp-content\/uploads\/2020\/08\/cropped-LOGO-FONDO-BLANCO.png","width":520,"height":289,"caption":"TPI - Tecnolog\u00eda para la Industria"},"image":{"@id":"https:\/\/tecnologiaparalaindustria.com\/#\/schema\/logo\/image\/"},"sameAs":["https:\/\/www.facebook.com\/tecnologiaparalaindustria","https:\/\/www.instagram.com\/tecnologiaparalaindustria\/"]}]}},"featured_image_src":null,"featured_image_src_square":null,"acf":[],"_links":{"self":[{"href":"https:\/\/tecnologiaparalaindustria.com\/pt\/wp-json\/wp\/v2\/pages\/1003458","targetHints":{"allow":["GET"]}}],"collection":[{"href":"https:\/\/tecnologiaparalaindustria.com\/pt\/wp-json\/wp\/v2\/pages"}],"about":[{"href":"https:\/\/tecnologiaparalaindustria.com\/pt\/wp-json\/wp\/v2\/types\/page"}],"author":[{"embeddable":true,"href":"https:\/\/tecnologiaparalaindustria.com\/pt\/wp-json\/wp\/v2\/users\/3"}],"replies":[{"embeddable":true,"href":"https:\/\/tecnologiaparalaindustria.com\/pt\/wp-json\/wp\/v2\/comments?post=1003458"}],"version-history":[{"count":0,"href":"https:\/\/tecnologiaparalaindustria.com\/pt\/wp-json\/wp\/v2\/pages\/1003458\/revisions"}],"wp:attachment":[{"href":"https:\/\/tecnologiaparalaindustria.com\/pt\/wp-json\/wp\/v2\/media?parent=1003458"}],"curies":[{"name":"wp","href":"https:\/\/api.w.org\/{rel}","templated":true}]}}