{"id":1003494,"date":"2025-08-27T13:26:10","date_gmt":"2025-08-27T13:26:10","guid":{"rendered":"https:\/\/tecnologiaparalaindustria.com\/?page_id=1003494"},"modified":"2026-04-10T15:25:15","modified_gmt":"2026-04-10T15:25:15","slug":"bomba-dosadora-de-produtos-quimicos-qdos","status":"publish","type":"page","link":"https:\/\/tecnologiaparalaindustria.com\/pt\/bomba-dosificadora-de-productos-quimicos-qdos\/","title":{"rendered":"Bomba Dosificadora de Produtos Qu\u00edmicos Qdos"},"content":{"rendered":"\n<figure itemscope itemtype=\"https:\/\/schema.org\/ImageObject\">\n\t\t\t\t<img decoding=\"async\" src=\"https:\/\/tecnologiaparalaindustria.com\/wp-content\/uploads\/2026\/04\/WMFTS_Primary_Large.png\" alt=\"WMFTS_Primary_Large\" height=\"277\" width=\"1000\" title=\"WMFTS_Primary_Large\" onerror=\"this.style.display='none'\" loading=\"lazy\" \/>\n\t<\/figure>\n\t<p><a href=\"tel:+34931123544\" target=\"_blank\" rel=\"noopener\">Llamar +34 931 123 544<\/a><\/p>\n\t\t\t<a href=\"https:\/\/www.wmfts.com\/es-es\/contactenos\/\"  target=\"_blank\" rel=\"noopener\"    rel=\"noopener\">\n\t\t\t\t\t\t\tComun\u00edquese con nuestros expertos\n\t\t\t\t\t<\/a>\n<h1>\n\t\t\tPrueba la Bomba Dosificadora de Productos Qu\u00edmicos Qdos\t<\/h1>\n<h2>\n\t\t\tResultados en Tiempo Real\t<\/h2>\n\t<p>Descubre c\u00f3mo puedes optimizar tu consumo de productos qu\u00edmicos, reducir costos operativos y minimizar mantenimiento con una demostraci\u00f3n personalizada en tu propio proceso.<\/p>\n\t\t\t<a href=\"https:\/\/www.wmfts.com\/es-es\/agua-y-aguas-residuales\/watson-marlow-pumps\/bombas-de-proceso\/bombas-qdos-bombas-versatiles-y-precisas-para-productos-quimicos-que-dan-continuidad-al-proceso\/\"  target=\"_blank\" rel=\"noopener\"    rel=\"noopener\">\n\t\t\t\t\t\t\tComun\u00edquese con un experto en Qdos\n\t\t\t\t\t<\/a>\n<figure itemscope itemtype=\"https:\/\/schema.org\/ImageObject\">\n\t\t\t\t<img decoding=\"async\" src=\"https:\/\/tecnologiaparalaindustria.com\/wp-content\/uploads\/2025\/02\/Bomba-Dosificadora-de-Productos-Quimicos-Qdos.webp\" alt=\"Bomba Dosificadora de Productos Qu\u00edmicos Qdos\" height=\"844\" width=\"814\" title=\"Bomba Dosificadora de Productos Qui\u0301micos Qdos\" onerror=\"this.style.display='none'\" loading=\"lazy\" \/>\n\t<\/figure>\n\t<p>Comprueba en tu propio proceso c\u00f3mo las bombas Qdos optimizan la dosificaci\u00f3n qu\u00edmica con una precisi\u00f3n del \u00b11%, reducen el desperdicio de insumos y eliminan costos ocultos de mantenimiento. Con nuestra prueba in situ, ver\u00e1s en tiempo real la diferencia entre las bombas de membrana y la tecnolog\u00eda perist\u00e1ltica, maximizando la eficiencia, minimizando interrupciones y tomando decisiones basadas en datos, no en suposiciones.. No arriesgues tu operaci\u00f3n con sistemas ineficientes: solicita tu prueba gratuita de la bomba dosificadora Qdos ahora y potencia tu rentabilidad con resultados medibles.<\/p>\n<h2>\n\t\t\t\u00bfPor qu\u00e9 realizar una prueba in situ?\t<\/h2>\n<figure itemscope itemtype=\"https:\/\/schema.org\/ImageObject\">\n\t\t\t\t<img decoding=\"async\" src=\"https:\/\/tecnologiaparalaindustria.com\/wp-content\/uploads\/2025\/02\/Resultados-Reales-en-Tu-Aplicacion.webp\" alt=\"Resultados Reales en Tu Aplicaci\u00f3n\" height=\"438\" width=\"673\" title=\"Resultados Reales en Tu Aplicacio\u0301n\" onerror=\"this.style.display='none'\" loading=\"lazy\" \/>\n\t<\/figure>\n<h3>\n\t\t\tResultados Reales en Tu Aplicaci\u00f3n\t<\/h3>\n\t<ul>\n\t\t\t<li>\n\t\t\t\tEval\u00faa el impacto directo en <b>desinfectantes, coagulantes, floculantes, \u00e1cidos, reactivos de miner\u00eda y m\u00e1s.<\/b>\n\t\t\t<\/li>\n\t\t\t<li>\n\t\t\t\tObserva la <b>precisi\u00f3n y consistencia<\/b> en la dosificaci\u00f3n sin la necesidad de equipos auxiliares.\n\t\t\t<\/li>\n\t\t\t<li>\n\t\t\t\tCompara directamente con tu sistema de bombeo actual y <b>detecta oportunidades de mejora.<\/b>\n\t\t\t<\/li>\n\t\t<\/ul>\n<h3>\n\t\t\tReducci\u00f3n de Costos Garantizada\t<\/h3>\n\t<ul>\n\t\t\t<li>\n\t\t\t\tDisminuye el desperdicio de productos qu\u00edmicos con una <b>exactitud del \u00b11%.<\/b>\n\t\t\t<\/li>\n\t\t\t<li>\n\t\t\t\t<b>Reduce paros y mantenimientos<\/b> con un sistema sin v\u00e1lvulas ni dispositivos adicionales como los requeridos por las bombas de membranas y otras tecnolog\u00edas.\n\t\t\t<\/li>\n\t\t\t<li>\n\t\t\t\tConoce c\u00f3mo la tecnolog\u00eda perist\u00e1ltica evita sobrecostos en piezas auxiliares y servicios t\u00e9cnicos innecesarios.\n\t\t\t<\/li>\n\t\t<\/ul>\n<h3>\n\t\t\tMenos Riesgo, Mayor Rentabilidad\t<\/h3>\n\t\t\t\t\t\t\t<img loading=\"lazy\" decoding=\"async\" src=\"https:\/\/tecnologiaparalaindustria.com\/wp-content\/uploads\/2025\/02\/Evaluacion-sin-compromiso-icon.webp\" alt=\"Evaluacio\u0301n sin compromiso icon\" width=\"256\" height=\"253\" \/>\n\t\t\t\t\t\t<h4>Evaluaci\u00f3n sin compromiso<\/h4>\t\t\t\t\t\n\t\t\t\t\t<p>te mostramos c\u00f3mo puedes optimizar tu sistema de dosificaci\u00f3n de qu\u00edmicos sin inversi\u00f3n inicial.<\/p>\t\t\t\t\n\t\t\t\t\t\t\t<img loading=\"lazy\" decoding=\"async\" src=\"https:\/\/tecnologiaparalaindustria.com\/wp-content\/uploads\/2025\/02\/Mas-produccion-menos-paros-icon.webp\" alt=\"Ma\u0301s produccio\u0301n, menos paros icon\" width=\"256\" height=\"250\" \/>\n\t\t\t\t\t\t<h4>M\u00e1s producci\u00f3n, menos paros<\/h4>\t\t\t\t\t\n\t\t\t\t\t<p>Menos mantenimiento, menos errores y m\u00e1s tiempo de producci\u00f3n sin interrupciones.<\/p>\t\t\t\t\n\t\t\t<a href=\"https:\/\/www.wmfts.com\/es-es\/agua-y-aguas-residuales\/watson-marlow-pumps\/bombas-de-proceso\/bombas-qdos-bombas-versatiles-y-precisas-para-productos-quimicos-que-dan-continuidad-al-proceso\/\"  target=\"_blank\" rel=\"noopener\"    rel=\"noopener\">\n\t\t\t\t\t\t\tComun\u00edquese con un experto en Qdos\n\t\t\t\t\t<\/a>\n<h2>\n\t\t\t\u00bfC\u00f3mo funciona la prueba gratis de las bombas dosificadoras Qdos?\t<\/h2>\n\t<ul>\n\t\t\t<li>\n\t\t\t\t1\n\t\t\t\tReserva tu prueba personalizada rellenando el formulario.\n\t\t\t<\/li>\n\t\t\t<li>\n\t\t\t\t2\n\t\t\t\tInstalamos la bomba directamente en tu proceso y la dejamos funcionando durante 15 d\u00edas.\n\t\t\t<\/li>\n\t\t\t<li>\n\t\t\t\t3\n\t\t\t\tMide los beneficios con tus propios indicadores, como la reducci\u00f3n del consumo de productos qu\u00edmicos, la estabilidad del caudal dosificado, la disminuci\u00f3n de costos de mantenimiento, la mejora en la eficiencia operativa y la reducci\u00f3n de tiempos de inactividad en el proceso.\n\t\t\t<\/li>\n\t\t\t<li>\n\t\t\t\t4\n\t\t\t\tCompara con tus equipos actuales y toma una decisi\u00f3n informada y basada en datos.\n\t\t\t<\/li>\n\t\t\t<li>\n\t\t\t\t5\n\t\t\t\tSi decides no quedarte con la bomba, la recogemos sin costo. Solo pagar\u00e1s por el set de conectores de manguera, un accesorio desechable de bajo costo que no se puede reutilizar.\n\t\t\t<\/li>\n\t\t<\/ul>\n\t<style>wistia-player[media-id='aw07nu3qii']:not(:defined) { background: center \/ contain no-repeat url('https:\/\/fast.wistia.com\/embed\/medias\/aw07nu3qii\/swatch'); display: block; filter: blur(5px); padding-top:56.25%; }<\/style> <wistia-player media-id=\"aw07nu3qii\" seo=\"false\" aspect=\"1.7777777777777777\"><\/wistia-player>\n<h2>\n\t\t\tConoce m\u00e1s sobre Qdos\t<\/h2>\n<h2>\n\t\t\t\u00a1Convierte tu dosificaci\u00f3n de qu\u00edmicos en un proceso eficiente y rentable!\t<\/h2>\n\t<p>Agenda tu prueba in situ hoy y revoluciona tu producci\u00f3n.<\/p>\n\t\t\t<a href=\"https:\/\/www.wmfts.com\/es-es\/agua-y-aguas-residuales\/watson-marlow-pumps\/bombas-de-proceso\/bombas-qdos-bombas-versatiles-y-precisas-para-productos-quimicos-que-dan-continuidad-al-proceso\/\"  target=\"_blank\" rel=\"noopener\"    rel=\"noopener\">\n\t\t\t\t\t\t\tComun\u00edquese con un experto en Qdos\n\t\t\t\t\t<\/a>\n\n","protected":false},"excerpt":{"rendered":"<p>Llamar +34 931 123 544 Comun\u00edquese con nuestros expertos Prueba la Bomba Dosificadora de Productos Qu\u00edmicos Qdos Resultados en Tiempo Real Descubre c\u00f3mo puedes optimizar tu consumo de productos qu\u00edmicos, &hellip;<\/p>","protected":false},"author":3,"featured_media":0,"parent":0,"menu_order":0,"comment_status":"closed","ping_status":"closed","template":"","meta":{"_acf_changed":false,"_genesis_hide_title":false,"_genesis_hide_breadcrumbs":false,"_genesis_hide_singular_image":false,"_genesis_hide_footer_widgets":false,"_genesis_custom_body_class":"","_genesis_custom_post_class":"","_genesis_layout":"","footnotes":""},"class_list":["page","type-page","entry"],"yoast_head":"<!-- This site is optimized with the Yoast SEO plugin v27.3 - https:\/\/yoast.com\/product\/yoast-seo-wordpress\/ -->\n<title>Bomba dosificadora Qdos: Precisi\u00f3n en la dosificaci\u00f3n de qu\u00edmicos<\/title>\n<meta name=\"description\" content=\"Descubre la bomba dosificadora Qdos, que ofrece dosificaci\u00f3n precisa y eficiente de productos qu\u00edmicos en diversas aplicaciones industriales.\" \/>\n<meta name=\"robots\" content=\"index, follow, max-snippet:-1, max-image-preview:large, max-video-preview:-1\" \/>\n<link rel=\"canonical\" href=\"https:\/\/tecnologiaparalaindustria.com\/pt\/bomba-dosadora-de-produtos-quimicos-qdos\/\" \/>\n<meta property=\"og:locale\" content=\"pt_PT\" \/>\n<meta property=\"og:type\" content=\"article\" \/>\n<meta property=\"og:title\" content=\"Bomba dosificadora Qdos: Precisi\u00f3n en la dosificaci\u00f3n de qu\u00edmicos\" \/>\n<meta property=\"og:description\" content=\"Descubre la bomba dosificadora Qdos, que ofrece dosificaci\u00f3n precisa y eficiente de productos qu\u00edmicos en diversas aplicaciones industriales.\" \/>\n<meta property=\"og:url\" content=\"https:\/\/tecnologiaparalaindustria.com\/pt\/bomba-dosadora-de-produtos-quimicos-qdos\/\" \/>\n<meta property=\"og:site_name\" content=\"Tecnolog\u00eda para la Industria\" \/>\n<meta property=\"article:publisher\" content=\"https:\/\/www.facebook.com\/tecnologiaparalaindustria\" \/>\n<meta property=\"article:modified_time\" content=\"2026-04-10T15:25:15+00:00\" \/>\n<meta property=\"og:image\" content=\"https:\/\/tecnologiaparalaindustria.com\/wp-content\/uploads\/2026\/04\/WMFTS_Primary_Large.png\" \/>\n<meta name=\"twitter:card\" content=\"summary_large_image\" \/>\n<meta name=\"twitter:label1\" content=\"Tempo estimado de leitura\" \/>\n\t<meta name=\"twitter:data1\" content=\"3 minutos\" \/>\n<script type=\"application\/ld+json\" class=\"yoast-schema-graph\">{\"@context\":\"https:\\\/\\\/schema.org\",\"@graph\":[{\"@type\":\"WebPage\",\"@id\":\"https:\\\/\\\/tecnologiaparalaindustria.com\\\/bomba-dosificadora-de-productos-quimicos-qdos\\\/\",\"url\":\"https:\\\/\\\/tecnologiaparalaindustria.com\\\/bomba-dosificadora-de-productos-quimicos-qdos\\\/\",\"name\":\"Bomba dosificadora Qdos: Precisi\u00f3n en la dosificaci\u00f3n de qu\u00edmicos\",\"isPartOf\":{\"@id\":\"https:\\\/\\\/tecnologiaparalaindustria.com\\\/#website\"},\"primaryImageOfPage\":{\"@id\":\"https:\\\/\\\/tecnologiaparalaindustria.com\\\/bomba-dosificadora-de-productos-quimicos-qdos\\\/#primaryimage\"},\"image\":{\"@id\":\"https:\\\/\\\/tecnologiaparalaindustria.com\\\/bomba-dosificadora-de-productos-quimicos-qdos\\\/#primaryimage\"},\"thumbnailUrl\":\"https:\\\/\\\/tecnologiaparalaindustria.com\\\/wp-content\\\/uploads\\\/2026\\\/04\\\/WMFTS_Primary_Large.png\",\"datePublished\":\"2025-08-27T13:26:10+00:00\",\"dateModified\":\"2026-04-10T15:25:15+00:00\",\"description\":\"Descubre la bomba dosificadora Qdos, que ofrece dosificaci\u00f3n precisa y eficiente de productos qu\u00edmicos en diversas aplicaciones industriales.\",\"breadcrumb\":{\"@id\":\"https:\\\/\\\/tecnologiaparalaindustria.com\\\/bomba-dosificadora-de-productos-quimicos-qdos\\\/#breadcrumb\"},\"inLanguage\":\"pt-PT\",\"potentialAction\":[{\"@type\":\"ReadAction\",\"target\":[\"https:\\\/\\\/tecnologiaparalaindustria.com\\\/bomba-dosificadora-de-productos-quimicos-qdos\\\/\"]}]},{\"@type\":\"ImageObject\",\"inLanguage\":\"pt-PT\",\"@id\":\"https:\\\/\\\/tecnologiaparalaindustria.com\\\/bomba-dosificadora-de-productos-quimicos-qdos\\\/#primaryimage\",\"url\":\"https:\\\/\\\/tecnologiaparalaindustria.com\\\/wp-content\\\/uploads\\\/2026\\\/04\\\/WMFTS_Primary_Large.png\",\"contentUrl\":\"https:\\\/\\\/tecnologiaparalaindustria.com\\\/wp-content\\\/uploads\\\/2026\\\/04\\\/WMFTS_Primary_Large.png\"},{\"@type\":\"BreadcrumbList\",\"@id\":\"https:\\\/\\\/tecnologiaparalaindustria.com\\\/bomba-dosificadora-de-productos-quimicos-qdos\\\/#breadcrumb\",\"itemListElement\":[{\"@type\":\"ListItem\",\"position\":1,\"name\":\"Home\",\"item\":\"https:\\\/\\\/tecnologiaparalaindustria.com\\\/\"},{\"@type\":\"ListItem\",\"position\":2,\"name\":\"Bomba Dosificadora de Productos Qu\u00edmicos Qdos\"}]},{\"@type\":\"WebSite\",\"@id\":\"https:\\\/\\\/tecnologiaparalaindustria.com\\\/#website\",\"url\":\"https:\\\/\\\/tecnologiaparalaindustria.com\\\/\",\"name\":\"Tecnolog\u00eda para la Industria\",\"description\":\"Soluciones tecnol\u00f3gicas para plantas industriales\",\"publisher\":{\"@id\":\"https:\\\/\\\/tecnologiaparalaindustria.com\\\/#organization\"},\"potentialAction\":[{\"@type\":\"SearchAction\",\"target\":{\"@type\":\"EntryPoint\",\"urlTemplate\":\"https:\\\/\\\/tecnologiaparalaindustria.com\\\/?s={search_term_string}\"},\"query-input\":{\"@type\":\"PropertyValueSpecification\",\"valueRequired\":true,\"valueName\":\"search_term_string\"}}],\"inLanguage\":\"pt-PT\"},{\"@type\":\"Organization\",\"@id\":\"https:\\\/\\\/tecnologiaparalaindustria.com\\\/#organization\",\"name\":\"TPI - Tecnolog\u00eda para la Industria\",\"url\":\"https:\\\/\\\/tecnologiaparalaindustria.com\\\/\",\"logo\":{\"@type\":\"ImageObject\",\"inLanguage\":\"pt-PT\",\"@id\":\"https:\\\/\\\/tecnologiaparalaindustria.com\\\/#\\\/schema\\\/logo\\\/image\\\/\",\"url\":\"https:\\\/\\\/tecnologiaparalaindustria.com\\\/wp-content\\\/uploads\\\/2020\\\/08\\\/cropped-LOGO-FONDO-BLANCO.png\",\"contentUrl\":\"https:\\\/\\\/tecnologiaparalaindustria.com\\\/wp-content\\\/uploads\\\/2020\\\/08\\\/cropped-LOGO-FONDO-BLANCO.png\",\"width\":520,\"height\":289,\"caption\":\"TPI - Tecnolog\u00eda para la Industria\"},\"image\":{\"@id\":\"https:\\\/\\\/tecnologiaparalaindustria.com\\\/#\\\/schema\\\/logo\\\/image\\\/\"},\"sameAs\":[\"https:\\\/\\\/www.facebook.com\\\/tecnologiaparalaindustria\",\"https:\\\/\\\/www.instagram.com\\\/tecnologiaparalaindustria\\\/\"]}]}<\/script>\n<!-- \/ Yoast SEO plugin. -->","yoast_head_json":{"title":"Bomba dosificadora Qdos: Precis\u00e3o na dosagem de produtos qu\u00edmicos","description":"Descubra a bomba dosificadora Qdos, que proporciona uma dosagem precisa e eficiente de produtos qu\u00edmicos em diversas aplica\u00e7\u00f5es industriais.","robots":{"index":"index","follow":"follow","max-snippet":"max-snippet:-1","max-image-preview":"max-image-preview:large","max-video-preview":"max-video-preview:-1"},"canonical":"https:\/\/tecnologiaparalaindustria.com\/pt\/bomba-dosadora-de-produtos-quimicos-qdos\/","og_locale":"pt_PT","og_type":"article","og_title":"Bomba dosificadora Qdos: Precisi\u00f3n en la dosificaci\u00f3n de qu\u00edmicos","og_description":"Descubre la bomba dosificadora Qdos, que ofrece dosificaci\u00f3n precisa y eficiente de productos qu\u00edmicos en diversas aplicaciones industriales.","og_url":"https:\/\/tecnologiaparalaindustria.com\/pt\/bomba-dosadora-de-produtos-quimicos-qdos\/","og_site_name":"Tecnolog\u00eda para la Industria","article_publisher":"https:\/\/www.facebook.com\/tecnologiaparalaindustria","article_modified_time":"2026-04-10T15:25:15+00:00","og_image":[{"url":"https:\/\/tecnologiaparalaindustria.com\/wp-content\/uploads\/2026\/04\/WMFTS_Primary_Large.png","type":"","width":"","height":""}],"twitter_card":"summary_large_image","twitter_misc":{"Tempo estimado de leitura":"3 minutos"},"schema":{"@context":"https:\/\/schema.org","@graph":[{"@type":"WebPage","@id":"https:\/\/tecnologiaparalaindustria.com\/bomba-dosificadora-de-productos-quimicos-qdos\/","url":"https:\/\/tecnologiaparalaindustria.com\/bomba-dosificadora-de-productos-quimicos-qdos\/","name":"Bomba dosificadora Qdos: Precis\u00e3o na dosagem de produtos qu\u00edmicos","isPartOf":{"@id":"https:\/\/tecnologiaparalaindustria.com\/#website"},"primaryImageOfPage":{"@id":"https:\/\/tecnologiaparalaindustria.com\/bomba-dosificadora-de-productos-quimicos-qdos\/#primaryimage"},"image":{"@id":"https:\/\/tecnologiaparalaindustria.com\/bomba-dosificadora-de-productos-quimicos-qdos\/#primaryimage"},"thumbnailUrl":"https:\/\/tecnologiaparalaindustria.com\/wp-content\/uploads\/2026\/04\/WMFTS_Primary_Large.png","datePublished":"2025-08-27T13:26:10+00:00","dateModified":"2026-04-10T15:25:15+00:00","description":"Descubra a bomba dosificadora Qdos, que proporciona uma dosagem precisa e eficiente de produtos qu\u00edmicos em diversas aplica\u00e7\u00f5es industriais.","breadcrumb":{"@id":"https:\/\/tecnologiaparalaindustria.com\/bomba-dosificadora-de-productos-quimicos-qdos\/#breadcrumb"},"inLanguage":"pt-PT","potentialAction":[{"@type":"ReadAction","target":["https:\/\/tecnologiaparalaindustria.com\/bomba-dosificadora-de-productos-quimicos-qdos\/"]}]},{"@type":"ImageObject","inLanguage":"pt-PT","@id":"https:\/\/tecnologiaparalaindustria.com\/bomba-dosificadora-de-productos-quimicos-qdos\/#primaryimage","url":"https:\/\/tecnologiaparalaindustria.com\/wp-content\/uploads\/2026\/04\/WMFTS_Primary_Large.png","contentUrl":"https:\/\/tecnologiaparalaindustria.com\/wp-content\/uploads\/2026\/04\/WMFTS_Primary_Large.png"},{"@type":"BreadcrumbList","@id":"https:\/\/tecnologiaparalaindustria.com\/bomba-dosificadora-de-productos-quimicos-qdos\/#breadcrumb","itemListElement":[{"@type":"ListItem","position":1,"name":"Home","item":"https:\/\/tecnologiaparalaindustria.com\/"},{"@type":"ListItem","position":2,"name":"Bomba Dosificadora de Productos Qu\u00edmicos Qdos"}]},{"@type":"WebSite","@id":"https:\/\/tecnologiaparalaindustria.com\/#website","url":"https:\/\/tecnologiaparalaindustria.com\/","name":"Tecnologia para a ind\u00fastria","description":"Solu\u00e7\u00f5es tecnol\u00f3gicas para instala\u00e7\u00f5es industriais","publisher":{"@id":"https:\/\/tecnologiaparalaindustria.com\/#organization"},"potentialAction":[{"@type":"SearchAction","target":{"@type":"EntryPoint","urlTemplate":"https:\/\/tecnologiaparalaindustria.com\/?s={search_term_string}"},"query-input":{"@type":"PropertyValueSpecification","valueRequired":true,"valueName":"search_term_string"}}],"inLanguage":"pt-PT"},{"@type":"Organization","@id":"https:\/\/tecnologiaparalaindustria.com\/#organization","name":"TPI - Tecnologia para a Ind\u00fastria","url":"https:\/\/tecnologiaparalaindustria.com\/","logo":{"@type":"ImageObject","inLanguage":"pt-PT","@id":"https:\/\/tecnologiaparalaindustria.com\/#\/schema\/logo\/image\/","url":"https:\/\/tecnologiaparalaindustria.com\/wp-content\/uploads\/2020\/08\/cropped-LOGO-FONDO-BLANCO.png","contentUrl":"https:\/\/tecnologiaparalaindustria.com\/wp-content\/uploads\/2020\/08\/cropped-LOGO-FONDO-BLANCO.png","width":520,"height":289,"caption":"TPI - Tecnolog\u00eda para la Industria"},"image":{"@id":"https:\/\/tecnologiaparalaindustria.com\/#\/schema\/logo\/image\/"},"sameAs":["https:\/\/www.facebook.com\/tecnologiaparalaindustria","https:\/\/www.instagram.com\/tecnologiaparalaindustria\/"]}]}},"featured_image_src":null,"featured_image_src_square":null,"acf":[],"_links":{"self":[{"href":"https:\/\/tecnologiaparalaindustria.com\/pt\/wp-json\/wp\/v2\/pages\/1003494","targetHints":{"allow":["GET"]}}],"collection":[{"href":"https:\/\/tecnologiaparalaindustria.com\/pt\/wp-json\/wp\/v2\/pages"}],"about":[{"href":"https:\/\/tecnologiaparalaindustria.com\/pt\/wp-json\/wp\/v2\/types\/page"}],"author":[{"embeddable":true,"href":"https:\/\/tecnologiaparalaindustria.com\/pt\/wp-json\/wp\/v2\/users\/3"}],"replies":[{"embeddable":true,"href":"https:\/\/tecnologiaparalaindustria.com\/pt\/wp-json\/wp\/v2\/comments?post=1003494"}],"version-history":[{"count":0,"href":"https:\/\/tecnologiaparalaindustria.com\/pt\/wp-json\/wp\/v2\/pages\/1003494\/revisions"}],"wp:attachment":[{"href":"https:\/\/tecnologiaparalaindustria.com\/pt\/wp-json\/wp\/v2\/media?parent=1003494"}],"curies":[{"name":"wp","href":"https:\/\/api.w.org\/{rel}","templated":true}]}}