{"id":27588,"date":"2022-11-16T10:24:26","date_gmt":"2022-11-16T10:24:26","guid":{"rendered":"https:\/\/tecnologiaparalaindustria.com\/?page_id=27588"},"modified":"2023-03-07T12:41:35","modified_gmt":"2023-03-07T12:41:35","slug":"ebooks","status":"publish","type":"page","link":"https:\/\/tecnologiaparalaindustria.com\/pt\/ebooks\/","title":{"rendered":"Ebooks"},"content":{"rendered":"","protected":false},"excerpt":{"rendered":"","protected":false},"author":2,"featured_media":27592,"parent":0,"menu_order":0,"comment_status":"closed","ping_status":"closed","template":"","meta":{"_acf_changed":false,"_genesis_hide_title":false,"_genesis_hide_breadcrumbs":false,"_genesis_hide_singular_image":false,"_genesis_hide_footer_widgets":false,"_genesis_custom_body_class":"","_genesis_custom_post_class":"","_genesis_layout":"","footnotes":""},"class_list":["page","type-page","entry"],"yoast_head":"<!-- This site is optimized with the Yoast SEO plugin v27.3 - https:\/\/yoast.com\/product\/yoast-seo-wordpress\/ -->\n<title>Ebooks y cat\u00e1logos t\u00e9cnicos para ingenieros y responsables de planta<\/title>\n<meta name=\"description\" content=\"Colecci\u00f3n completa de Ebooks industriales y cat\u00e1logos t\u00e9cnicos sobre automatizaci\u00f3n, instrumentaci\u00f3n, maquinar\u00eda industrial, electr\u00f3nica, digital manufacturing, mantenimiento industrial y mucho m\u00e1s.\" \/>\n<meta name=\"robots\" content=\"index, follow, max-snippet:-1, max-image-preview:large, max-video-preview:-1\" \/>\n<link rel=\"canonical\" href=\"https:\/\/tecnologiaparalaindustria.com\/pt\/ebooks\/\" \/>\n<meta property=\"og:locale\" content=\"pt_PT\" \/>\n<meta property=\"og:type\" content=\"article\" \/>\n<meta property=\"og:title\" content=\"Ebooks y cat\u00e1logos t\u00e9cnicos para ingenieros y responsables de planta\" \/>\n<meta property=\"og:description\" content=\"Colecci\u00f3n completa de Ebooks industriales y cat\u00e1logos t\u00e9cnicos sobre automatizaci\u00f3n, instrumentaci\u00f3n, maquinar\u00eda industrial, electr\u00f3nica, digital manufacturing, mantenimiento industrial y mucho m\u00e1s.\" \/>\n<meta property=\"og:url\" content=\"https:\/\/tecnologiaparalaindustria.com\/pt\/ebooks\/\" \/>\n<meta property=\"og:site_name\" content=\"Tecnolog\u00eda para la Industria\" \/>\n<meta property=\"article:publisher\" content=\"https:\/\/www.facebook.com\/tecnologiaparalaindustria\" \/>\n<meta property=\"article:modified_time\" content=\"2023-03-07T12:41:35+00:00\" \/>\n<meta property=\"og:image\" content=\"https:\/\/tecnologiaparalaindustria.com\/wp-content\/uploads\/2022\/11\/Ebooks.jpg\" \/>\n\t<meta property=\"og:image:width\" content=\"1200\" \/>\n\t<meta property=\"og:image:height\" content=\"628\" \/>\n\t<meta property=\"og:image:type\" content=\"image\/jpeg\" \/>\n<meta name=\"twitter:card\" content=\"summary_large_image\" \/>\n<meta name=\"twitter:label1\" content=\"Tempo estimado de leitura\" \/>\n\t<meta name=\"twitter:data1\" content=\"7 minutos\" \/>\n<script type=\"application\/ld+json\" class=\"yoast-schema-graph\">{\"@context\":\"https:\\\/\\\/schema.org\",\"@graph\":[{\"@type\":\"WebPage\",\"@id\":\"https:\\\/\\\/tecnologiaparalaindustria.com\\\/ebooks\\\/\",\"url\":\"https:\\\/\\\/tecnologiaparalaindustria.com\\\/ebooks\\\/\",\"name\":\"Ebooks y cat\u00e1logos t\u00e9cnicos para ingenieros y responsables de planta\",\"isPartOf\":{\"@id\":\"https:\\\/\\\/tecnologiaparalaindustria.com\\\/#website\"},\"primaryImageOfPage\":{\"@id\":\"https:\\\/\\\/tecnologiaparalaindustria.com\\\/ebooks\\\/#primaryimage\"},\"image\":{\"@id\":\"https:\\\/\\\/tecnologiaparalaindustria.com\\\/ebooks\\\/#primaryimage\"},\"thumbnailUrl\":\"https:\\\/\\\/tecnologiaparalaindustria.com\\\/wp-content\\\/uploads\\\/2022\\\/11\\\/Ebooks-jpg.webp\",\"datePublished\":\"2022-11-16T10:24:26+00:00\",\"dateModified\":\"2023-03-07T12:41:35+00:00\",\"description\":\"Colecci\u00f3n completa de Ebooks industriales y cat\u00e1logos t\u00e9cnicos sobre automatizaci\u00f3n, instrumentaci\u00f3n, maquinar\u00eda industrial, electr\u00f3nica, digital manufacturing, mantenimiento industrial y mucho m\u00e1s.\",\"breadcrumb\":{\"@id\":\"https:\\\/\\\/tecnologiaparalaindustria.com\\\/ebooks\\\/#breadcrumb\"},\"inLanguage\":\"pt-PT\",\"potentialAction\":[{\"@type\":\"ReadAction\",\"target\":[\"https:\\\/\\\/tecnologiaparalaindustria.com\\\/ebooks\\\/\"]}]},{\"@type\":\"ImageObject\",\"inLanguage\":\"pt-PT\",\"@id\":\"https:\\\/\\\/tecnologiaparalaindustria.com\\\/ebooks\\\/#primaryimage\",\"url\":\"https:\\\/\\\/tecnologiaparalaindustria.com\\\/wp-content\\\/uploads\\\/2022\\\/11\\\/Ebooks-jpg.webp\",\"contentUrl\":\"https:\\\/\\\/tecnologiaparalaindustria.com\\\/wp-content\\\/uploads\\\/2022\\\/11\\\/Ebooks-jpg.webp\",\"width\":1200,\"height\":628},{\"@type\":\"BreadcrumbList\",\"@id\":\"https:\\\/\\\/tecnologiaparalaindustria.com\\\/ebooks\\\/#breadcrumb\",\"itemListElement\":[{\"@type\":\"ListItem\",\"position\":1,\"name\":\"Home\",\"item\":\"https:\\\/\\\/tecnologiaparalaindustria.com\\\/\"},{\"@type\":\"ListItem\",\"position\":2,\"name\":\"Ebooks\"}]},{\"@type\":\"WebSite\",\"@id\":\"https:\\\/\\\/tecnologiaparalaindustria.com\\\/#website\",\"url\":\"https:\\\/\\\/tecnologiaparalaindustria.com\\\/\",\"name\":\"Tecnolog\u00eda para la Industria\",\"description\":\"Soluciones tecnol\u00f3gicas para plantas industriales\",\"publisher\":{\"@id\":\"https:\\\/\\\/tecnologiaparalaindustria.com\\\/#organization\"},\"potentialAction\":[{\"@type\":\"SearchAction\",\"target\":{\"@type\":\"EntryPoint\",\"urlTemplate\":\"https:\\\/\\\/tecnologiaparalaindustria.com\\\/?s={search_term_string}\"},\"query-input\":{\"@type\":\"PropertyValueSpecification\",\"valueRequired\":true,\"valueName\":\"search_term_string\"}}],\"inLanguage\":\"pt-PT\"},{\"@type\":\"Organization\",\"@id\":\"https:\\\/\\\/tecnologiaparalaindustria.com\\\/#organization\",\"name\":\"TPI - Tecnolog\u00eda para la Industria\",\"url\":\"https:\\\/\\\/tecnologiaparalaindustria.com\\\/\",\"logo\":{\"@type\":\"ImageObject\",\"inLanguage\":\"pt-PT\",\"@id\":\"https:\\\/\\\/tecnologiaparalaindustria.com\\\/#\\\/schema\\\/logo\\\/image\\\/\",\"url\":\"https:\\\/\\\/tecnologiaparalaindustria.com\\\/wp-content\\\/uploads\\\/2020\\\/08\\\/cropped-LOGO-FONDO-BLANCO.png\",\"contentUrl\":\"https:\\\/\\\/tecnologiaparalaindustria.com\\\/wp-content\\\/uploads\\\/2020\\\/08\\\/cropped-LOGO-FONDO-BLANCO.png\",\"width\":520,\"height\":289,\"caption\":\"TPI - Tecnolog\u00eda para la Industria\"},\"image\":{\"@id\":\"https:\\\/\\\/tecnologiaparalaindustria.com\\\/#\\\/schema\\\/logo\\\/image\\\/\"},\"sameAs\":[\"https:\\\/\\\/www.facebook.com\\\/tecnologiaparalaindustria\",\"https:\\\/\\\/www.instagram.com\\\/tecnologiaparalaindustria\\\/\"]}]}<\/script>\n<!-- \/ Yoast SEO plugin. -->","yoast_head_json":{"title":"Ebooks y cat\u00e1logos t\u00e9cnicos para ingenieros y responsables de planta","description":"Colecci\u00f3n completa de Ebooks industriales y cat\u00e1logos t\u00e9cnicos sobre automatizaci\u00f3n, instrumentaci\u00f3n, maquinar\u00eda industrial, electr\u00f3nica, digital manufacturing, mantenimiento industrial y mucho m\u00e1s.","robots":{"index":"index","follow":"follow","max-snippet":"max-snippet:-1","max-image-preview":"max-image-preview:large","max-video-preview":"max-video-preview:-1"},"canonical":"https:\/\/tecnologiaparalaindustria.com\/pt\/ebooks\/","og_locale":"pt_PT","og_type":"article","og_title":"Ebooks y cat\u00e1logos t\u00e9cnicos para ingenieros y responsables de planta","og_description":"Colecci\u00f3n completa de Ebooks industriales y cat\u00e1logos t\u00e9cnicos sobre automatizaci\u00f3n, instrumentaci\u00f3n, maquinar\u00eda industrial, electr\u00f3nica, digital manufacturing, mantenimiento industrial y mucho m\u00e1s.","og_url":"https:\/\/tecnologiaparalaindustria.com\/pt\/ebooks\/","og_site_name":"Tecnolog\u00eda para la Industria","article_publisher":"https:\/\/www.facebook.com\/tecnologiaparalaindustria","article_modified_time":"2023-03-07T12:41:35+00:00","og_image":[{"width":1200,"height":628,"url":"https:\/\/tecnologiaparalaindustria.com\/wp-content\/uploads\/2022\/11\/Ebooks.jpg","type":"image\/jpeg"}],"twitter_card":"summary_large_image","twitter_misc":{"Tempo estimado de leitura":"7 minutos"},"schema":{"@context":"https:\/\/schema.org","@graph":[{"@type":"WebPage","@id":"https:\/\/tecnologiaparalaindustria.com\/ebooks\/","url":"https:\/\/tecnologiaparalaindustria.com\/ebooks\/","name":"Ebooks y cat\u00e1logos t\u00e9cnicos para ingenieros y responsables de planta","isPartOf":{"@id":"https:\/\/tecnologiaparalaindustria.com\/#website"},"primaryImageOfPage":{"@id":"https:\/\/tecnologiaparalaindustria.com\/ebooks\/#primaryimage"},"image":{"@id":"https:\/\/tecnologiaparalaindustria.com\/ebooks\/#primaryimage"},"thumbnailUrl":"https:\/\/tecnologiaparalaindustria.com\/wp-content\/uploads\/2022\/11\/Ebooks-jpg.webp","datePublished":"2022-11-16T10:24:26+00:00","dateModified":"2023-03-07T12:41:35+00:00","description":"Colecci\u00f3n completa de Ebooks industriales y cat\u00e1logos t\u00e9cnicos sobre automatizaci\u00f3n, instrumentaci\u00f3n, maquinar\u00eda industrial, electr\u00f3nica, digital manufacturing, mantenimiento industrial y mucho m\u00e1s.","breadcrumb":{"@id":"https:\/\/tecnologiaparalaindustria.com\/ebooks\/#breadcrumb"},"inLanguage":"pt-PT","potentialAction":[{"@type":"ReadAction","target":["https:\/\/tecnologiaparalaindustria.com\/ebooks\/"]}]},{"@type":"ImageObject","inLanguage":"pt-PT","@id":"https:\/\/tecnologiaparalaindustria.com\/ebooks\/#primaryimage","url":"https:\/\/tecnologiaparalaindustria.com\/wp-content\/uploads\/2022\/11\/Ebooks-jpg.webp","contentUrl":"https:\/\/tecnologiaparalaindustria.com\/wp-content\/uploads\/2022\/11\/Ebooks-jpg.webp","width":1200,"height":628},{"@type":"BreadcrumbList","@id":"https:\/\/tecnologiaparalaindustria.com\/ebooks\/#breadcrumb","itemListElement":[{"@type":"ListItem","position":1,"name":"Home","item":"https:\/\/tecnologiaparalaindustria.com\/"},{"@type":"ListItem","position":2,"name":"Ebooks"}]},{"@type":"WebSite","@id":"https:\/\/tecnologiaparalaindustria.com\/#website","url":"https:\/\/tecnologiaparalaindustria.com\/","name":"Tecnologia para a ind\u00fastria","description":"Solu\u00e7\u00f5es tecnol\u00f3gicas para instala\u00e7\u00f5es industriais","publisher":{"@id":"https:\/\/tecnologiaparalaindustria.com\/#organization"},"potentialAction":[{"@type":"SearchAction","target":{"@type":"EntryPoint","urlTemplate":"https:\/\/tecnologiaparalaindustria.com\/?s={search_term_string}"},"query-input":{"@type":"PropertyValueSpecification","valueRequired":true,"valueName":"search_term_string"}}],"inLanguage":"pt-PT"},{"@type":"Organization","@id":"https:\/\/tecnologiaparalaindustria.com\/#organization","name":"TPI - Tecnologia para a Ind\u00fastria","url":"https:\/\/tecnologiaparalaindustria.com\/","logo":{"@type":"ImageObject","inLanguage":"pt-PT","@id":"https:\/\/tecnologiaparalaindustria.com\/#\/schema\/logo\/image\/","url":"https:\/\/tecnologiaparalaindustria.com\/wp-content\/uploads\/2020\/08\/cropped-LOGO-FONDO-BLANCO.png","contentUrl":"https:\/\/tecnologiaparalaindustria.com\/wp-content\/uploads\/2020\/08\/cropped-LOGO-FONDO-BLANCO.png","width":520,"height":289,"caption":"TPI - Tecnolog\u00eda para la Industria"},"image":{"@id":"https:\/\/tecnologiaparalaindustria.com\/#\/schema\/logo\/image\/"},"sameAs":["https:\/\/www.facebook.com\/tecnologiaparalaindustria","https:\/\/www.instagram.com\/tecnologiaparalaindustria\/"]}]}},"featured_image_src":"https:\/\/tecnologiaparalaindustria.com\/wp-content\/uploads\/2022\/11\/Ebooks-600x400.webp","featured_image_src_square":"https:\/\/tecnologiaparalaindustria.com\/wp-content\/uploads\/2022\/11\/Ebooks-600x600.webp","acf":[],"_links":{"self":[{"href":"https:\/\/tecnologiaparalaindustria.com\/pt\/wp-json\/wp\/v2\/pages\/27588","targetHints":{"allow":["GET"]}}],"collection":[{"href":"https:\/\/tecnologiaparalaindustria.com\/pt\/wp-json\/wp\/v2\/pages"}],"about":[{"href":"https:\/\/tecnologiaparalaindustria.com\/pt\/wp-json\/wp\/v2\/types\/page"}],"author":[{"embeddable":true,"href":"https:\/\/tecnologiaparalaindustria.com\/pt\/wp-json\/wp\/v2\/users\/2"}],"replies":[{"embeddable":true,"href":"https:\/\/tecnologiaparalaindustria.com\/pt\/wp-json\/wp\/v2\/comments?post=27588"}],"version-history":[{"count":0,"href":"https:\/\/tecnologiaparalaindustria.com\/pt\/wp-json\/wp\/v2\/pages\/27588\/revisions"}],"wp:featuredmedia":[{"embeddable":true,"href":"https:\/\/tecnologiaparalaindustria.com\/pt\/wp-json\/wp\/v2\/media\/27592"}],"wp:attachment":[{"href":"https:\/\/tecnologiaparalaindustria.com\/pt\/wp-json\/wp\/v2\/media?parent=27588"}],"curies":[{"name":"wp","href":"https:\/\/api.w.org\/{rel}","templated":true}]}}