{"id":603,"date":"2019-02-20T11:45:35","date_gmt":"2019-02-20T11:45:35","guid":{"rendered":"http:\/\/tecnologiavao.wpengine.com\/?page_id=603"},"modified":"2022-11-16T10:44:05","modified_gmt":"2022-11-16T10:44:05","slug":"newsletter","status":"publish","type":"page","link":"https:\/\/tecnologiaparalaindustria.com\/pt\/newsletter\/","title":{"rendered":"Boletim informativo"},"content":{"rendered":"<p><span style=\"width: 100%;\"><img loading=\"lazy\" decoding=\"async\" style=\"width: 100%;\" title=\"TECNOLOGIA PARA A IND\u00daSTRIA\" src=\"\/\/tecnologiavao.wpengine.com\/wp-content\/uploads\/2019\/02\/TECNOLOGIA-PARA-LA-INDUSTRIA.png\" alt=\"TECNOLOGIA PARA A IND\u00daSTRIA\" width=\"227\" height=\"88\" data-id=\"493\" \/><\/span><\/p>\n<h1 style=\"text-align: center;\"><strong>O boletim informativo mais completo sobre as novas tecnologias industriais\u00a0<\/strong><\/h1>\n<p style=\"text-align: left;\">Receber\u00e1 na sua caixa de correio actualiza\u00e7\u00f5es sobre novas tecnologias industriais, inova\u00e7\u00f5es no fabrico, tend\u00eancias em automa\u00e7\u00e3o e equipamento para a ind\u00fastria:<\/p>\n<ul>\n<li>1Artigos t\u00e9cnicos especializados sobre Rob\u00f3tica, Motores, Compressores de ar, Centrais el\u00e9ctricas, Manuseamento de fluidos e muito mais.<\/li>\n<li>2Vai ficar a conhecer o equipamento, as tecnologias e o software mais avan\u00e7ados atualmente dispon\u00edveis no sector.<\/li>\n<li>3Novas tecnologias e tend\u00eancias na manuten\u00e7\u00e3o industrial preditiva, preventiva e corretiva que ajudam a aumentar a disponibilidade de m\u00e1quinas, processos e instala\u00e7\u00f5es.<\/li>\n<li>4Informa\u00e7\u00f5es e experi\u00eancias na utiliza\u00e7\u00e3o de tecnologias para instrumenta\u00e7\u00e3o, controlo e automa\u00e7\u00e3o de processos industriais atrav\u00e9s de sensores, aut\u00f3matos, software, pneum\u00e1tica, hidr\u00e1ulica e outros.<\/li>\n<li>5Tecnologias e aplica\u00e7\u00f5es AVAC, sistemas de refrigera\u00e7\u00e3o, aquecimento, efici\u00eancia energ\u00e9ticaRelat\u00f3rios sectoriais e estat\u00edsticas sobre a implementa\u00e7\u00e3o da melhoria cont\u00ednua.<\/li>\n<\/ul>\n<p style=\"text-align: center;\">Subscreva agora preenchendo o formul\u00e1rio e comece a aplicar as melhores pr\u00e1ticas, ferramentas e tecnologias para otimizar f\u00e1bricas, instala\u00e7\u00f5es e processos industriais no seu trabalho di\u00e1rio.<\/p>\n<p style=\"text-align: center;\">\u00a9 COPYRIGHT 2019 Tecnologia para a Ind\u00fastria | Todos os direitos reservados | Desenvolvido por <a href=\"\/\/www.ventasdealtooctanaje.com\/\" target=\"_blank\" rel=\"noopener noreferrer\">Vendas de alta octanagem<\/a><\/p>\n<p style=\"text-align: center;\"><a href=\"https:\/\/tecnologiaparalaindustria.com\/pt\/aviso-legal\/\" target=\"_blank\" rel=\"noopener noreferrer\">Aviso legal<\/a>\u00a0 I \u00a0<a href=\"https:\/\/tecnologiaparalaindustria.com\/pt\/politica-de-privacidad-y-cookies\/\" target=\"_blank\" rel=\"noopener noreferrer\">Pol\u00edtica de privacidade<\/a>\u00a0 I \u00a0<a href=\"https:\/\/tecnologiaparalaindustria.com\/pt\/politica-de-privacidad-y-cookies\/\" target=\"_blank\" rel=\"noopener noreferrer\">Pol\u00edtica de cookies<\/a> \u00a0I<\/p>","protected":false},"excerpt":{"rendered":"<p>Newsletter m\u00e1s completo sobre nuevas tecnolog\u00edas industriales\u00a0 Recibir\u00e1s en tu bandeja de correo informaci\u00f3n actualizada sobre las nuevas tecnolog\u00edas industriales, innovaciones en fabricaci\u00f3n, tendencias en automatizaci\u00f3n y equipos para la &hellip;<\/p>","protected":false},"author":2,"featured_media":0,"parent":0,"menu_order":0,"comment_status":"closed","ping_status":"closed","template":"","meta":{"_acf_changed":false,"_genesis_hide_title":false,"_genesis_hide_breadcrumbs":false,"_genesis_hide_singular_image":false,"_genesis_hide_footer_widgets":false,"_genesis_custom_body_class":"","_genesis_custom_post_class":"","_genesis_layout":"","footnotes":""},"class_list":["page","type-page","entry"],"yoast_head":"<!-- This site is optimized with the Yoast SEO plugin v27.3 - https:\/\/yoast.com\/product\/yoast-seo-wordpress\/ -->\n<title>Newsletter - Tecnolog\u00eda para la Industria<\/title>\n<meta name=\"robots\" content=\"index, follow, max-snippet:-1, max-image-preview:large, max-video-preview:-1\" \/>\n<link rel=\"canonical\" href=\"https:\/\/tecnologiaparalaindustria.com\/pt\/newsletter\/\" \/>\n<meta property=\"og:locale\" content=\"pt_PT\" \/>\n<meta property=\"og:type\" content=\"article\" \/>\n<meta property=\"og:title\" content=\"Newsletter - Tecnolog\u00eda para la Industria\" \/>\n<meta property=\"og:description\" content=\"Newsletter m\u00e1s completo sobre nuevas tecnolog\u00edas industriales\u00a0 Recibir\u00e1s en tu bandeja de correo informaci\u00f3n actualizada sobre las nuevas tecnolog\u00edas industriales, innovaciones en fabricaci\u00f3n, tendencias en automatizaci\u00f3n y equipos para la &hellip;\" \/>\n<meta property=\"og:url\" content=\"https:\/\/tecnologiaparalaindustria.com\/pt\/newsletter\/\" \/>\n<meta property=\"og:site_name\" content=\"Tecnolog\u00eda para la Industria\" \/>\n<meta property=\"article:publisher\" content=\"https:\/\/www.facebook.com\/tecnologiaparalaindustria\" \/>\n<meta property=\"article:modified_time\" content=\"2022-11-16T10:44:05+00:00\" \/>\n<meta name=\"twitter:card\" content=\"summary_large_image\" \/>\n<meta name=\"twitter:label1\" content=\"Tempo estimado de leitura\" \/>\n\t<meta name=\"twitter:data1\" content=\"2 minutos\" \/>\n<script type=\"application\/ld+json\" class=\"yoast-schema-graph\">{\"@context\":\"https:\\\/\\\/schema.org\",\"@graph\":[{\"@type\":\"WebPage\",\"@id\":\"https:\\\/\\\/tecnologiaparalaindustria.com\\\/newsletter\\\/\",\"url\":\"https:\\\/\\\/tecnologiaparalaindustria.com\\\/newsletter\\\/\",\"name\":\"Newsletter - Tecnolog\u00eda para la Industria\",\"isPartOf\":{\"@id\":\"https:\\\/\\\/tecnologiaparalaindustria.com\\\/#website\"},\"datePublished\":\"2019-02-20T11:45:35+00:00\",\"dateModified\":\"2022-11-16T10:44:05+00:00\",\"breadcrumb\":{\"@id\":\"https:\\\/\\\/tecnologiaparalaindustria.com\\\/newsletter\\\/#breadcrumb\"},\"inLanguage\":\"pt-PT\",\"potentialAction\":[{\"@type\":\"ReadAction\",\"target\":[\"https:\\\/\\\/tecnologiaparalaindustria.com\\\/newsletter\\\/\"]}]},{\"@type\":\"BreadcrumbList\",\"@id\":\"https:\\\/\\\/tecnologiaparalaindustria.com\\\/newsletter\\\/#breadcrumb\",\"itemListElement\":[{\"@type\":\"ListItem\",\"position\":1,\"name\":\"Home\",\"item\":\"https:\\\/\\\/tecnologiaparalaindustria.com\\\/\"},{\"@type\":\"ListItem\",\"position\":2,\"name\":\"Newsletter\"}]},{\"@type\":\"WebSite\",\"@id\":\"https:\\\/\\\/tecnologiaparalaindustria.com\\\/#website\",\"url\":\"https:\\\/\\\/tecnologiaparalaindustria.com\\\/\",\"name\":\"Tecnolog\u00eda para la Industria\",\"description\":\"Soluciones tecnol\u00f3gicas para plantas industriales\",\"publisher\":{\"@id\":\"https:\\\/\\\/tecnologiaparalaindustria.com\\\/#organization\"},\"potentialAction\":[{\"@type\":\"SearchAction\",\"target\":{\"@type\":\"EntryPoint\",\"urlTemplate\":\"https:\\\/\\\/tecnologiaparalaindustria.com\\\/?s={search_term_string}\"},\"query-input\":{\"@type\":\"PropertyValueSpecification\",\"valueRequired\":true,\"valueName\":\"search_term_string\"}}],\"inLanguage\":\"pt-PT\"},{\"@type\":\"Organization\",\"@id\":\"https:\\\/\\\/tecnologiaparalaindustria.com\\\/#organization\",\"name\":\"TPI - Tecnolog\u00eda para la Industria\",\"url\":\"https:\\\/\\\/tecnologiaparalaindustria.com\\\/\",\"logo\":{\"@type\":\"ImageObject\",\"inLanguage\":\"pt-PT\",\"@id\":\"https:\\\/\\\/tecnologiaparalaindustria.com\\\/#\\\/schema\\\/logo\\\/image\\\/\",\"url\":\"https:\\\/\\\/tecnologiaparalaindustria.com\\\/wp-content\\\/uploads\\\/2020\\\/08\\\/cropped-LOGO-FONDO-BLANCO.png\",\"contentUrl\":\"https:\\\/\\\/tecnologiaparalaindustria.com\\\/wp-content\\\/uploads\\\/2020\\\/08\\\/cropped-LOGO-FONDO-BLANCO.png\",\"width\":520,\"height\":289,\"caption\":\"TPI - Tecnolog\u00eda para la Industria\"},\"image\":{\"@id\":\"https:\\\/\\\/tecnologiaparalaindustria.com\\\/#\\\/schema\\\/logo\\\/image\\\/\"},\"sameAs\":[\"https:\\\/\\\/www.facebook.com\\\/tecnologiaparalaindustria\",\"https:\\\/\\\/www.instagram.com\\\/tecnologiaparalaindustria\\\/\"]}]}<\/script>\n<!-- \/ Yoast SEO plugin. -->","yoast_head_json":{"title":"Newsletter - Tecnolog\u00eda para la Industria","robots":{"index":"index","follow":"follow","max-snippet":"max-snippet:-1","max-image-preview":"max-image-preview:large","max-video-preview":"max-video-preview:-1"},"canonical":"https:\/\/tecnologiaparalaindustria.com\/pt\/newsletter\/","og_locale":"pt_PT","og_type":"article","og_title":"Newsletter - Tecnolog\u00eda para la Industria","og_description":"Newsletter m\u00e1s completo sobre nuevas tecnolog\u00edas industriales\u00a0 Recibir\u00e1s en tu bandeja de correo informaci\u00f3n actualizada sobre las nuevas tecnolog\u00edas industriales, innovaciones en fabricaci\u00f3n, tendencias en automatizaci\u00f3n y equipos para la &hellip;","og_url":"https:\/\/tecnologiaparalaindustria.com\/pt\/newsletter\/","og_site_name":"Tecnolog\u00eda para la Industria","article_publisher":"https:\/\/www.facebook.com\/tecnologiaparalaindustria","article_modified_time":"2022-11-16T10:44:05+00:00","twitter_card":"summary_large_image","twitter_misc":{"Tempo estimado de leitura":"2 minutos"},"schema":{"@context":"https:\/\/schema.org","@graph":[{"@type":"WebPage","@id":"https:\/\/tecnologiaparalaindustria.com\/newsletter\/","url":"https:\/\/tecnologiaparalaindustria.com\/newsletter\/","name":"Newsletter - Tecnolog\u00eda para la Industria","isPartOf":{"@id":"https:\/\/tecnologiaparalaindustria.com\/#website"},"datePublished":"2019-02-20T11:45:35+00:00","dateModified":"2022-11-16T10:44:05+00:00","breadcrumb":{"@id":"https:\/\/tecnologiaparalaindustria.com\/newsletter\/#breadcrumb"},"inLanguage":"pt-PT","potentialAction":[{"@type":"ReadAction","target":["https:\/\/tecnologiaparalaindustria.com\/newsletter\/"]}]},{"@type":"BreadcrumbList","@id":"https:\/\/tecnologiaparalaindustria.com\/newsletter\/#breadcrumb","itemListElement":[{"@type":"ListItem","position":1,"name":"Home","item":"https:\/\/tecnologiaparalaindustria.com\/"},{"@type":"ListItem","position":2,"name":"Newsletter"}]},{"@type":"WebSite","@id":"https:\/\/tecnologiaparalaindustria.com\/#website","url":"https:\/\/tecnologiaparalaindustria.com\/","name":"Tecnologia para a ind\u00fastria","description":"Solu\u00e7\u00f5es tecnol\u00f3gicas para instala\u00e7\u00f5es industriais","publisher":{"@id":"https:\/\/tecnologiaparalaindustria.com\/#organization"},"potentialAction":[{"@type":"SearchAction","target":{"@type":"EntryPoint","urlTemplate":"https:\/\/tecnologiaparalaindustria.com\/?s={search_term_string}"},"query-input":{"@type":"PropertyValueSpecification","valueRequired":true,"valueName":"search_term_string"}}],"inLanguage":"pt-PT"},{"@type":"Organization","@id":"https:\/\/tecnologiaparalaindustria.com\/#organization","name":"TPI - Tecnologia para a Ind\u00fastria","url":"https:\/\/tecnologiaparalaindustria.com\/","logo":{"@type":"ImageObject","inLanguage":"pt-PT","@id":"https:\/\/tecnologiaparalaindustria.com\/#\/schema\/logo\/image\/","url":"https:\/\/tecnologiaparalaindustria.com\/wp-content\/uploads\/2020\/08\/cropped-LOGO-FONDO-BLANCO.png","contentUrl":"https:\/\/tecnologiaparalaindustria.com\/wp-content\/uploads\/2020\/08\/cropped-LOGO-FONDO-BLANCO.png","width":520,"height":289,"caption":"TPI - Tecnolog\u00eda para la Industria"},"image":{"@id":"https:\/\/tecnologiaparalaindustria.com\/#\/schema\/logo\/image\/"},"sameAs":["https:\/\/www.facebook.com\/tecnologiaparalaindustria","https:\/\/www.instagram.com\/tecnologiaparalaindustria\/"]}]}},"featured_image_src":null,"featured_image_src_square":null,"acf":[],"_links":{"self":[{"href":"https:\/\/tecnologiaparalaindustria.com\/pt\/wp-json\/wp\/v2\/pages\/603","targetHints":{"allow":["GET"]}}],"collection":[{"href":"https:\/\/tecnologiaparalaindustria.com\/pt\/wp-json\/wp\/v2\/pages"}],"about":[{"href":"https:\/\/tecnologiaparalaindustria.com\/pt\/wp-json\/wp\/v2\/types\/page"}],"author":[{"embeddable":true,"href":"https:\/\/tecnologiaparalaindustria.com\/pt\/wp-json\/wp\/v2\/users\/2"}],"replies":[{"embeddable":true,"href":"https:\/\/tecnologiaparalaindustria.com\/pt\/wp-json\/wp\/v2\/comments?post=603"}],"version-history":[{"count":0,"href":"https:\/\/tecnologiaparalaindustria.com\/pt\/wp-json\/wp\/v2\/pages\/603\/revisions"}],"wp:attachment":[{"href":"https:\/\/tecnologiaparalaindustria.com\/pt\/wp-json\/wp\/v2\/media?parent=603"}],"curies":[{"name":"wp","href":"https:\/\/api.w.org\/{rel}","templated":true}]}}